{"id":41666,"date":"2022-03-14T10:03:30","date_gmt":"2022-03-14T10:03:30","guid":{"rendered":"https:\/\/www.headshop.nl\/?post_type=product&#038;p=41666"},"modified":"2025-05-23T09:46:38","modified_gmt":"2025-05-23T09:46:38","slug":"elements-king-size-slim-thin","status":"publish","type":"product","link":"https:\/\/www.headshop.nl\/es\/elements-king-size-slim-thin\/","title":{"rendered":"Elements King Size Delgado Delgado"},"content":{"rendered":"<h2>Elements Arroz fino Rolling Papers<\/h2>\n<p>Con miles de a\u00f1os de experiencia, la humanidad puede hacer papel de casi cualquier material. Los consumibles para fumadores Elements toman esta experiencia de la humanidad y la aplican en la fabricaci\u00f3n de su papel de liar de calidad. Por eso sus papeles de liar de origen org\u00e1nico tienen tantos fans en todo el mundo. Pru\u00e9balo, estamos seguros de que te gustar\u00e1.<\/p>","protected":false},"excerpt":{"rendered":"<p>Los amantes del papel de liar fino, \u00a1al\u00e9grense! Hecho de arroz, este papel es uno de los m\u00e1s finos que se pueden encontrar en el mercado. Con ese tama\u00f1o tan fino que a todo el mundo le encanta, al liar estos papeles obtendr\u00e1s un porro de combusti\u00f3n lenta y una experiencia de fumada incre\u00edble.<\/p>","protected":false},"featured_media":45090,"template":"","meta":[],"product_brand":[],"product_cat":[421,297,414,446,802],"product_tag":[],"class_list":{"0":"post-41666","1":"product","2":"type-product","3":"status-publish","4":"has-post-thumbnail","6":"product_cat-rolling-papers","7":"product_cat-all-products","8":"product_cat-headshop","9":"product_cat-papers","10":"product_cat-slim-size","11":"product_shipping_class-creditcard-on","13":"first","14":"instock","15":"taxable","16":"shipping-taxable","17":"purchasable","18":"product-type-variable","19":"has-default-attributes"},"_links":{"self":[{"href":"https:\/\/www.headshop.nl\/es\/wp-json\/wp\/v2\/product\/41666","targetHints":{"allow":["GET"]}}],"collection":[{"href":"https:\/\/www.headshop.nl\/es\/wp-json\/wp\/v2\/product"}],"about":[{"href":"https:\/\/www.headshop.nl\/es\/wp-json\/wp\/v2\/types\/product"}],"wp:featuredmedia":[{"embeddable":true,"href":"https:\/\/www.headshop.nl\/es\/wp-json\/wp\/v2\/media\/45090"}],"wp:attachment":[{"href":"https:\/\/www.headshop.nl\/es\/wp-json\/wp\/v2\/media?parent=41666"}],"wp:term":[{"taxonomy":"product_brand","embeddable":true,"href":"https:\/\/www.headshop.nl\/es\/wp-json\/wp\/v2\/product_brand?post=41666"},{"taxonomy":"product_cat","embeddable":true,"href":"https:\/\/www.headshop.nl\/es\/wp-json\/wp\/v2\/product_cat?post=41666"},{"taxonomy":"product_tag","embeddable":true,"href":"https:\/\/www.headshop.nl\/es\/wp-json\/wp\/v2\/product_tag?post=41666"}],"curies":[{"name":"wp","href":"https:\/\/api.w.org\/{rel}","templated":true}]}}