{"id":41665,"date":"2022-03-14T10:03:29","date_gmt":"2022-03-14T10:03:29","guid":{"rendered":"https:\/\/www.headshop.nl\/?post_type=product&#038;p=41665"},"modified":"2025-05-23T09:46:55","modified_gmt":"2025-05-23T09:46:55","slug":"elements-king-size-thin","status":"publish","type":"product","link":"https:\/\/www.headshop.nl\/es\/elements-king-size-thin\/","title":{"rendered":"Elements King Size Delgado"},"content":{"rendered":"<h2>Elements Delgado Rolling Papers<\/h2>\n<p>Con miles de a\u00f1os de experiencia, la humanidad puede hacer papel de casi cualquier material. Los consumibles para fumadores Elements toman esta experiencia de la humanidad y la aplican en la fabricaci\u00f3n de su papel de liar de calidad. Por eso sus papeles de liar de origen org\u00e1nico tienen tantos fans en todo el mundo. Pru\u00e9balo, estamos seguros de que te gustar\u00e1.<\/p>","protected":false},"excerpt":{"rendered":"<p>\u00a1Papeles de liar tama\u00f1o King size hechos de arroz que resultar\u00e1n en una experiencia de combusti\u00f3n lenta! Esa es una de las razones por las que la mayor\u00eda de los amantes del papel fino eligen elementos, saben c\u00f3mo utilizar materiales org\u00e1nicos de la manera correcta para conseguir ese papel ideal que te alegra la cara al fumar tu porro.<\/p>","protected":false},"featured_media":45120,"template":"","meta":[],"product_brand":[],"product_cat":[421,297,414,801,446],"product_tag":[],"class_list":{"0":"post-41665","1":"product","2":"type-product","3":"status-publish","4":"has-post-thumbnail","6":"product_cat-rolling-papers","7":"product_cat-all-products","8":"product_cat-headshop","9":"product_cat-king-size","10":"product_cat-papers","11":"product_shipping_class-creditcard-on","13":"first","14":"instock","15":"taxable","16":"shipping-taxable","17":"purchasable","18":"product-type-variable","19":"has-default-attributes"},"_links":{"self":[{"href":"https:\/\/www.headshop.nl\/es\/wp-json\/wp\/v2\/product\/41665","targetHints":{"allow":["GET"]}}],"collection":[{"href":"https:\/\/www.headshop.nl\/es\/wp-json\/wp\/v2\/product"}],"about":[{"href":"https:\/\/www.headshop.nl\/es\/wp-json\/wp\/v2\/types\/product"}],"wp:featuredmedia":[{"embeddable":true,"href":"https:\/\/www.headshop.nl\/es\/wp-json\/wp\/v2\/media\/45120"}],"wp:attachment":[{"href":"https:\/\/www.headshop.nl\/es\/wp-json\/wp\/v2\/media?parent=41665"}],"wp:term":[{"taxonomy":"product_brand","embeddable":true,"href":"https:\/\/www.headshop.nl\/es\/wp-json\/wp\/v2\/product_brand?post=41665"},{"taxonomy":"product_cat","embeddable":true,"href":"https:\/\/www.headshop.nl\/es\/wp-json\/wp\/v2\/product_cat?post=41665"},{"taxonomy":"product_tag","embeddable":true,"href":"https:\/\/www.headshop.nl\/es\/wp-json\/wp\/v2\/product_tag?post=41665"}],"curies":[{"name":"wp","href":"https:\/\/api.w.org\/{rel}","templated":true}]}}