{"id":41656,"date":"2022-03-14T10:03:21","date_gmt":"2022-03-14T10:03:21","guid":{"rendered":"https:\/\/www.headshop.nl\/?post_type=product&#038;p=41656"},"modified":"2025-05-23T09:47:47","modified_gmt":"2025-05-23T09:47:47","slug":"raw-organic-hemp-king-size-slim-rolling-papers","status":"publish","type":"product","link":"https:\/\/www.headshop.nl\/es\/raw-organic-hemp-king-size-slim-rolling-papers\/","title":{"rendered":"Raw C\u00e1\u00f1amo org\u00e1nico King Size Slim Rolling Papers"},"content":{"rendered":"<h2>Raw Org\u00e1nico Hemp Papers<\/h2>\n<p>La l\u00ednea de productos de c\u00e1\u00f1amo org\u00e1nico Raw tiene que ver con esa sensaci\u00f3n de humo de cannabis totalmente natural que se produce cuando utilizas papel de liar de c\u00e1\u00f1amo para liar tus porros. Nada combina mejor con el sabor de la hierba que... \u00a1la hierba misma! Los papeles de liar de c\u00e1\u00f1amo son una forma ecol\u00f3gica y sin refinar de liar tus porros.<\/p>\n<h2>Raw Smoking Suministros<\/h2>\n<p>Raw es conocida por su suministro de aut\u00e9ntica alta calidad de fumar que es amado por millones de fumadores en todo el mundo. Raw es una de las marcas de papel de fumar m\u00e1s reconocidas en las que se puede confiar con el papel de fumar m\u00e1s org\u00e1nico, natural y de mayor calidad.<\/p>","protected":false},"excerpt":{"rendered":"<p>\u00bfBusca el papel de c\u00e1\u00f1amo king size de mayor calidad? No busques m\u00e1s, \u00a1el Raw te cubre! Papel de liar de tama\u00f1o Classic y materiales naturales de la m\u00e1s alta calidad que puedas imaginar. Nada quema mejor y m\u00e1s suave que un papel de liar king size de calidad Raw.<\/p>","protected":false},"featured_media":43336,"template":"","meta":[],"product_brand":[],"product_cat":[421,297,414,791,801,446,771],"product_tag":[],"class_list":{"0":"post-41656","1":"product","2":"type-product","3":"status-publish","4":"has-post-thumbnail","6":"product_cat-rolling-papers","7":"product_cat-all-products","8":"product_cat-headshop","9":"product_cat-hemp-papers","10":"product_cat-king-size","11":"product_cat-papers","12":"product_cat-raw","13":"product_shipping_class-creditcard-on","15":"first","16":"instock","17":"taxable","18":"shipping-taxable","19":"purchasable","20":"product-type-variable","21":"has-default-attributes"},"_links":{"self":[{"href":"https:\/\/www.headshop.nl\/es\/wp-json\/wp\/v2\/product\/41656","targetHints":{"allow":["GET"]}}],"collection":[{"href":"https:\/\/www.headshop.nl\/es\/wp-json\/wp\/v2\/product"}],"about":[{"href":"https:\/\/www.headshop.nl\/es\/wp-json\/wp\/v2\/types\/product"}],"wp:featuredmedia":[{"embeddable":true,"href":"https:\/\/www.headshop.nl\/es\/wp-json\/wp\/v2\/media\/43336"}],"wp:attachment":[{"href":"https:\/\/www.headshop.nl\/es\/wp-json\/wp\/v2\/media?parent=41656"}],"wp:term":[{"taxonomy":"product_brand","embeddable":true,"href":"https:\/\/www.headshop.nl\/es\/wp-json\/wp\/v2\/product_brand?post=41656"},{"taxonomy":"product_cat","embeddable":true,"href":"https:\/\/www.headshop.nl\/es\/wp-json\/wp\/v2\/product_cat?post=41656"},{"taxonomy":"product_tag","embeddable":true,"href":"https:\/\/www.headshop.nl\/es\/wp-json\/wp\/v2\/product_tag?post=41656"}],"curies":[{"name":"wp","href":"https:\/\/api.w.org\/{rel}","templated":true}]}}