{"id":41642,"date":"2022-03-14T10:03:18","date_gmt":"2022-03-14T10:03:18","guid":{"rendered":"https:\/\/www.headshop.nl\/?post_type=product&#038;p=41642"},"modified":"2025-05-23T09:50:26","modified_gmt":"2025-05-23T09:50:26","slug":"tattoo-movie-flipbook-tips","status":"publish","type":"product","link":"https:\/\/www.headshop.nl\/es\/tattoo-movie-flipbook-tips\/","title":{"rendered":"Tatuaje Pel\u00edcula Flipbook Tips"},"content":{"rendered":"<h2>Rolling Tips<\/h2>\n<p>Hubo un tiempo en que enroll\u00e1bamos porros mientras hac\u00edamos propinas con tarjetas de visita, revistas y cualquier papel resistente que cayera en nuestras manos. Esa \u00e9poca ya pas\u00f3. Cualquier fumador deber\u00eda utilizar ahora el invento m\u00e1s sencillo y genial, el librillo de filtros de puntas. Simplemente arranca una punta, enr\u00f3llala y \u00fasala para tu porro. Desp\u00eddete de usar accidentalmente esa importante tarjeta de visita para unos cuantos porros. \u00a1Diga hola a las puntas de tama\u00f1o perfecto y robustez hechas especialmente para liar porros!<\/p>","protected":false},"excerpt":{"rendered":"<p>Estos consejos no s\u00f3lo son perfectos para liar porros, sino tambi\u00e9n para iniciar una conversaci\u00f3n con tus colegas. \u00bfPor qu\u00e9? Porque este folleto es tambi\u00e9n una peque\u00f1a pel\u00edcula flipbook. Si hojeas el cuaderno r\u00e1pidamente, ver\u00e1s una peque\u00f1a animaci\u00f3n en la que cada punta tiene un dise\u00f1o diferente que forma la secuencia de la peque\u00f1a pel\u00edcula.<\/p>","protected":false},"featured_media":44871,"template":"","meta":[],"product_brand":[],"product_cat":[445,297,414,421],"product_tag":[],"class_list":{"0":"post-41642","1":"product","2":"type-product","3":"status-publish","4":"has-post-thumbnail","6":"product_cat-rolling-tips","7":"product_cat-all-products","8":"product_cat-headshop","9":"product_cat-rolling-papers","10":"product_shipping_class-creditcard-on","12":"first","13":"instock","14":"taxable","15":"shipping-taxable","16":"purchasable","17":"product-type-variable","18":"has-default-attributes"},"_links":{"self":[{"href":"https:\/\/www.headshop.nl\/es\/wp-json\/wp\/v2\/product\/41642","targetHints":{"allow":["GET"]}}],"collection":[{"href":"https:\/\/www.headshop.nl\/es\/wp-json\/wp\/v2\/product"}],"about":[{"href":"https:\/\/www.headshop.nl\/es\/wp-json\/wp\/v2\/types\/product"}],"wp:featuredmedia":[{"embeddable":true,"href":"https:\/\/www.headshop.nl\/es\/wp-json\/wp\/v2\/media\/44871"}],"wp:attachment":[{"href":"https:\/\/www.headshop.nl\/es\/wp-json\/wp\/v2\/media?parent=41642"}],"wp:term":[{"taxonomy":"product_brand","embeddable":true,"href":"https:\/\/www.headshop.nl\/es\/wp-json\/wp\/v2\/product_brand?post=41642"},{"taxonomy":"product_cat","embeddable":true,"href":"https:\/\/www.headshop.nl\/es\/wp-json\/wp\/v2\/product_cat?post=41642"},{"taxonomy":"product_tag","embeddable":true,"href":"https:\/\/www.headshop.nl\/es\/wp-json\/wp\/v2\/product_tag?post=41642"}],"curies":[{"name":"wp","href":"https:\/\/api.w.org\/{rel}","templated":true}]}}