{"id":41633,"date":"2022-03-14T10:03:09","date_gmt":"2022-03-14T10:03:09","guid":{"rendered":"https:\/\/www.headshop.nl\/?post_type=product&#038;p=41633"},"modified":"2025-05-23T09:52:26","modified_gmt":"2025-05-23T09:52:26","slug":"cyclones-hemp-wonderberry-blunt-cones","status":"publish","type":"product","link":"https:\/\/www.headshop.nl\/es\/cyclones-hemp-wonderberry-blunt-cones\/","title":{"rendered":"Cyclones C\u00e1\u00f1amo Wonderberry Blunt Cones"},"content":{"rendered":"<h2>C\u00e1\u00f1amo Blunt Cones<\/h2>\n<p>Aunque utilizar una hoja de tabaco para liar un canuto de la vieja escuela sigue siendo elegante, puedes disfrutar de una experiencia a\u00fan mejor si utilizas envoltorios para canutos hechos con plantas de cannabis. Y como estos envoltorios vienen en conos, ni siquiera tienes que esforzarte para liarlos. A\u00f1ade tu hierba y \u00a1f\u00famatela!<\/p>","protected":false},"excerpt":{"rendered":"<p>Todos sabemos que lo m\u00e1s molesto de liar un canuto... \u00a1es la parte de liarlo! \u00bfPor qu\u00e9 no utilizar un cono preenrollado fabricado con c\u00e1\u00f1amo org\u00e1nico y con una bonita punta de madera? S\u00f3lo tienes que meter la hierba y fumarla. As\u00ed de sencillo. La experiencia de fumar un canuto de combusti\u00f3n lenta sin tener que liarlo.<\/p>","protected":false},"featured_media":44984,"template":"","meta":[],"product_brand":[],"product_cat":[483,297,443,414,444,421],"product_tag":[],"class_list":{"0":"post-41633","1":"product","2":"type-product","3":"status-publish","4":"has-post-thumbnail","6":"product_cat-cones","7":"product_cat-all-products","8":"product_cat-blunts","9":"product_cat-headshop","10":"product_cat-hemp-wraps","11":"product_cat-rolling-papers","12":"product_shipping_class-creditcard-on","14":"first","15":"instock","16":"taxable","17":"shipping-taxable","18":"purchasable","19":"product-type-variable","20":"has-default-attributes"},"_links":{"self":[{"href":"https:\/\/www.headshop.nl\/es\/wp-json\/wp\/v2\/product\/41633","targetHints":{"allow":["GET"]}}],"collection":[{"href":"https:\/\/www.headshop.nl\/es\/wp-json\/wp\/v2\/product"}],"about":[{"href":"https:\/\/www.headshop.nl\/es\/wp-json\/wp\/v2\/types\/product"}],"wp:featuredmedia":[{"embeddable":true,"href":"https:\/\/www.headshop.nl\/es\/wp-json\/wp\/v2\/media\/44984"}],"wp:attachment":[{"href":"https:\/\/www.headshop.nl\/es\/wp-json\/wp\/v2\/media?parent=41633"}],"wp:term":[{"taxonomy":"product_brand","embeddable":true,"href":"https:\/\/www.headshop.nl\/es\/wp-json\/wp\/v2\/product_brand?post=41633"},{"taxonomy":"product_cat","embeddable":true,"href":"https:\/\/www.headshop.nl\/es\/wp-json\/wp\/v2\/product_cat?post=41633"},{"taxonomy":"product_tag","embeddable":true,"href":"https:\/\/www.headshop.nl\/es\/wp-json\/wp\/v2\/product_tag?post=41633"}],"curies":[{"name":"wp","href":"https:\/\/api.w.org\/{rel}","templated":true}]}}