{"id":41626,"date":"2022-03-14T10:03:08","date_gmt":"2022-03-14T10:03:08","guid":{"rendered":"https:\/\/www.headshop.nl\/?post_type=product&#038;p=41626"},"modified":"2025-05-23T09:52:35","modified_gmt":"2025-05-23T09:52:35","slug":"ocb-premium-slim-with-tips","status":"publish","type":"product","link":"https:\/\/www.headshop.nl\/es\/ocb-premium-slim-with-tips\/","title":{"rendered":"OCB Premium Slim con Tips"},"content":{"rendered":"<h2>OCB Papel de liar<\/h2>\n<p>Aunque es una marca de papel de liar muy popular en algunos pa\u00edses, no mucha gente conoce el papel de liar OCB de Francia. Es una pena, porque cuando se trata de la calidad del papel y de lo buena que es su goma de mascar, no hay muchos productos de la misma calidad. Merece la pena probarlo si siempre te falta o te sobra goma de mascar. Estos papeles te lo solucionar\u00e1n autom\u00e1ticamente.<\/p>","protected":false},"excerpt":{"rendered":"<p>Si eres un fan de los rollos OCB o simplemente no est\u00e1s contento con la calidad de tu papel de liar, \u00a1esto es algo que deber\u00edas probar primero! Uno de los papeles de grado m\u00e1s fino de Francia con una de las gomas m\u00e1s fiables del mercado. Todo ello combinado con algunos consejos y la mejor experiencia de fumar de tu vida. De verdad, \u00a1pru\u00e9balo!<\/p>","protected":false},"featured_media":45009,"template":"","meta":[],"product_brand":[],"product_cat":[421,297,414,447],"product_tag":[],"class_list":{"0":"post-41626","1":"product","2":"type-product","3":"status-publish","4":"has-post-thumbnail","6":"product_cat-rolling-papers","7":"product_cat-all-products","8":"product_cat-headshop","9":"product_cat-papers-with-tips","10":"product_shipping_class-creditcard-on","12":"first","13":"instock","14":"taxable","15":"shipping-taxable","16":"purchasable","17":"product-type-variable","18":"has-default-attributes"},"_links":{"self":[{"href":"https:\/\/www.headshop.nl\/es\/wp-json\/wp\/v2\/product\/41626","targetHints":{"allow":["GET"]}}],"collection":[{"href":"https:\/\/www.headshop.nl\/es\/wp-json\/wp\/v2\/product"}],"about":[{"href":"https:\/\/www.headshop.nl\/es\/wp-json\/wp\/v2\/types\/product"}],"wp:featuredmedia":[{"embeddable":true,"href":"https:\/\/www.headshop.nl\/es\/wp-json\/wp\/v2\/media\/45009"}],"wp:attachment":[{"href":"https:\/\/www.headshop.nl\/es\/wp-json\/wp\/v2\/media?parent=41626"}],"wp:term":[{"taxonomy":"product_brand","embeddable":true,"href":"https:\/\/www.headshop.nl\/es\/wp-json\/wp\/v2\/product_brand?post=41626"},{"taxonomy":"product_cat","embeddable":true,"href":"https:\/\/www.headshop.nl\/es\/wp-json\/wp\/v2\/product_cat?post=41626"},{"taxonomy":"product_tag","embeddable":true,"href":"https:\/\/www.headshop.nl\/es\/wp-json\/wp\/v2\/product_tag?post=41626"}],"curies":[{"name":"wp","href":"https:\/\/api.w.org\/{rel}","templated":true}]}}