{"id":41589,"date":"2022-03-14T10:02:52","date_gmt":"2022-03-14T10:02:52","guid":{"rendered":"https:\/\/www.headshop.nl\/?post_type=product&#038;p=41589"},"modified":"2025-05-23T09:58:16","modified_gmt":"2025-05-23T09:58:16","slug":"blueberry-prerolled-juicy-jones-cone","status":"publish","type":"product","link":"https:\/\/www.headshop.nl\/es\/blueberry-prerolled-juicy-jones-cone\/","title":{"rendered":"Blueberry Prerolled Juicy Jones Cone"},"content":{"rendered":"<h2>Juicy Jay's Joint Cones<\/h2>\n<p>Juicy Jay's o simplemente, Juicy es una de esas marcas de papel de liar que amas u odias. Su colecci\u00f3n de papel de liar es \u00fanica debido al hecho de que todos los papeles Juicy vienen con un sabor y un dise\u00f1o colorido. Cualquier sabor que puedas imaginar, \u00a1lo tienen!<\/p>\n<p>Esto hace que liar porros con papeles aromatizados sea una actividad excitante porque el papel que elijas afectar\u00e1 al sabor y al olor de tu porro. Elige tu sabor favorito y f\u00famate tus porros con estilo.<\/p>","protected":false},"excerpt":{"rendered":"<p>\u00bfUn porro con sabor a ar\u00e1ndanos? \u00a1Cuenta conmigo! Este cono hace que sea f\u00e1cil liar un porro de ar\u00e1ndanos super sabroso. Est\u00e1 preenrollado, as\u00ed que lo \u00fanico que tienes que hacer es a\u00f1adir un poco de hierba y fum\u00e1rtelo. Tu porro no s\u00f3lo tendr\u00e1 un aspecto genial, sino que tambi\u00e9n sabr\u00e1 y oler\u00e1 a ar\u00e1ndanos. \u00a1Sabroso!<\/p>","protected":false},"featured_media":45428,"template":"","meta":[],"product_brand":[],"product_cat":[483,297,809,414,421],"product_tag":[],"class_list":{"0":"post-41589","1":"product","2":"type-product","3":"status-publish","4":"has-post-thumbnail","6":"product_cat-cones","7":"product_cat-all-products","8":"product_cat-flavored-papers","9":"product_cat-headshop","10":"product_cat-rolling-papers","11":"product_shipping_class-creditcard-on","13":"first","14":"instock","15":"taxable","16":"shipping-taxable","17":"purchasable","18":"product-type-variable","19":"has-default-attributes"},"_links":{"self":[{"href":"https:\/\/www.headshop.nl\/es\/wp-json\/wp\/v2\/product\/41589","targetHints":{"allow":["GET"]}}],"collection":[{"href":"https:\/\/www.headshop.nl\/es\/wp-json\/wp\/v2\/product"}],"about":[{"href":"https:\/\/www.headshop.nl\/es\/wp-json\/wp\/v2\/types\/product"}],"wp:featuredmedia":[{"embeddable":true,"href":"https:\/\/www.headshop.nl\/es\/wp-json\/wp\/v2\/media\/45428"}],"wp:attachment":[{"href":"https:\/\/www.headshop.nl\/es\/wp-json\/wp\/v2\/media?parent=41589"}],"wp:term":[{"taxonomy":"product_brand","embeddable":true,"href":"https:\/\/www.headshop.nl\/es\/wp-json\/wp\/v2\/product_brand?post=41589"},{"taxonomy":"product_cat","embeddable":true,"href":"https:\/\/www.headshop.nl\/es\/wp-json\/wp\/v2\/product_cat?post=41589"},{"taxonomy":"product_tag","embeddable":true,"href":"https:\/\/www.headshop.nl\/es\/wp-json\/wp\/v2\/product_tag?post=41589"}],"curies":[{"name":"wp","href":"https:\/\/api.w.org\/{rel}","templated":true}]}}