{"id":41588,"date":"2022-03-14T10:02:52","date_gmt":"2022-03-14T10:02:52","guid":{"rendered":"https:\/\/www.headshop.nl\/?post_type=product&#038;p=41588"},"modified":"2025-05-23T09:57:23","modified_gmt":"2025-05-23T09:57:23","slug":"raw-artesano-king-size-slim","status":"publish","type":"product","link":"https:\/\/www.headshop.nl\/es\/raw-artesano-king-size-slim\/","title":{"rendered":"Raw Artesano King Size Slim"},"content":{"rendered":"<h2>BRUTO Classic Rolling Papers<\/h2>\n<p>\u00a1Raw classic ofrece productos que cada fumador amar\u00e1 y disfrutar\u00e1! \u00a1Todos los papeles de liar RAW est\u00e1n hechos de materiales org\u00e1nicos, todo es sin blanquear, y nada es tratado con productos qu\u00edmicos, es por eso que cualquier experiencia de fumar RAW se siente puro y el sabor es incre\u00edble! Todos los papeles de fumar Classic RAW y otros productos para fumar son amados por millones de personas y ser\u00e1n amados por cualquier fumador que los pruebe.<\/p>\n<h2>Raw Smoking Suministros<\/h2>\n<p>Raw es conocida por su suministro de aut\u00e9ntica alta calidad de fumar que es amado por millones de fumadores de todo el mundo. Raw es una de las marcas de papel de fumar m\u00e1s reconocidas en la que se puede confiar con el papel de fumar m\u00e1s org\u00e1nico, natural y de mayor calidad. \u00a1Los mejores suministros que puede encontrar como fumador!<\/p>","protected":false},"excerpt":{"rendered":"<p>Este es el pack definitivo para cualquier fumeta. Papeles finos, puntas y bandeja para liar, todo en un solo paquete que puedes llevar encima. Tiene todo lo que necesitas para liarte un porro de calidad sobre la marcha. Esta bandeja de papel es pr\u00e1ctica para mezclar o moler tu hierba, y las puntas de liar hacen que sea m\u00e1s f\u00e1cil liar ese porro perfecto que tanto deseas.<\/p>","protected":false},"featured_media":43629,"template":"","meta":[],"product_brand":[],"product_cat":[421,297,414,801,447,771],"product_tag":[],"class_list":{"0":"post-41588","1":"product","2":"type-product","3":"status-publish","4":"has-post-thumbnail","6":"product_cat-rolling-papers","7":"product_cat-all-products","8":"product_cat-headshop","9":"product_cat-king-size","10":"product_cat-papers-with-tips","11":"product_cat-raw","12":"product_shipping_class-creditcard-on","14":"first","15":"instock","16":"taxable","17":"shipping-taxable","18":"purchasable","19":"product-type-variable","20":"has-default-attributes"},"_links":{"self":[{"href":"https:\/\/www.headshop.nl\/es\/wp-json\/wp\/v2\/product\/41588","targetHints":{"allow":["GET"]}}],"collection":[{"href":"https:\/\/www.headshop.nl\/es\/wp-json\/wp\/v2\/product"}],"about":[{"href":"https:\/\/www.headshop.nl\/es\/wp-json\/wp\/v2\/types\/product"}],"wp:featuredmedia":[{"embeddable":true,"href":"https:\/\/www.headshop.nl\/es\/wp-json\/wp\/v2\/media\/43629"}],"wp:attachment":[{"href":"https:\/\/www.headshop.nl\/es\/wp-json\/wp\/v2\/media?parent=41588"}],"wp:term":[{"taxonomy":"product_brand","embeddable":true,"href":"https:\/\/www.headshop.nl\/es\/wp-json\/wp\/v2\/product_brand?post=41588"},{"taxonomy":"product_cat","embeddable":true,"href":"https:\/\/www.headshop.nl\/es\/wp-json\/wp\/v2\/product_cat?post=41588"},{"taxonomy":"product_tag","embeddable":true,"href":"https:\/\/www.headshop.nl\/es\/wp-json\/wp\/v2\/product_tag?post=41588"}],"curies":[{"name":"wp","href":"https:\/\/api.w.org\/{rel}","templated":true}]}}