{"id":41576,"date":"2022-03-14T10:02:50","date_gmt":"2022-03-14T10:02:50","guid":{"rendered":"https:\/\/www.headshop.nl\/?post_type=product&#038;p=41576"},"modified":"2025-05-23T09:59:56","modified_gmt":"2025-05-23T09:59:56","slug":"actitube-activated-charcoal-slim-filter-tip","status":"publish","type":"product","link":"https:\/\/www.headshop.nl\/es\/actitube-activated-charcoal-slim-filter-tip\/","title":{"rendered":"Punta de carb\u00f3n activado ActiTube Slim Filter"},"content":{"rendered":"<h2>ActiTube Carb\u00f3n activado Filters<\/h2>\n<p>\u00a1El ingenio alem\u00e1n se une a la experiencia de fumar hierba de m\u00e1s calidad de tu vida! ActiTube facilita la vida del fumador utilizando carb\u00f3n activado para filtrar cada humo, calada y calada que fumas. Estos filtros hacen que tu experiencia de fumar sea m\u00e1s limpia sin eliminar nada bueno ni reducir los efectos. Cuanto m\u00e1s conozcas lo que pueden hacer estas peque\u00f1as puntas especiales para porros, \u00a1m\u00e1s querr\u00e1s usarlas s\u00f3lo para todos y cada uno de tus porros!<\/p>","protected":false},"excerpt":{"rendered":"<p>Perfectas para porros finos, estas puntas contienen carb\u00f3n activo que filtrar\u00e1 cada calada que des. Esto significa que fumar no s\u00f3lo har\u00e1 menos da\u00f1o, sino que cada calada sabr\u00e1 mejor que nunca. Tenga cuidado, la mayor\u00eda de los fumadores que las prueban, nunca vuelven atr\u00e1s. Se siente mucho mejor y m\u00e1s racional usar estas puntas en lugar de una simple punta de papel.<\/p>","protected":false},"featured_media":44945,"template":"","meta":[],"product_brand":[],"product_cat":[445,297,414,421],"product_tag":[],"class_list":{"0":"post-41576","1":"product","2":"type-product","3":"status-publish","4":"has-post-thumbnail","6":"product_cat-rolling-tips","7":"product_cat-all-products","8":"product_cat-headshop","9":"product_cat-rolling-papers","10":"product_shipping_class-creditcard-on","12":"first","13":"instock","14":"taxable","15":"shipping-taxable","16":"purchasable","17":"product-type-variable","18":"has-default-attributes"},"_links":{"self":[{"href":"https:\/\/www.headshop.nl\/es\/wp-json\/wp\/v2\/product\/41576","targetHints":{"allow":["GET"]}}],"collection":[{"href":"https:\/\/www.headshop.nl\/es\/wp-json\/wp\/v2\/product"}],"about":[{"href":"https:\/\/www.headshop.nl\/es\/wp-json\/wp\/v2\/types\/product"}],"wp:featuredmedia":[{"embeddable":true,"href":"https:\/\/www.headshop.nl\/es\/wp-json\/wp\/v2\/media\/44945"}],"wp:attachment":[{"href":"https:\/\/www.headshop.nl\/es\/wp-json\/wp\/v2\/media?parent=41576"}],"wp:term":[{"taxonomy":"product_brand","embeddable":true,"href":"https:\/\/www.headshop.nl\/es\/wp-json\/wp\/v2\/product_brand?post=41576"},{"taxonomy":"product_cat","embeddable":true,"href":"https:\/\/www.headshop.nl\/es\/wp-json\/wp\/v2\/product_cat?post=41576"},{"taxonomy":"product_tag","embeddable":true,"href":"https:\/\/www.headshop.nl\/es\/wp-json\/wp\/v2\/product_tag?post=41576"}],"curies":[{"name":"wp","href":"https:\/\/api.w.org\/{rel}","templated":true}]}}