{"id":41575,"date":"2022-03-14T10:02:49","date_gmt":"2022-03-14T10:02:49","guid":{"rendered":"https:\/\/www.headshop.nl\/?post_type=product&#038;p=41575"},"modified":"2025-05-23T10:00:36","modified_gmt":"2025-05-23T10:00:36","slug":"raw-rolls-3m","status":"publish","type":"product","link":"https:\/\/www.headshop.nl\/es\/raw-rolls-3m\/","title":{"rendered":"Raw Rolls 3m"},"content":{"rendered":"<h2>Raw Rolls<\/h2>\n<p>Raw produce papel de alta calidad a partir de los mejores materiales que pueda imaginar. Esto hace que el papel de liar Raw sea uno de los mejores productos de papel de liar en el mercado. Nada supera a un porro de alta calidad enrollado a partir de un rollo Raw.<\/p>\n<h2>Raw Smoking Suministros<\/h2>\n<p>Raw es conocida por su suministro de aut\u00e9ntica alta calidad de fumar que es amado por millones de fumadores en todo el mundo. Raw es una de las marcas de papel de fumar m\u00e1s reconocidas en las que se puede confiar con el papel de fumar m\u00e1s org\u00e1nico, natural y de mayor calidad.<\/p>","protected":false},"excerpt":{"rendered":"<p>\u00bfEl mejor paquete de 3 metros de papel de liar de calidad? Este es el mejor. Sin blanquear y sin refinar, este papel de liar es todo lo que necesitas para un porro de combusti\u00f3n lenta y uniforme. La mejor calidad es lo que hace Raw, \u00a1y este rollo de papel de liar no es una excepci\u00f3n!<\/p>","protected":false},"featured_media":43310,"template":"","meta":[],"product_brand":[],"product_cat":[421,297,414,446,771,803],"product_tag":[],"class_list":{"0":"post-41575","1":"product","2":"type-product","3":"status-publish","4":"has-post-thumbnail","6":"product_cat-rolling-papers","7":"product_cat-all-products","8":"product_cat-headshop","9":"product_cat-papers","10":"product_cat-raw","11":"product_cat-rolls","12":"product_shipping_class-creditcard-on","14":"first","15":"instock","16":"taxable","17":"shipping-taxable","18":"purchasable","19":"product-type-variable","20":"has-default-attributes"},"_links":{"self":[{"href":"https:\/\/www.headshop.nl\/es\/wp-json\/wp\/v2\/product\/41575","targetHints":{"allow":["GET"]}}],"collection":[{"href":"https:\/\/www.headshop.nl\/es\/wp-json\/wp\/v2\/product"}],"about":[{"href":"https:\/\/www.headshop.nl\/es\/wp-json\/wp\/v2\/types\/product"}],"wp:featuredmedia":[{"embeddable":true,"href":"https:\/\/www.headshop.nl\/es\/wp-json\/wp\/v2\/media\/43310"}],"wp:attachment":[{"href":"https:\/\/www.headshop.nl\/es\/wp-json\/wp\/v2\/media?parent=41575"}],"wp:term":[{"taxonomy":"product_brand","embeddable":true,"href":"https:\/\/www.headshop.nl\/es\/wp-json\/wp\/v2\/product_brand?post=41575"},{"taxonomy":"product_cat","embeddable":true,"href":"https:\/\/www.headshop.nl\/es\/wp-json\/wp\/v2\/product_cat?post=41575"},{"taxonomy":"product_tag","embeddable":true,"href":"https:\/\/www.headshop.nl\/es\/wp-json\/wp\/v2\/product_tag?post=41575"}],"curies":[{"name":"wp","href":"https:\/\/api.w.org\/{rel}","templated":true}]}}