{"id":41571,"date":"2022-03-14T10:02:42","date_gmt":"2022-03-14T10:02:42","guid":{"rendered":"https:\/\/www.headshop.nl\/?post_type=product&#038;p=41571"},"modified":"2025-05-23T10:00:54","modified_gmt":"2025-05-23T10:00:54","slug":"raw-maestro-cone-tips","status":"publish","type":"product","link":"https:\/\/www.headshop.nl\/es\/raw-maestro-cone-tips\/","title":{"rendered":"Raw Maestro Cone Tips"},"content":{"rendered":"<h2>Raw Tips para Smoking<\/h2>\n<p>Raw produce papel de fumar de la m\u00e1s alta calidad, por eso tambi\u00e9n es una gran idea combinar su papel con puntas de liar de calidad. Todas las puntas de liar de Raw son sin refinar y hay diferentes fant\u00e1sticos paquetes de puntas para elegir. Desde perforados a prerollados, de 100 tip book a 480 tip book. \u00a1Cada fumador encontrar\u00e1 lo que necesita!<\/p>\n<h2>Raw Smoking Suministros<\/h2>\n<p>Raw es conocida por su suministro de aut\u00e9ntica alta calidad de fumar que es amado por millones de fumadores de todo el mundo. Raw es una de las marcas de papel de fumar m\u00e1s reconocidas en la que se puede confiar con el papel de fumar m\u00e1s org\u00e1nico, natural y de mayor calidad.<\/p>","protected":false},"excerpt":{"rendered":"<p>\u00bfLe gusta enrollar porros gordos? Una simple punta no te servir\u00e1, \u00a1pero esta te permitir\u00e1 liar tus porros tan gordos como necesites! \u00a1Estas puntas de liar vienen en una forma especial, por lo que cada punta tendr\u00e1 un extremo m\u00e1s grueso y m\u00e1s delgado, lo que significa que puede rodar grandes articulaciones de grasa que se fuma muy bien!<\/p>","protected":false},"featured_media":43489,"template":"","meta":[],"product_brand":[],"product_cat":[445,297,414,771,421],"product_tag":[],"class_list":{"0":"post-41571","1":"product","2":"type-product","3":"status-publish","4":"has-post-thumbnail","6":"product_cat-rolling-tips","7":"product_cat-all-products","8":"product_cat-headshop","9":"product_cat-raw","10":"product_cat-rolling-papers","11":"product_shipping_class-creditcard-on","13":"first","14":"instock","15":"taxable","16":"shipping-taxable","17":"purchasable","18":"product-type-variable","19":"has-default-attributes"},"_links":{"self":[{"href":"https:\/\/www.headshop.nl\/es\/wp-json\/wp\/v2\/product\/41571","targetHints":{"allow":["GET"]}}],"collection":[{"href":"https:\/\/www.headshop.nl\/es\/wp-json\/wp\/v2\/product"}],"about":[{"href":"https:\/\/www.headshop.nl\/es\/wp-json\/wp\/v2\/types\/product"}],"wp:featuredmedia":[{"embeddable":true,"href":"https:\/\/www.headshop.nl\/es\/wp-json\/wp\/v2\/media\/43489"}],"wp:attachment":[{"href":"https:\/\/www.headshop.nl\/es\/wp-json\/wp\/v2\/media?parent=41571"}],"wp:term":[{"taxonomy":"product_brand","embeddable":true,"href":"https:\/\/www.headshop.nl\/es\/wp-json\/wp\/v2\/product_brand?post=41571"},{"taxonomy":"product_cat","embeddable":true,"href":"https:\/\/www.headshop.nl\/es\/wp-json\/wp\/v2\/product_cat?post=41571"},{"taxonomy":"product_tag","embeddable":true,"href":"https:\/\/www.headshop.nl\/es\/wp-json\/wp\/v2\/product_tag?post=41571"}],"curies":[{"name":"wp","href":"https:\/\/api.w.org\/{rel}","templated":true}]}}