{"id":41567,"date":"2022-03-14T10:02:41","date_gmt":"2022-03-14T10:02:41","guid":{"rendered":"https:\/\/www.headshop.nl\/?post_type=product&#038;p=41567"},"modified":"2024-09-17T11:01:17","modified_gmt":"2024-09-17T11:01:17","slug":"bubblegum-flavored-rolls","status":"publish","type":"product","link":"https:\/\/www.headshop.nl\/es\/bubblegum-flavored-rolls\/","title":{"rendered":"Con sabor a chicle Rolls"},"content":{"rendered":"<h2>Juicy Jay's Rolls<\/h2>\n<p>Juicy Jay's o simplemente, Juicy es una de esas marcas de papel de liar que amas u odias. Su colecci\u00f3n de papel de liar es \u00fanica debido al hecho de que todos los papeles Juicy vienen con un sabor y un dise\u00f1o colorido. Cualquier sabor que puedas imaginar, \u00a1lo tienen!<\/p>\n<p>Esto hace que liar porros con papeles aromatizados sea una actividad excitante porque el papel que elijas afectar\u00e1 al sabor y al olor de tu porro. Elige tu sabor favorito y f\u00famate tus porros con estilo.<\/p>","protected":false},"excerpt":{"rendered":"<p>\u00a1Sorprende a tus amigos llevando a la fiesta un porro con sabor a chicle! Estos rollos hacen que cualquier porro sepa a chicle y vienen con un descarado dise\u00f1o rosa. Nada de magia, simplemente coge un papel, enrolla tu porro y disfruta del olor y el sabor a chicle.<\/p>","protected":false},"featured_media":45455,"template":"","meta":[],"product_brand":[],"product_cat":[297,793,809,414,421,803],"product_tag":[],"class_list":{"0":"post-41567","1":"product","2":"type-product","3":"status-publish","4":"has-post-thumbnail","6":"product_cat-all-products","7":"product_cat-color-papers","8":"product_cat-flavored-papers","9":"product_cat-headshop","10":"product_cat-rolling-papers","11":"product_cat-rolls","12":"product_shipping_class-creditcard-on","14":"first","15":"instock","16":"taxable","17":"shipping-taxable","18":"purchasable","19":"product-type-variable","20":"has-default-attributes"},"_links":{"self":[{"href":"https:\/\/www.headshop.nl\/es\/wp-json\/wp\/v2\/product\/41567","targetHints":{"allow":["GET"]}}],"collection":[{"href":"https:\/\/www.headshop.nl\/es\/wp-json\/wp\/v2\/product"}],"about":[{"href":"https:\/\/www.headshop.nl\/es\/wp-json\/wp\/v2\/types\/product"}],"wp:featuredmedia":[{"embeddable":true,"href":"https:\/\/www.headshop.nl\/es\/wp-json\/wp\/v2\/media\/45455"}],"wp:attachment":[{"href":"https:\/\/www.headshop.nl\/es\/wp-json\/wp\/v2\/media?parent=41567"}],"wp:term":[{"taxonomy":"product_brand","embeddable":true,"href":"https:\/\/www.headshop.nl\/es\/wp-json\/wp\/v2\/product_brand?post=41567"},{"taxonomy":"product_cat","embeddable":true,"href":"https:\/\/www.headshop.nl\/es\/wp-json\/wp\/v2\/product_cat?post=41567"},{"taxonomy":"product_tag","embeddable":true,"href":"https:\/\/www.headshop.nl\/es\/wp-json\/wp\/v2\/product_tag?post=41567"}],"curies":[{"name":"wp","href":"https:\/\/api.w.org\/{rel}","templated":true}]}}