{"id":41549,"date":"2022-03-14T10:02:37","date_gmt":"2022-03-14T10:02:37","guid":{"rendered":"https:\/\/www.headshop.nl\/?post_type=product&#038;p=41549"},"modified":"2024-12-09T07:38:28","modified_gmt":"2024-12-09T07:38:28","slug":"tropical-passion-flavored-hemp-wraps","status":"publish","type":"product","link":"https:\/\/www.headshop.nl\/es\/tropical-passion-flavored-hemp-wraps\/","title":{"rendered":"Sabor Pasi\u00f3n Tropical Hemp Wraps"},"content":{"rendered":"<h2>Juicy Jay's Rolling Papers<\/h2>\n<p>Juicy Jay's o simplemente, Juicy es una de esas marcas de papel de liar que amas u odias. Su colecci\u00f3n de papel de liar es \u00fanica debido al hecho de que todos los papeles Juicy vienen con un sabor y un dise\u00f1o colorido. Cualquier sabor que puedas imaginar, \u00a1lo tienen!<\/p>\n<p>Esto hace que liar porros con papeles aromatizados sea una actividad excitante porque el papel que elijas afectar\u00e1 al sabor y al olor de tu porro. Elige tu sabor favorito y f\u00famate tus porros con estilo.<\/p>","protected":false},"excerpt":{"rendered":"<p>Este es un canuto que te llevar\u00e1 a los tr\u00f3picos. Y ni siquiera es un blunt, porque no se ha hecho con tabaco. Hecho de puro c\u00e1\u00f1amo org\u00e1nico, estas envolturas de c\u00e1\u00f1amo saben a frutas tropicales y har\u00e1n que su experiencia de fumar sea incre\u00edble. \u00a1Espera una combusti\u00f3n lenta y un sabor de locura!<\/p>","protected":false},"featured_media":45634,"template":"","meta":[],"product_brand":[],"product_cat":[297,443,414,444,421],"product_tag":[],"class_list":{"0":"post-41549","1":"product","2":"type-product","3":"status-publish","4":"has-post-thumbnail","6":"product_cat-all-products","7":"product_cat-blunts","8":"product_cat-headshop","9":"product_cat-hemp-wraps","10":"product_cat-rolling-papers","11":"product_shipping_class-creditcard-on","13":"first","14":"instock","15":"taxable","16":"shipping-taxable","17":"purchasable","18":"product-type-variable","19":"has-default-attributes"},"_links":{"self":[{"href":"https:\/\/www.headshop.nl\/es\/wp-json\/wp\/v2\/product\/41549","targetHints":{"allow":["GET"]}}],"collection":[{"href":"https:\/\/www.headshop.nl\/es\/wp-json\/wp\/v2\/product"}],"about":[{"href":"https:\/\/www.headshop.nl\/es\/wp-json\/wp\/v2\/types\/product"}],"wp:featuredmedia":[{"embeddable":true,"href":"https:\/\/www.headshop.nl\/es\/wp-json\/wp\/v2\/media\/45634"}],"wp:attachment":[{"href":"https:\/\/www.headshop.nl\/es\/wp-json\/wp\/v2\/media?parent=41549"}],"wp:term":[{"taxonomy":"product_brand","embeddable":true,"href":"https:\/\/www.headshop.nl\/es\/wp-json\/wp\/v2\/product_brand?post=41549"},{"taxonomy":"product_cat","embeddable":true,"href":"https:\/\/www.headshop.nl\/es\/wp-json\/wp\/v2\/product_cat?post=41549"},{"taxonomy":"product_tag","embeddable":true,"href":"https:\/\/www.headshop.nl\/es\/wp-json\/wp\/v2\/product_tag?post=41549"}],"curies":[{"name":"wp","href":"https:\/\/api.w.org\/{rel}","templated":true}]}}