{"id":41545,"date":"2022-03-14T10:02:36","date_gmt":"2022-03-14T10:02:36","guid":{"rendered":"https:\/\/www.headshop.nl\/?post_type=product&#038;p=41545"},"modified":"2025-02-03T08:10:08","modified_gmt":"2025-02-03T08:10:08","slug":"mangonpapaya-flavored-hemp-wraps","status":"publish","type":"product","link":"https:\/\/www.headshop.nl\/es\/mangonpapaya-flavored-hemp-wraps\/","title":{"rendered":"Sabor Mango'n'Papaya Hemp Wraps"},"content":{"rendered":"<h2>Juicy Jay's Hemp Wraps<\/h2>\n<p>Juicy Jay's o simplemente, Juicy es una de esas marcas de papel de liar que amas u odias. Su colecci\u00f3n de papel de liar es \u00fanica debido al hecho de que todos los papeles Juicy vienen con un sabor y un dise\u00f1o colorido. Cualquier sabor que puedas imaginar, \u00a1lo tienen!<\/p>\n<p>Esto hace que liar porros con papeles aromatizados sea una actividad excitante porque el papel que elijas afectar\u00e1 al sabor y al olor de tu porro. Elige tu sabor favorito y f\u00famate tus porros con estilo.<\/p>","protected":false},"excerpt":{"rendered":"<p>El canuto m\u00e1s dulce que existe, \u00a1y ni siquiera es un canuto! Es una envoltura de c\u00e1\u00f1amo, lo que significa que est\u00e1 hecho de c\u00e1\u00f1amo org\u00e1nico. Esto significa que tu blunt tendr\u00e1 un sabor extremadamente agradable y que no estar\u00e1s fumando tabaco. Tendr\u00e1s la misma experiencia de combusti\u00f3n lenta que con un canuto normal, pero con mejor sabor y aroma.<\/p>","protected":false},"featured_media":45625,"template":"","meta":[],"product_brand":[],"product_cat":[297,443,414,444,421],"product_tag":[],"class_list":{"0":"post-41545","1":"product","2":"type-product","3":"status-publish","4":"has-post-thumbnail","6":"product_cat-all-products","7":"product_cat-blunts","8":"product_cat-headshop","9":"product_cat-hemp-wraps","10":"product_cat-rolling-papers","11":"product_shipping_class-creditcard-on","13":"first","14":"instock","15":"taxable","16":"shipping-taxable","17":"purchasable","18":"product-type-variable","19":"has-default-attributes"},"_links":{"self":[{"href":"https:\/\/www.headshop.nl\/es\/wp-json\/wp\/v2\/product\/41545","targetHints":{"allow":["GET"]}}],"collection":[{"href":"https:\/\/www.headshop.nl\/es\/wp-json\/wp\/v2\/product"}],"about":[{"href":"https:\/\/www.headshop.nl\/es\/wp-json\/wp\/v2\/types\/product"}],"wp:featuredmedia":[{"embeddable":true,"href":"https:\/\/www.headshop.nl\/es\/wp-json\/wp\/v2\/media\/45625"}],"wp:attachment":[{"href":"https:\/\/www.headshop.nl\/es\/wp-json\/wp\/v2\/media?parent=41545"}],"wp:term":[{"taxonomy":"product_brand","embeddable":true,"href":"https:\/\/www.headshop.nl\/es\/wp-json\/wp\/v2\/product_brand?post=41545"},{"taxonomy":"product_cat","embeddable":true,"href":"https:\/\/www.headshop.nl\/es\/wp-json\/wp\/v2\/product_cat?post=41545"},{"taxonomy":"product_tag","embeddable":true,"href":"https:\/\/www.headshop.nl\/es\/wp-json\/wp\/v2\/product_tag?post=41545"}],"curies":[{"name":"wp","href":"https:\/\/api.w.org\/{rel}","templated":true}]}}