{"id":40192,"date":"2022-01-04T08:33:33","date_gmt":"2022-01-04T08:33:33","guid":{"rendered":"https:\/\/www.headshop.nl\/?post_type=product&#038;p=40192"},"modified":"2024-09-17T11:01:45","modified_gmt":"2024-09-17T11:01:45","slug":"rasta-cannabis-leaf-big-rolling-tray","status":"publish","type":"product","link":"https:\/\/www.headshop.nl\/es\/rasta-cannabis-leaf-big-rolling-tray\/","title":{"rendered":"Rasta Hoja de Cannabis Grande Rolling Tray"},"content":{"rendered":"<h2>\u00bfQu\u00e9 es una bandeja de laminaci\u00f3n?<\/h2>\n<p>Una bandeja de liar es una herramienta perfecta para los fumadores diarios y, en general, para los fumadores que ensucian toda la casa. Ya sabes de lo que estamos hablando: trozos de papel de liar, peque\u00f1as motas de hierba o tabaco, puntas y todos los dem\u00e1s \"restos de liar\".<\/p>\n<p>Reg\u00e1late una bandeja de liar y resolver\u00e1s dos problemas al mismo tiempo: podr\u00e1s liar directamente dentro o encima de tu bandeja de liar. Tambi\u00e9n podr\u00e1s poner tus papeles de liar, puntas, grinder, cajas de alijo y todos los dem\u00e1s suministros para fumar dentro de la bandeja. Luego, simplemente gu\u00e1rdelos all\u00ed hasta que los vuelva a necesitar.<\/p>\n<p>Esta bandeja para fumar es imprescindible porque los porros de liar implican muchos suministros diferentes para fumar. Con una bandeja de liar, los mantendr\u00e1s en un solo lugar, adem\u00e1s, tendr\u00e1s menos desorden alrededor de la casa al liar encima de tu bandeja de liar.<\/p>\n<h2>Diferentes tama\u00f1os de bandeja<\/h2>\n<p>Hay dos tama\u00f1os principales de bandeja: peque\u00f1a y grande. Elige la peque\u00f1a si l\u00edas porros peque\u00f1os solo y te consideras un liador ordenado. Elige la grande si tambi\u00e9n l\u00edas porros para tus amigos o simplemente te consideras un liador desordenado en general. En teor\u00eda, siempre recomendamos una bandeja de liar grande para todo el mundo, pero si\u00e9ntete libre de elegir una bandeja de liar peque\u00f1a si crees que una bandeja peque\u00f1a es suficiente.<\/p>","protected":false},"excerpt":{"rendered":"<p>Bandeja de liar grande con una colorida bandera africana rastafari y un dise\u00f1o de hojas de cannabis negras? \u00a1Se acab\u00f3 el desorden y el polvo de hierba por toda la casa! Mantenga sus esfuerzos de liar menos sucios con una bandeja especial para liar porros. Esta bandeja de liar est\u00e1 hecha de metal ligero y cubierta con un revestimiento non-stick. Disfrute de una experiencia de liado mejor y menos sucia. Tambi\u00e9n es el lugar perfecto para guardar todos tus materiales de liado en un solo sitio.<\/p>","protected":false},"featured_media":40285,"template":"","meta":[],"product_brand":[],"product_cat":[297,414,416],"product_tag":[],"class_list":{"0":"post-40192","1":"product","2":"type-product","3":"status-publish","4":"has-post-thumbnail","6":"product_cat-all-products","7":"product_cat-headshop","8":"product_cat-rolling-trays","9":"product_shipping_class-creditcard-on","11":"first","12":"instock","13":"taxable","14":"shipping-taxable","15":"purchasable","16":"product-type-variable","17":"has-default-attributes"},"_links":{"self":[{"href":"https:\/\/www.headshop.nl\/es\/wp-json\/wp\/v2\/product\/40192","targetHints":{"allow":["GET"]}}],"collection":[{"href":"https:\/\/www.headshop.nl\/es\/wp-json\/wp\/v2\/product"}],"about":[{"href":"https:\/\/www.headshop.nl\/es\/wp-json\/wp\/v2\/types\/product"}],"wp:featuredmedia":[{"embeddable":true,"href":"https:\/\/www.headshop.nl\/es\/wp-json\/wp\/v2\/media\/40285"}],"wp:attachment":[{"href":"https:\/\/www.headshop.nl\/es\/wp-json\/wp\/v2\/media?parent=40192"}],"wp:term":[{"taxonomy":"product_brand","embeddable":true,"href":"https:\/\/www.headshop.nl\/es\/wp-json\/wp\/v2\/product_brand?post=40192"},{"taxonomy":"product_cat","embeddable":true,"href":"https:\/\/www.headshop.nl\/es\/wp-json\/wp\/v2\/product_cat?post=40192"},{"taxonomy":"product_tag","embeddable":true,"href":"https:\/\/www.headshop.nl\/es\/wp-json\/wp\/v2\/product_tag?post=40192"}],"curies":[{"name":"wp","href":"https:\/\/api.w.org\/{rel}","templated":true}]}}