{"id":39538,"date":"2021-12-06T11:47:06","date_gmt":"2021-12-06T11:47:06","guid":{"rendered":"https:\/\/www.headshop.nl\/?post_type=product&#038;p=39538"},"modified":"2025-02-03T12:19:36","modified_gmt":"2025-02-03T12:19:36","slug":"joint-roller-futurola-white","status":"publish","type":"product","link":"https:\/\/www.headshop.nl\/es\/joint-roller-futurola-white\/","title":{"rendered":"Joint Roller Futurola Blanco"},"content":{"rendered":"<h2>M\u00e1quina laminadora de juntas de Futurola<\/h2>\n<p><span style=\"color: #000000; font-size: 14.4px;\">\u00bfF\u00e1cil manera de liar un porro? Con la enrolladora de canutos Futurola, olv\u00eddese de los canutos descuidados o que arden mal. Cada junta se enrollar\u00e1 r\u00e1pidamente y todas las juntas tendr\u00e1n el mismo aspecto.\u00a0<\/span><\/p>\n<p>Se trata de un dispositivo para liar cannabis que gusta a muchos fumetas de todo el mundo.<\/p>","protected":false},"excerpt":{"rendered":"<p><span style=\"font-size: 100%; color: #000000;\">Simplemente a\u00f1ade tu papel de liar king-size, la punta del filtro, pon el weedmix, g\u00edralo, l\u00e1melo y \u00a1aqu\u00ed tienes tu porro perfectamente liado! Cannabis joint roller es un dispositivo perfecto si necesitas liar porros r\u00e1pido o no tienes experiencia con el liado. \u00a1Haz que liar porros sea m\u00e1s f\u00e1cil y r\u00e1pido!<\/span><\/p>","protected":false},"featured_media":39521,"template":"","meta":[],"product_brand":[],"product_cat":[414,297,704,448],"product_tag":[],"class_list":{"0":"post-39538","1":"product","2":"type-product","3":"status-publish","4":"has-post-thumbnail","6":"product_cat-headshop","7":"product_cat-all-products","8":"product_cat-joint-roller","9":"product_cat-rolling-machines","10":"product_shipping_class-creditcard-on","12":"first","13":"instock","14":"taxable","15":"shipping-taxable","16":"purchasable","17":"product-type-variable","18":"has-default-attributes"},"_links":{"self":[{"href":"https:\/\/www.headshop.nl\/es\/wp-json\/wp\/v2\/product\/39538","targetHints":{"allow":["GET"]}}],"collection":[{"href":"https:\/\/www.headshop.nl\/es\/wp-json\/wp\/v2\/product"}],"about":[{"href":"https:\/\/www.headshop.nl\/es\/wp-json\/wp\/v2\/types\/product"}],"wp:featuredmedia":[{"embeddable":true,"href":"https:\/\/www.headshop.nl\/es\/wp-json\/wp\/v2\/media\/39521"}],"wp:attachment":[{"href":"https:\/\/www.headshop.nl\/es\/wp-json\/wp\/v2\/media?parent=39538"}],"wp:term":[{"taxonomy":"product_brand","embeddable":true,"href":"https:\/\/www.headshop.nl\/es\/wp-json\/wp\/v2\/product_brand?post=39538"},{"taxonomy":"product_cat","embeddable":true,"href":"https:\/\/www.headshop.nl\/es\/wp-json\/wp\/v2\/product_cat?post=39538"},{"taxonomy":"product_tag","embeddable":true,"href":"https:\/\/www.headshop.nl\/es\/wp-json\/wp\/v2\/product_tag?post=39538"}],"curies":[{"name":"wp","href":"https:\/\/api.w.org\/{rel}","templated":true}]}}