{"id":38231,"date":"2021-10-26T07:37:52","date_gmt":"2021-10-26T07:37:52","guid":{"rendered":"https:\/\/www.headshop.nl\/?post_type=product&#038;p=38231"},"modified":"2025-02-14T08:13:51","modified_gmt":"2025-02-14T08:13:51","slug":"absinth-10x-extract","status":"publish","type":"product","link":"https:\/\/www.headshop.nl\/es\/absinth-10x-extract\/","title":{"rendered":"Absinth 10X Extract"},"content":{"rendered":"<h2 data-start=\"0\" data-end=\"42\">\u00bfQu\u00e9 es la Artemisia Absinthium Extract?<\/h2>\n<p data-start=\"44\" data-end=\"418\">Artemisia Absinthium Extract se deriva de las yemas (<em data-start=\"99\" data-end=\"108\">knoppen<\/em>) del <em data-start=\"117\" data-end=\"139\">Artemisia absinthium<\/em> com\u00fanmente conocida como ajenjo. Esta hierba rara y de gran importancia hist\u00f3rica es conocida sobre todo por su papel en la creaci\u00f3n del Absinthe, una fuerte bebida alcoh\u00f3lica asociada a artistas y creativos que buscaban su reputada capacidad para mejorar la relajaci\u00f3n y despertar la inspiraci\u00f3n.<\/p>\n<p data-start=\"420\" data-end=\"958\">Con una historia arraigada en la medicina tradicional, el ajenjo ha sido valorado durante mucho tiempo por sus beneficios digestivos y propiedades medicinales. El extracto es una forma muy concentrada de la planta, que ofrece un efecto m\u00e1s potente que las hierbas secas. Puede utilizarse de varias formas, como infusi\u00f3n para obtener una experiencia calmante o a\u00f1adido a bebidas alcoh\u00f3licas para obtener un sabor y un efecto distintivos. El efecto del extracto var\u00eda en funci\u00f3n del estado mental y f\u00edsico del usuario, lo que la convierte en una hierba \u00fanica con un atractivo tanto terap\u00e9utico como recreativo.<\/p>\n<h2 data-start=\"960\" data-end=\"1008\">Historia de Artemisia Absinthium Extract<\/h2>\n<p data-start=\"1010\" data-end=\"1390\">El uso de <em data-start=\"1021\" data-end=\"1043\">Artemisia absinthium<\/em> se remonta a las civilizaciones antiguas, donde era ampliamente reconocida por sus propiedades medicinales. Hist\u00f3ricamente, se utilizaba para facilitar la digesti\u00f3n y era un componente clave en los primeros tratamientos m\u00e9dicos. Durante los siglos XVIII y XIX, el ajenjo se convirti\u00f3 en un elemento esencial de las boticas y era muy apreciado por los curanderos por sus beneficios terap\u00e9uticos.<\/p>\n<p data-start=\"1392\" data-end=\"1844\">La planta adquiri\u00f3 notoriedad en el siglo XIX debido a su inclusi\u00f3n en el Absinthe, una bebida popular y altamente alcoh\u00f3lica conocida como el \"Hada Verde\". La Absinthe era especialmente apreciada en Francia, donde artistas y escritores, entre ellos Van Gogh, buscaban sus supuestos efectos creativos y calmantes. Sin embargo, la preocupaci\u00f3n por sus propiedades psicoactivas llev\u00f3 a prohibiciones generalizadas a principios del siglo XX, ya que se cre\u00eda que causaba alucinaciones y adicci\u00f3n.<\/p>\n<p data-start=\"1846\" data-end=\"2121\">A pesar de estas prohibiciones, el inter\u00e9s por <em data-start=\"1878\" data-end=\"1900\">Artemisia absinthium<\/em> nunca se desvaneci\u00f3. La investigaci\u00f3n moderna y la evoluci\u00f3n de la normativa han permitido que el extracto resurja en diversas formas, ahora apreciadas tanto por su importancia hist\u00f3rica como por su potencial para proporcionar relajaci\u00f3n y bienestar.<\/p>\n<h2 data-start=\"2123\" data-end=\"2167\">C\u00f3mo utilizar Artemisia Absinthium Extract<\/h2>\n<p data-start=\"2169\" data-end=\"2294\">Debido a que Artemisia Absinthium Extract es altamente concentrado, el uso adecuado es esencial para una experiencia segura y agradable.<\/p>\n<ul data-start=\"2296\" data-end=\"3036\">\n<li data-start=\"2296\" data-end=\"2575\"><strong data-start=\"2298\" data-end=\"2318\">Preparaci\u00f3n del t\u00e9:<\/strong> Disuelva una peque\u00f1a cantidad del extracto en agua caliente para crear una tisana calmante. Este m\u00e9todo es especialmente eficaz para facilitar la digesti\u00f3n y proporcionar un efecto calmante. Debido a su potencia, s\u00f3lo se necesitan unas gotas o una peque\u00f1a porci\u00f3n por raci\u00f3n.<\/li>\n<li data-start=\"2576\" data-end=\"2843\"><strong data-start=\"2578\" data-end=\"2602\">Bebidas alcoh\u00f3licas:<\/strong> El extracto puede a\u00f1adirse al alcohol, como el vodka o el Absinthe, para realzar el sabor y crear una experiencia de consumo \u00fanica. Sin embargo, los consumidores deben tener en cuenta la posibilidad de efectos m\u00e1s fuertes al combinar el extracto con alcohol.<\/li>\n<li data-start=\"2844\" data-end=\"3036\"><strong data-start=\"2846\" data-end=\"2872\">Consideraciones posol\u00f3gicas:<\/strong> Los usuarios primerizos deben empezar con una dosis baja para evaluar la respuesta de su organismo antes de aumentar la cantidad. Las reacciones individuales pueden variar, por lo que se recomienda precauci\u00f3n.<\/li>\n<\/ul>\n<h2 data-start=\"3038\" data-end=\"3086\">Ingredientes de la Artemisia Absinthium Extract<\/h2>\n<p data-start=\"3088\" data-end=\"3259\">El ingrediente principal de este extracto es <em data-start=\"3130\" data-end=\"3152\">Artemisia absinthium<\/em> (Ajenjo), que contiene varios compuestos activos responsables de sus efectos. Los componentes clave incluyen:<\/p>\n<ul data-start=\"3261\" data-end=\"3726\">\n<li data-start=\"3261\" data-end=\"3438\"><strong data-start=\"3263\" data-end=\"3275\">Tuyona:<\/strong> Compuesto natural que se cree que contribuye a las propiedades psicoactivas del ajenjo, especialmente cuando se consume en grandes cantidades o mezclado con alcohol.<\/li>\n<li data-start=\"3439\" data-end=\"3565\"><strong data-start=\"3441\" data-end=\"3460\">Aceites esenciales:<\/strong> 1TP289 Extra\u00eddos de los brotes y las hojas de la planta, estos aceites ofrecen potenciales beneficios calmantes y digestivos.<\/li>\n<li data-start=\"3566\" data-end=\"3726\"><strong data-start=\"3568\" data-end=\"3618\">Compuestos antibacterianos y antiinflamatorios:<\/strong> El ajenjo se ha utilizado tradicionalmente por su capacidad para combatir las infecciones y favorecer el bienestar general.<\/li>\n<\/ul>\n<p data-start=\"3728\" data-end=\"3877\">Debido a su potencia natural, la Artemisia Absinthium Extract debe utilizarse con responsabilidad, ya que sus efectos pueden variar en funci\u00f3n de la fisiolog\u00eda individual y de la dosis.<\/p>\n<p data-start=\"3879\" data-end=\"3891\"><strong>Advertencia<\/strong><\/p>\n<p data-start=\"3893\" data-end=\"4004\">Aunque la Artemisia Absinthium Extract puede ofrecer relajaci\u00f3n y alivio digestivo, debe utilizarse con precauci\u00f3n:<\/p>\n<ul data-start=\"4006\" data-end=\"4392\">\n<li data-start=\"4006\" data-end=\"4115\"><strong data-start=\"4008\" data-end=\"4040\">Evite un consumo excesivo,<\/strong> especialmente en combinaci\u00f3n con alcohol, ya que los efectos pueden ser impredecibles.<\/li>\n<li data-start=\"4116\" data-end=\"4239\"><strong data-start=\"4118\" data-end=\"4155\">Consulte a un profesional sanitario<\/strong> antes de utilizarlo si est\u00e1 embarazada, en per\u00edodo de lactancia o padece enfermedades preexistentes.<\/li>\n<li data-start=\"4240\" data-end=\"4322\"><strong data-start=\"4242\" data-end=\"4267\">Empezar con una dosis baja<\/strong> para entender c\u00f3mo responde tu cuerpo al extracto.<\/li>\n<li data-start=\"4323\" data-end=\"4392\"><strong data-start=\"4325\" data-end=\"4358\">Mantener fuera del alcance de los ni\u00f1os<\/strong> y gu\u00e1rdelo en un lugar fresco y seco.<\/li>\n<\/ul>\n<p data-start=\"4394\" data-end=\"4544\" data-is-last-node=\"\">Utilizada con moderaci\u00f3n, la Artemisia Absinthium Extract proporciona un fascinante v\u00ednculo con la historia al tiempo que ofrece beneficios potenciales para la relajaci\u00f3n y el bienestar.<\/p>","protected":false},"excerpt":{"rendered":"<p>Hace miles de a\u00f1os que se preparan bebidas con esta vers\u00e1til planta. Descubra por qu\u00e9 el jarabe que contiene las cualidades medicinales extraordinariamente amargas podr\u00eda ser su nuevo potenciador del sabor favorito. \u00bfTiene hierbas de alta calidad? No busque m\u00e1s: \u00a1Absinth 10X Extract! Hasta su prohibici\u00f3n, esta bebida era utilizada por los artistas para ser creativos. Adem\u00e1s, \u00a1sabe incre\u00edble! Le prometemos que su creatividad nunca volver\u00e1 a ser la misma.<\/p>","protected":false},"featured_media":81914,"template":"","meta":[],"product_brand":[],"product_cat":[384,297,391,389,457,818,406],"product_tag":[],"class_list":{"0":"post-38231","1":"product","2":"type-product","3":"status-publish","4":"has-post-thumbnail","6":"product_cat-smartshop","7":"product_cat-all-products","8":"product_cat-extracts","9":"product_cat-herbs","10":"product_cat-herbs-healthshop","11":"product_cat-mcmystic","12":"product_cat-psychedelic-herbs","14":"first","15":"instock","16":"taxable","17":"shipping-taxable","18":"purchasable","19":"product-type-variable","20":"has-default-attributes"},"_links":{"self":[{"href":"https:\/\/www.headshop.nl\/es\/wp-json\/wp\/v2\/product\/38231","targetHints":{"allow":["GET"]}}],"collection":[{"href":"https:\/\/www.headshop.nl\/es\/wp-json\/wp\/v2\/product"}],"about":[{"href":"https:\/\/www.headshop.nl\/es\/wp-json\/wp\/v2\/types\/product"}],"wp:featuredmedia":[{"embeddable":true,"href":"https:\/\/www.headshop.nl\/es\/wp-json\/wp\/v2\/media\/81914"}],"wp:attachment":[{"href":"https:\/\/www.headshop.nl\/es\/wp-json\/wp\/v2\/media?parent=38231"}],"wp:term":[{"taxonomy":"product_brand","embeddable":true,"href":"https:\/\/www.headshop.nl\/es\/wp-json\/wp\/v2\/product_brand?post=38231"},{"taxonomy":"product_cat","embeddable":true,"href":"https:\/\/www.headshop.nl\/es\/wp-json\/wp\/v2\/product_cat?post=38231"},{"taxonomy":"product_tag","embeddable":true,"href":"https:\/\/www.headshop.nl\/es\/wp-json\/wp\/v2\/product_tag?post=38231"}],"curies":[{"name":"wp","href":"https:\/\/api.w.org\/{rel}","templated":true}]}}