{"id":38221,"date":"2021-10-26T07:07:31","date_gmt":"2021-10-26T07:07:31","guid":{"rendered":"https:\/\/www.headshop.nl\/?post_type=product&#038;p=38221"},"modified":"2025-11-18T14:37:56","modified_gmt":"2025-11-18T14:37:56","slug":"kratom-15x-extract","status":"publish","type":"product","link":"https:\/\/www.headshop.nl\/es\/kratom-15x-extract\/","title":{"rendered":"Kratom 15X Extract"},"content":{"rendered":"<h2 data-pm-slice=\"1 3 []\">\u00bfQu\u00e9 es Thaise Mitragyna Speciosa - Kratom 15x?<\/h2>\n<p>El extracto Thaise Mitragyna Speciosa - Kratom 15x es una forma altamente concentrada de kratom, derivada de hojas de Mitragyna Speciosa de primera calidad nativas de Thailandia. Este extracto es significativamente m\u00e1s potente que las hojas secas de kratom normales, ofreciendo un efecto potente y duradero. Kratom contiene m\u00faltiples alcaloides activos, principalmente mitraginina y 7-hidroximitraginina, que interact\u00faan con el cuerpo para ofrecer un equilibrio \u00fanico de estimulaci\u00f3n y relajaci\u00f3n.<\/p>\n<p>Los efectos de Thaise Mitragyna Speciosa - Kratom 15x var\u00edan dependiendo de la dosis. En dosis bajas, mejora la concentraci\u00f3n, aumenta la energ\u00eda y promueve un estado de \u00e1nimo positivo. En dosis m\u00e1s altas, proporciona relajaci\u00f3n y alivio del estr\u00e9s. Debido a su naturaleza concentrada, s\u00f3lo se necesita una peque\u00f1a cantidad para conseguir los efectos deseados, lo que la convierte en una opci\u00f3n eficaz tanto para usuarios experimentados como para principiantes.<\/p>\n<h2>Historia de Thaise Mitragyna Speciosa - Kratom 15x<\/h2>\n<p>Kratom tiene una rica historia en el sudeste asi\u00e1tico, especialmente en Thailandia, Indonesia y Malasia, donde se ha utilizado durante siglos. Tradicionalmente, los trabajadores y agricultores masticaban hojas crudas de Mitragyna Speciosa para combatir la fatiga, aliviar el dolor y aumentar la resistencia durante largas jornadas de trabajo. Con el tiempo, el kratom se convirti\u00f3 en una parte esencial de la medicina tradicional, valorada por su capacidad para favorecer la relajaci\u00f3n, mejorar la claridad mental y promover el bienestar general.<\/p>\n<p>A medida que el kratom fue ganando reconocimiento fuera de Asia, investigadores y entusiastas de las hierbas desarrollaron extractos potentes como el Thaise Mitragyna Speciosa - Kratom 15x. Estos extractos ofrecen efectos m\u00e1s potentes en dosis m\u00e1s peque\u00f1as, haciendo que el kratom sea m\u00e1s accesible y c\u00f3modo de consumir a la vez que mantiene su potencia natural.<\/p>\n<p>Hoy en d\u00eda, el kratom se utiliza ampliamente en Occidente para relajarse, mejorar el estado de \u00e1nimo y como estimulante energ\u00e9tico natural. Su capacidad para proporcionar efectos tanto estimulantes como calmantes lo ha convertido en uno de los productos bot\u00e1nicos m\u00e1s buscados en todo el mundo.<\/p>\n<h2>C\u00f3mo utilizar Thaise Mitragyna Speciosa - Kratom 15x<\/h2>\n<p>Debido a su alta potencia, el extracto Thaise Mitragyna Speciosa - Kratom 15x debe utilizarse con precauci\u00f3n. El m\u00e9todo m\u00e1s com\u00fan de consumo es prepararlo como t\u00e9. Para preparar t\u00e9 de kratom, disuelva aproximadamente 0,2 gramos del extracto en agua tibia y revuelva bien. Dejarlo reposar unos minutos ayuda a liberar sus alcaloides activos, mejorando la experiencia general.<\/p>\n<p>Para aquellos que encuentran desagradable el amargor natural del kratom, mezclarlo con zumo de frutas, como el zumo de naranja, puede ayudar a enmascarar el sabor sin afectar a sus efectos. En dosis bajas, Thaise Mitragyna Speciosa - Kratom 15x proporciona un impulso energizante, por lo que es ideal para el uso diurno. En dosis m\u00e1s altas, induce a la relajaci\u00f3n y puede ser m\u00e1s adecuado para el uso nocturno.<\/p>\n<p>Los efectos var\u00edan en funci\u00f3n de la tolerancia individual, el metabolismo y la qu\u00edmica corporal. Algunos usuarios afirman que aumenta la concentraci\u00f3n y la motivaci\u00f3n, mientras que otros la consideran eficaz para aliviar el estr\u00e9s y el bienestar general. Se recomienda empezar con una dosis baja e ir ajust\u00e1ndola gradualmente hasta encontrar la cantidad ideal que mejor se adapte a las necesidades personales.<\/p>\n<h2>Ingredientes de Thaise Mitragyna Speciosa - Kratom 15x<\/h2>\n<p>El extracto Thaise Mitragyna Speciosa - Kratom 15x se elabora a partir de hojas de kratom cuidadosamente seleccionadas procedentes de \u00e1rboles de Mitragyna Speciosa de alta calidad en Thailandia. Este extracto contiene una cantidad concentrada de mitraginina y 7-hidroximitraginina, los dos alcaloides principales responsables de los efectos del kratom.<\/p>\n<ul data-spread=\"false\">\n<li><strong>Mitraginina<\/strong>: Alcaloide dominante conocido por sus propiedades estimulantes y de mejora del estado de \u00e1nimo. En dosis menores, favorece el estado de alerta, la concentraci\u00f3n y una sensaci\u00f3n general de bienestar.<\/li>\n<li><strong>7-Hidroximitraginina<\/strong>: Un potente alcaloide con efectos m\u00e1s relajantes y calmantes, beneficioso para el alivio del estr\u00e9s y la relajaci\u00f3n.<\/li>\n<\/ul>\n<p>A diferencia del kratom tradicional en polvo, este extracto 15x se somete a un proceso de extracci\u00f3n especializado que aumenta significativamente su potencia. Como resultado, se requieren dosis mucho m\u00e1s peque\u00f1as en comparaci\u00f3n con el polvo de kratom regular, haciendo Thaise Mitragyna Speciosa - Kratom 15x una opci\u00f3n eficiente y conveniente para aquellos que buscan todos los beneficios del kratom en una forma concentrada.<\/p>\n<h2>Advertencia<\/h2>\n<p>Thaise Mitragyna Speciosa - Kratom 15x extracto es un producto altamente concentrado y debe utilizarse con responsabilidad.<\/p>\n<ul data-spread=\"false\">\n<li>No apto para menores de 18 a\u00f1os.<\/li>\n<li>Evite un consumo excesivo, ya que dosis elevadas pueden provocar n\u00e1useas, mareos o sequedad de boca.<\/li>\n<li>Las mujeres embarazadas o en per\u00edodo de lactancia, las personas con afecciones cardiacas o las que toman medicamentos deben consultar a un profesional sanitario antes de utilizarlo.<\/li>\n<li>Cons\u00e9rvese en lugar fresco y seco y mant\u00e9ngase fuera del alcance de los ni\u00f1os.<\/li>\n<\/ul>","protected":false},"excerpt":{"rendered":"<p>Resulta que los habitantes del sudeste asi\u00e1tico llevan cientos de a\u00f1os explorando formas de mejorar su vida con Kratom. Puedes disfrutar de muchos efectos sorprendentes, como mayores niveles de energ\u00eda y mejor concentraci\u00f3n. O si s\u00f3lo necesitas un poco de relajaci\u00f3n o menos dolor, el Kratom tambi\u00e9n est\u00e1 encantado de ayudarte. Todo empieza por comprender lo vers\u00e1til que puede ser esta fascinante planta.<\/p>","protected":false},"featured_media":81915,"template":"","meta":[],"product_brand":[],"product_cat":[390,297,391,389,818,396,405,384],"product_tag":[],"class_list":{"0":"post-38221","1":"product","2":"type-product","3":"status-publish","4":"has-post-thumbnail","6":"product_cat-kratom","7":"product_cat-all-products","8":"product_cat-extracts","9":"product_cat-herbs","10":"product_cat-mcmystic","11":"product_cat-relax","12":"product_cat-relax-herbs","13":"product_cat-smartshop","14":"product_shipping_class-group-7","16":"first","17":"instock","18":"taxable","19":"shipping-taxable","20":"purchasable","21":"product-type-variable","22":"has-default-attributes"},"_links":{"self":[{"href":"https:\/\/www.headshop.nl\/es\/wp-json\/wp\/v2\/product\/38221","targetHints":{"allow":["GET"]}}],"collection":[{"href":"https:\/\/www.headshop.nl\/es\/wp-json\/wp\/v2\/product"}],"about":[{"href":"https:\/\/www.headshop.nl\/es\/wp-json\/wp\/v2\/types\/product"}],"wp:featuredmedia":[{"embeddable":true,"href":"https:\/\/www.headshop.nl\/es\/wp-json\/wp\/v2\/media\/81915"}],"wp:attachment":[{"href":"https:\/\/www.headshop.nl\/es\/wp-json\/wp\/v2\/media?parent=38221"}],"wp:term":[{"taxonomy":"product_brand","embeddable":true,"href":"https:\/\/www.headshop.nl\/es\/wp-json\/wp\/v2\/product_brand?post=38221"},{"taxonomy":"product_cat","embeddable":true,"href":"https:\/\/www.headshop.nl\/es\/wp-json\/wp\/v2\/product_cat?post=38221"},{"taxonomy":"product_tag","embeddable":true,"href":"https:\/\/www.headshop.nl\/es\/wp-json\/wp\/v2\/product_tag?post=38221"}],"curies":[{"name":"wp","href":"https:\/\/api.w.org\/{rel}","templated":true}]}}