{"id":37913,"date":"2021-10-16T10:42:42","date_gmt":"2021-10-16T10:42:42","guid":{"rendered":"https:\/\/www.headshop.nl\/?post_type=product&#038;p=37913"},"modified":"2025-11-18T14:37:57","modified_gmt":"2025-11-18T14:37:57","slug":"bali-kratom-white-capsules","status":"publish","type":"product","link":"https:\/\/www.headshop.nl\/es\/bali-kratom-white-capsules\/","title":{"rendered":"Bali Kratom Blanco Capsules"},"content":{"rendered":"<h2 data-start=\"0\" data-end=\"31\">\u00bfQu\u00e9 son los Kratom Capsules?<\/h2>\n<p data-start=\"32\" data-end=\"581\">Kratom Capsules ofrecen una forma c\u00f3moda y eficaz de experimentar los beneficios naturales de la <em data-start=\"123\" data-end=\"143\">Mitragyna speciosa<\/em>una planta originaria del sudeste asi\u00e1tico. Estas c\u00e1psulas contienen una potente mezcla de <em data-start=\"222\" data-end=\"242\">Mitragyna speciosa<\/em> 15x, White Bali en polvo y una peque\u00f1a cantidad de cafe\u00edna, creando una mezcla equilibrada de energ\u00eda y relajaci\u00f3n. El extracto concentrado garantiza un efecto m\u00e1s potente y de acci\u00f3n m\u00e1s r\u00e1pida en comparaci\u00f3n con las hojas tradicionales de Kratom. El polvo de White Bali refuerza las propiedades calmantes, mientras que la cafe\u00edna proporciona un ligero impulso para promover el estado de alerta.<\/p>\n<p data-start=\"583\" data-end=\"973\">Dise\u00f1adas para facilitar su uso, las Kratom Capsules son ideales tanto para principiantes como para usuarios experimentados. Cada c\u00e1psula contiene una dosis de 505 mg medida con precisi\u00f3n, lo que elimina la necesidad de medir polvos o preparar infusiones. Tanto si buscas una relajaci\u00f3n suave como un efecto m\u00e1s fuerte, estas c\u00e1psulas proporcionan una forma sencilla y fiable de disfrutar de los beneficios \u00fanicos de Kratom sin preparaci\u00f3n adicional.<\/p>\n<h2 data-start=\"975\" data-end=\"1007\">Historia de Kratom Capsules<\/h2>\n<p data-start=\"1008\" data-end=\"1419\">El Kratom tiene una historia muy arraigada en el sudeste asi\u00e1tico, donde ha sido utilizado tradicionalmente durante siglos por agricultores y trabajadores que buscaban alivio para la fatiga y el dolor. Las hojas de la <em data-start=\"1191\" data-end=\"1211\">Mitragyna speciosa<\/em> El Kratom se masticaba o se preparaba en infusi\u00f3n por sus efectos energizantes y calmantes. Con el tiempo, la reputaci\u00f3n del Kratom se extendi\u00f3 m\u00e1s all\u00e1 de sus regiones nativas, ganando popularidad en Occidente como suplemento herbal.<\/p>\n<p data-start=\"1421\" data-end=\"1951\">El desarrollo de Kratom Capsules fue una innovaci\u00f3n moderna dise\u00f1ada para hacer Kratom m\u00e1s accesible y c\u00f3modo. En lugar de exigir a los usuarios que midan los polvos o preparen infusiones, las c\u00e1psulas ofrecen una alternativa port\u00e1til y f\u00e1cil de dosificar. La introducci\u00f3n de extractos altamente concentrados, como el extracto 15x utilizado en estas c\u00e1psulas, mejor\u00f3 a\u00fan m\u00e1s su potencia y eficacia. Hoy en d\u00eda, los Kratom Capsules son uno de los productos Kratom m\u00e1s utilizados, ofreciendo una experiencia consistente y controlada a usuarios de todo el mundo.<\/p>\n<h2 data-start=\"1953\" data-end=\"1985\">C\u00f3mo utilizar Kratom Capsules<\/h2>\n<p data-start=\"1986\" data-end=\"2338\">El uso de Kratom Capsules es sencillo y no requiere preparaci\u00f3n adicional. La dosis recomendada var\u00eda en funci\u00f3n de la tolerancia individual y los efectos deseados. Los principiantes deben comenzar con 1 c\u00e1psula para una experiencia suave, mientras que los usuarios m\u00e1s experimentados pueden tomar 2-3 c\u00e1psulas para un efecto moderado. Un efecto m\u00e1s fuerte se consigue normalmente con 3-5 c\u00e1psulas.<\/p>\n<p data-start=\"2340\" data-end=\"2771\">Para tomar Kratom Capsules, basta con tragarlos con un vaso de agua. Pueden tomarse con o sin alimentos, aunque si se toman con el est\u00f3mago vac\u00edo pueden obtenerse resultados m\u00e1s r\u00e1pidos. Dado que estas c\u00e1psulas contienen un extracto concentrado, es crucial comenzar con una dosis baja y aumentar gradualmente seg\u00fan sea necesario. Debe evitarse el consumo excesivo para prevenir efectos secundarios no deseados. Para obtener los mejores resultados, utilice Kratom Capsules con responsabilidad y moderaci\u00f3n.<\/p>\n<h2 data-start=\"2773\" data-end=\"2809\">Ingredientes de Bali Kratom Blanco Capsules<\/h2>\n<p data-start=\"2810\" data-end=\"2920\">Cada c\u00e1psula de Kratom est\u00e1 formulada con una mezcla precisa de ingredientes dise\u00f1ados para aumentar su eficacia:<\/p>\n<ul data-start=\"2922\" data-end=\"3349\">\n<li data-start=\"2922\" data-end=\"3084\"><strong data-start=\"2924\" data-end=\"2958\">Mitragyna speciosa 15x extracto<\/strong> - Un extracto altamente concentrado de Kratom que proporciona efectos potentes con una dosis menor en comparaci\u00f3n con las hojas crudas o en polvo.<\/li>\n<li data-start=\"3085\" data-end=\"3235\"><strong data-start=\"3087\" data-end=\"3115\">Polvo blanco Bali Kratom<\/strong> - Conocida por sus propiedades para levantar el \u00e1nimo y mejorar el humor, esta variedad de Kratom contribuye a una experiencia equilibrada.<\/li>\n<li data-start=\"3236\" data-end=\"3349\"><strong data-start=\"3238\" data-end=\"3256\">Cafe\u00edna (5 mg)<\/strong> - Un estimulante suave que aumenta la concentraci\u00f3n y el estado de alerta, complementando los efectos del Kratom.<\/li>\n<\/ul>\n<p data-start=\"3351\" data-end=\"3505\">Estos ingredientes cuidadosamente seleccionados trabajan juntos para proporcionar una combinaci\u00f3n \u00fanica de relajaci\u00f3n, energ\u00eda y claridad mental en una c\u00e1psula f\u00e1cil de usar.<\/p>\n<p data-start=\"3507\" data-end=\"3913\" data-is-last-node=\"\"><strong data-start=\"3507\" data-end=\"3518\">Advertencia<\/strong><br data-start=\"3518\" data-end=\"3521\" \/>Utilizar con precauci\u00f3n. Kratom Capsules no est\u00e1n destinados a personas menores de 18 a\u00f1os. No utilizar mientras se conduce un veh\u00edculo a motor o se maneja maquinaria. Evite su uso si est\u00e1 embarazada, en per\u00edodo de lactancia o tomando medicamentos con o sin receta. Mant\u00e9ngase fuera del alcance de los ni\u00f1os. Este producto no ha sido evaluado por la FDA y no est\u00e1 destinado a diagnosticar, tratar, curar o prevenir ninguna enfermedad.<\/p>","protected":false},"excerpt":{"rendered":"<p>Nuestros Kratom Capsules est\u00e1n formulados por expertos con una potente mezcla de <em data-start=\"69\" data-end=\"89\">Mitragyna speciosa<\/em> 15x, White Bali en polvo y un toque de cafe\u00edna, proporcionando una combinaci\u00f3n equilibrada de energ\u00eda y relajaci\u00f3n. Cada c\u00e1psula contiene 505mg, ofreciendo una manera conveniente y precisa de experimentar los beneficios de Kratom sin la necesidad de una preparaci\u00f3n tradicional. Dise\u00f1adas tanto para principiantes como para usuarios experimentados, estas c\u00e1psulas proporcionan una experiencia personalizable que va de efectos suaves a fuertes. Envasadas en un set de 20, son una opci\u00f3n f\u00e1cil y eficaz para aquellos que buscan un impulso natural.<\/p>","protected":false},"featured_media":82191,"template":"","meta":[],"product_brand":[],"product_cat":[390,297,389,817,396,405,384],"product_tag":[],"class_list":{"0":"post-37913","1":"product","2":"type-product","3":"status-publish","4":"has-post-thumbnail","6":"product_cat-kratom","7":"product_cat-all-products","8":"product_cat-herbs","9":"product_cat-kratopia","10":"product_cat-relax","11":"product_cat-relax-herbs","12":"product_cat-smartshop","13":"product_shipping_class-group-7","15":"first","16":"instock","17":"taxable","18":"shipping-taxable","19":"purchasable","20":"product-type-variable","21":"has-default-attributes"},"_links":{"self":[{"href":"https:\/\/www.headshop.nl\/es\/wp-json\/wp\/v2\/product\/37913","targetHints":{"allow":["GET"]}}],"collection":[{"href":"https:\/\/www.headshop.nl\/es\/wp-json\/wp\/v2\/product"}],"about":[{"href":"https:\/\/www.headshop.nl\/es\/wp-json\/wp\/v2\/types\/product"}],"wp:featuredmedia":[{"embeddable":true,"href":"https:\/\/www.headshop.nl\/es\/wp-json\/wp\/v2\/media\/82191"}],"wp:attachment":[{"href":"https:\/\/www.headshop.nl\/es\/wp-json\/wp\/v2\/media?parent=37913"}],"wp:term":[{"taxonomy":"product_brand","embeddable":true,"href":"https:\/\/www.headshop.nl\/es\/wp-json\/wp\/v2\/product_brand?post=37913"},{"taxonomy":"product_cat","embeddable":true,"href":"https:\/\/www.headshop.nl\/es\/wp-json\/wp\/v2\/product_cat?post=37913"},{"taxonomy":"product_tag","embeddable":true,"href":"https:\/\/www.headshop.nl\/es\/wp-json\/wp\/v2\/product_tag?post=37913"}],"curies":[{"name":"wp","href":"https:\/\/api.w.org\/{rel}","templated":true}]}}