{"id":37911,"date":"2021-10-16T10:42:41","date_gmt":"2021-10-16T10:42:41","guid":{"rendered":"https:\/\/www.headshop.nl\/?post_type=product&#038;p=37911"},"modified":"2025-11-18T14:37:58","modified_gmt":"2025-11-18T14:37:58","slug":"maeng-da-kratom-capsules-copy","status":"publish","type":"product","link":"https:\/\/www.headshop.nl\/es\/maeng-da-kratom-capsules-copy\/","title":{"rendered":"Thai Kratom Rojo Capsules"},"content":{"rendered":"<h2 data-start=\"0\" data-end=\"31\">\u00bfQu\u00e9 son los Kratom Capsules?<\/h2>\n<p data-start=\"32\" data-end=\"517\">Kratom Capsules proporcionan una forma sencilla y c\u00f3moda de experimentar las ventajas de <em data-start=\"114\" data-end=\"134\">Mitragyna speciosa<\/em>una planta originaria del sudeste asi\u00e1tico. Cada c\u00e1psula contiene un potente extracto 15x de Kratom, que ofrece un efecto m\u00e1s concentrado y eficaz en comparaci\u00f3n con los polvos u hojas tradicionales de Kratom. Adem\u00e1s, estas c\u00e1psulas contienen Thai Kratom Rojo, conocido por sus propiedades calmantes, junto con una peque\u00f1a dosis de cafe\u00edna para proporcionar un sutil impulso de energ\u00eda, creando una experiencia bien equilibrada.<\/p>\n<p data-start=\"519\" data-end=\"873\">Dise\u00f1ados para facilitar su uso, los Kratom Capsules ofrecen una dosis premedida, eliminando la necesidad de preparaci\u00f3n o medici\u00f3n. Son ideales para quienes buscan una alternativa port\u00e1til y sin complicaciones al consumo tradicional de Kratom. Tanto si eres un usuario nuevo como experimentado, estas c\u00e1psulas proporcionan una forma controlada y accesible de disfrutar de los efectos \u00fanicos de Kratom.<\/p>\n<h2 data-start=\"875\" data-end=\"907\">Historia de Kratom Capsules<\/h2>\n<p data-start=\"908\" data-end=\"1341\">El Kratom se ha utilizado durante siglos en el sudeste asi\u00e1tico, donde las comunidades locales han masticado tradicionalmente sus hojas o las han preparado en t\u00e9 por sus propiedades estimulantes y analg\u00e9sicas. Los trabajadores sol\u00edan recurrir al Kratom para aumentar la energ\u00eda, reducir la fatiga y mejorar la concentraci\u00f3n durante las largas horas de trabajo. Con el tiempo, los efectos relajantes de la Kratom tambi\u00e9n se hicieron conocidos, haci\u00e9ndola popular para promover la claridad mental y aliviar el estr\u00e9s.<\/p>\n<p data-start=\"1343\" data-end=\"1809\">La introducci\u00f3n de Kratom Capsules es una innovaci\u00f3n moderna destinada a mejorar la comodidad y la accesibilidad del consumo de Kratom. Gracias a los avances en las t\u00e9cnicas de extracci\u00f3n, los extractos concentrados de Kratom, como la versi\u00f3n 15x utilizada en estas c\u00e1psulas, han aumentado su potencia manteniendo una dosis controlada. A medida que el Kratom fue ganando popularidad en todo el mundo, las c\u00e1psulas se convirtieron en la opci\u00f3n preferida de los usuarios que buscaban una forma consistente y sin complicaciones de experimentar sus beneficios.<\/p>\n<h2 data-start=\"1811\" data-end=\"1843\">C\u00f3mo utilizar Kratom Capsules<\/h2>\n<p data-start=\"1844\" data-end=\"1960\">El uso de Kratom Capsules es sencillo. La dosis recomendada depende de la sensibilidad individual y de los efectos deseados:<\/p>\n<ul data-start=\"1961\" data-end=\"2192\">\n<li data-start=\"1961\" data-end=\"2025\"><strong data-start=\"1963\" data-end=\"1977\">Principiantes:<\/strong> Comience con <strong data-start=\"1989\" data-end=\"2004\">una c\u00e1psula<\/strong> para un efecto suave.<\/li>\n<li data-start=\"2026\" data-end=\"2112\"><strong data-start=\"2028\" data-end=\"2047\">Usuarios moderados:<\/strong> Toma <strong data-start=\"2053\" data-end=\"2069\">2-3 c\u00e1psulas<\/strong> para una estimulaci\u00f3n y relajaci\u00f3n equilibradas.<\/li>\n<li data-start=\"2113\" data-end=\"2192\"><strong data-start=\"2115\" data-end=\"2137\">Usuarios experimentados:<\/strong> Hasta <strong data-start=\"2144\" data-end=\"2160\">4-5 c\u00e1psulas<\/strong> puede proporcionar efectos m\u00e1s potentes.<\/li>\n<\/ul>\n<p data-start=\"2194\" data-end=\"2552\">Para consumirlas, trague las c\u00e1psulas con agua. Tomarlas con el est\u00f3mago vac\u00edo puede conducir a una absorci\u00f3n m\u00e1s r\u00e1pida, mientras que consumirlas con alimentos puede ralentizar la aparici\u00f3n de los efectos, pero puede proporcionar una experiencia m\u00e1s estable. Dado que cada c\u00e1psula contiene una dosis premedida, no es necesario pesarlas ni mezclarlas, lo que las convierte en una opci\u00f3n f\u00e1cil y constante para el consumo de Kratom.<\/p>\n<p data-start=\"2554\" data-end=\"2722\">Es importante evitar exceder la dosis recomendada para prevenir efectos secundarios no deseados. Comience con una dosis m\u00e1s baja y aj\u00fastela seg\u00fan sea necesario en funci\u00f3n de la respuesta de su organismo.<\/p>\n<h2 data-start=\"2724\" data-end=\"2760\">Ingredientes en Thai Kratom Rojo Capsules<\/h2>\n<p data-start=\"2761\" data-end=\"2817\">Cada c\u00e1psula contiene una mezcla cuidadosamente formulada de:<\/p>\n<ul data-start=\"2818\" data-end=\"3217\">\n<li data-start=\"2818\" data-end=\"2957\"><strong data-start=\"2820\" data-end=\"2854\">Mitragyna speciosa 15x Extract<\/strong> - Un extracto concentrado de Kratom, que ofrece un efecto m\u00e1s potente y eficaz que el polvo crudo de Kratom.<\/li>\n<li data-start=\"2958\" data-end=\"3098\"><strong data-start=\"2960\" data-end=\"2986\">Rojo Thai Kratom Polvo<\/strong> - Conocido por sus propiedades calmantes y analg\u00e9sicas, complementa los efectos estimulantes del extracto.<\/li>\n<li data-start=\"3099\" data-end=\"3217\"><strong data-start=\"3101\" data-end=\"3131\">Cafe\u00edna (5 mg por c\u00e1psula)<\/strong> - Proporciona un suave impulso de energ\u00eda, ayudando a equilibrar los efectos generales de Kratom.<\/li>\n<\/ul>\n<p data-start=\"3219\" data-end=\"3346\">Con <strong data-start=\"3224\" data-end=\"3245\">505 mg por c\u00e1psula<\/strong>Esta mezcla ofrece una combinaci\u00f3n \u00fanica de relajaci\u00f3n y energ\u00eda en un formato preciso y f\u00e1cil de usar.<\/p>\n<h3 data-start=\"3348\" data-end=\"3361\">Advertencia<\/h3>\n<p data-start=\"3362\" data-end=\"3731\" data-is-last-node=\"\">Uso responsable. Este producto es <strong data-start=\"3395\" data-end=\"3442\">no para venta o uso por menores de 18 a\u00f1os<\/strong>. No lo consuma mientras conduce, maneja maquinaria o si est\u00e1 embarazada, amamantando o tomando medicamentos con o sin receta. Mant\u00e9ngase fuera del alcance de los ni\u00f1os. Este producto no ha sido evaluado por la FDA y no est\u00e1 destinado a diagnosticar, tratar, curar o prevenir ninguna enfermedad.<\/p>","protected":false},"excerpt":{"rendered":"<p>Tranquilo. Tranquil\u00edzate con ese caf\u00e9 y toma un poco de Kratom Thai C\u00e1psula Roja en su lugar. Vale, qu\u00e9date tranquilo mientras te hablamos de estas c\u00e1psulas rojas: esta potente variedad procede de la selva tropical de Thailandia; ofrece todo lo mejor del kratom Thai; y cuando se consume, proporciona un efecto euf\u00f3rico y de concentraci\u00f3n que eleva tu estado de \u00e1nimo y te da grandes ideas. Perfecto para poner en marcha tu cansado trasero.<\/p>","protected":false},"featured_media":82192,"template":"","meta":[],"product_brand":[],"product_cat":[390,297,389,817,396,405,384],"product_tag":[],"class_list":{"0":"post-37911","1":"product","2":"type-product","3":"status-publish","4":"has-post-thumbnail","6":"product_cat-kratom","7":"product_cat-all-products","8":"product_cat-herbs","9":"product_cat-kratopia","10":"product_cat-relax","11":"product_cat-relax-herbs","12":"product_cat-smartshop","13":"product_shipping_class-group-7","15":"first","16":"instock","17":"taxable","18":"shipping-taxable","19":"purchasable","20":"product-type-variable","21":"has-default-attributes"},"_links":{"self":[{"href":"https:\/\/www.headshop.nl\/es\/wp-json\/wp\/v2\/product\/37911","targetHints":{"allow":["GET"]}}],"collection":[{"href":"https:\/\/www.headshop.nl\/es\/wp-json\/wp\/v2\/product"}],"about":[{"href":"https:\/\/www.headshop.nl\/es\/wp-json\/wp\/v2\/types\/product"}],"wp:featuredmedia":[{"embeddable":true,"href":"https:\/\/www.headshop.nl\/es\/wp-json\/wp\/v2\/media\/82192"}],"wp:attachment":[{"href":"https:\/\/www.headshop.nl\/es\/wp-json\/wp\/v2\/media?parent=37911"}],"wp:term":[{"taxonomy":"product_brand","embeddable":true,"href":"https:\/\/www.headshop.nl\/es\/wp-json\/wp\/v2\/product_brand?post=37911"},{"taxonomy":"product_cat","embeddable":true,"href":"https:\/\/www.headshop.nl\/es\/wp-json\/wp\/v2\/product_cat?post=37911"},{"taxonomy":"product_tag","embeddable":true,"href":"https:\/\/www.headshop.nl\/es\/wp-json\/wp\/v2\/product_tag?post=37911"}],"curies":[{"name":"wp","href":"https:\/\/api.w.org\/{rel}","templated":true}]}}