{"id":37907,"date":"2021-10-16T09:00:42","date_gmt":"2021-10-16T09:00:42","guid":{"rendered":"https:\/\/www.headshop.nl\/?post_type=product&#038;p=37907"},"modified":"2026-04-17T13:26:15","modified_gmt":"2026-04-17T13:26:15","slug":"maeng-da-kratom-capsules","status":"publish","type":"product","link":"https:\/\/www.headshop.nl\/es\/maeng-da-kratom-capsules\/","title":{"rendered":"Maeng Da Kratom Capsules"},"content":{"rendered":"<h2 data-start=\"0\" data-end=\"30\">\u00bfQu\u00e9 son los Kratom Capsules?<\/h2>\n<p data-start=\"32\" data-end=\"432\">Kratom Capsules ofrecen una forma sencilla y c\u00f3moda de disfrutar de las ventajas de <em data-start=\"107\" data-end=\"127\">Mitragyna speciosa<\/em>una planta tropical originaria del sudeste asi\u00e1tico. Cada c\u00e1psula contiene una potente mezcla de <strong data-start=\"212\" data-end=\"246\">Mitragyna speciosa 15x extracto<\/strong> y <strong data-start=\"251\" data-end=\"281\">Maeng Da Rojo Kratom polvo<\/strong>ambos conocidos por sus propiedades energizantes y calmantes. Una peque\u00f1a cantidad de <strong data-start=\"357\" data-end=\"369\">cafe\u00edna<\/strong> potencia los efectos generales, favoreciendo la concentraci\u00f3n y el estado de alerta.<\/p>\n<p data-start=\"434\" data-end=\"782\">Con <strong data-start=\"439\" data-end=\"460\">500 mg por c\u00e1psula<\/strong>Estas dosis premedidas eliminan la necesidad de mezclar o medir polvos, lo que las convierte en una excelente opci\u00f3n para quienes prefieren una experiencia Kratom controlada y constante. Tanto si buscas una relajaci\u00f3n suave como un efecto estimulante m\u00e1s fuerte, estas c\u00e1psulas permiten ajustar f\u00e1cilmente la dosis para adaptarla a tus necesidades.<\/p>\n<h2 data-start=\"784\" data-end=\"815\">Historia de Kratom Capsules<\/h2>\n<p data-start=\"817\" data-end=\"1099\">El Kratom se ha utilizado durante siglos en el sudeste asi\u00e1tico, donde los lugare\u00f1os masticaban tradicionalmente las hojas o las preparaban en t\u00e9 para aumentar la energ\u00eda, la concentraci\u00f3n y aliviar el dolor. Con el tiempo, el uso de la Kratom evolucion\u00f3 y pas\u00f3 a estar disponible en diversas formas, como polvos, t\u00e9s y extractos.<\/p>\n<p data-start=\"1101\" data-end=\"1566\">Las c\u00e1psulas Kratom surgieron como una alternativa moderna y c\u00f3moda a los m\u00e9todos de consumo tradicionales, ofreciendo dosis premedidas para facilitar su uso. La introducci\u00f3n de <strong data-start=\"1262\" data-end=\"1278\">15x extractos<\/strong>como el utilizado en estas c\u00e1psulas, aument\u00f3 significativamente la potencia del Kratom, permitiendo dosis m\u00e1s peque\u00f1as y eficaces. Hoy en d\u00eda, las c\u00e1psulas de Kratom se encuentran entre las formas m\u00e1s populares de consumir Kratom, ofreciendo todos los beneficios de las formas tradicionales con mayor comodidad y precisi\u00f3n.<\/p>\n<h2 data-start=\"1568\" data-end=\"1599\">C\u00f3mo utilizar Kratom Capsules<\/h2>\n<p data-start=\"1601\" data-end=\"1746\">Tomar el Kratom Capsules es r\u00e1pido y sin complicaciones. El sitio <strong data-start=\"1654\" data-end=\"1676\">dosis recomendada<\/strong> depende de su nivel de experiencia, peso corporal y efectos deseados:<\/p>\n<ul data-start=\"1748\" data-end=\"1972\">\n<li data-start=\"1748\" data-end=\"1810\"><strong data-start=\"1750\" data-end=\"1764\">Principiantes:<\/strong> Comience con <strong data-start=\"1776\" data-end=\"1789\">1 c\u00e1psula<\/strong> para un efecto suave.<\/li>\n<li data-start=\"1811\" data-end=\"1892\"><strong data-start=\"1813\" data-end=\"1832\">Usuarios moderados:<\/strong> Toma <strong data-start=\"1838\" data-end=\"1854\">2-3 c\u00e1psulas<\/strong> para una relajaci\u00f3n y energ\u00eda equilibradas.<\/li>\n<li data-start=\"1893\" data-end=\"1972\"><strong data-start=\"1895\" data-end=\"1917\">Usuarios experimentados:<\/strong> Hasta <strong data-start=\"1924\" data-end=\"1940\">3-5 c\u00e1psulas<\/strong> puede proporcionar efectos m\u00e1s potentes.<\/li>\n<\/ul>\n<p data-start=\"1974\" data-end=\"2296\">Basta con tragar las c\u00e1psulas con agua. Tomarlas en un <strong data-start=\"2032\" data-end=\"2049\">est\u00f3mago vac\u00edo<\/strong> puede provocar una absorci\u00f3n m\u00e1s r\u00e1pida, mientras que consumirlos con alimentos puede dar lugar a un efecto m\u00e1s lento y constante. El sitio <strong data-start=\"2157\" data-end=\"2180\">dosificaci\u00f3n premedida<\/strong> garantiza la consistencia, por lo que son ideales para quienes prefieren una alternativa a los polvos Kratom f\u00e1cil de usar y que no ensucia.<\/p>\n<p data-start=\"2298\" data-end=\"2486\">Para garantizar una experiencia segura y agradable, siga siempre la dosis recomendada y escuche la respuesta de su cuerpo. Evite superar la dosis recomendada para prevenir efectos secundarios no deseados.<\/p>\n<h2 data-start=\"2488\" data-end=\"2523\">Ingredientes en Maeng Da Kratom Capsules<\/h2>\n<p data-start=\"2525\" data-end=\"2659\">Cada c\u00e1psula est\u00e1 formulada con una mezcla de ingredientes cuidadosamente seleccionados para proporcionar <strong data-start=\"2610\" data-end=\"2656\">una experiencia Kratom equilibrada y eficaz<\/strong>:<\/p>\n<ul data-start=\"2661\" data-end=\"3095\">\n<li data-start=\"2661\" data-end=\"2829\"><strong data-start=\"2663\" data-end=\"2697\">Mitragyna speciosa 15x Extract<\/strong> - A <strong data-start=\"2702\" data-end=\"2740\">extracto altamente concentrado de Kratom<\/strong>, proporcionando un efecto m\u00e1s potente y de acci\u00f3n m\u00e1s r\u00e1pida en comparaci\u00f3n con el polvo Kratom tradicional.<\/li>\n<li data-start=\"2830\" data-end=\"2964\"><strong data-start=\"2832\" data-end=\"2862\">Maeng Da Rojo Kratom Polvo<\/strong> - Conocido por su <strong data-start=\"2879\" data-end=\"2917\">propiedades energizantes y relajantes<\/strong>Aumenta la concentraci\u00f3n y favorece la calma.<\/li>\n<li data-start=\"2965\" data-end=\"3095\"><strong data-start=\"2967\" data-end=\"2997\">Cafe\u00edna (5 mg por c\u00e1psula)<\/strong> - Ofrece un ligero impulso estimulante, <strong data-start=\"3031\" data-end=\"3064\">mejorar el estado de alerta y la concentraci\u00f3n<\/strong> sin causar inestabilidad.<\/li>\n<\/ul>\n<p data-start=\"3097\" data-end=\"3199\">Juntos, estos ingredientes crean un <strong data-start=\"3134\" data-end=\"3179\">experiencia \u00fanica y completa Kratom<\/strong> en cada c\u00e1psula.<\/p>\n<p data-start=\"3201\" data-end=\"3213\"><strong>Advertencia<\/strong><\/p>\n<p data-start=\"3215\" data-end=\"3559\" data-is-last-node=\"\">Uso responsable. Kratom Capsules son <strong data-start=\"3252\" data-end=\"3299\">no para venta o uso por menores de 18 a\u00f1os<\/strong>. No consumir mientras se conduce, se maneja maquinaria, o si est\u00e1 embarazada, amamantando o tomando alg\u00fan medicamento. Mant\u00e9ngase fuera del alcance de los ni\u00f1os. Este producto no ha sido evaluado por la FDA y no est\u00e1 destinado a diagnosticar, tratar, curar o prevenir ninguna enfermedad.<\/p>","protected":false},"excerpt":{"rendered":"<p>A veces, necesitas un buen despertar. Estas c\u00e1psulas de kratom son perfectas para esos d\u00edas en los que el caf\u00e9 no es suficiente. Con una sensaci\u00f3n en\u00e9rgica pero tranquila, estas p\u00edldoras seguro que te har\u00e1n empezar el d\u00eda con buen pie. Lleva algunas contigo para tener energ\u00eda cuando m\u00e1s la necesites.<\/p>","protected":false},"featured_media":82193,"template":"","meta":[],"product_brand":[],"product_cat":[390,297,389,817,396,405,384],"product_tag":[],"class_list":{"0":"post-37907","1":"product","2":"type-product","3":"status-publish","4":"has-post-thumbnail","6":"product_cat-kratom","7":"product_cat-all-products","8":"product_cat-herbs","9":"product_cat-kratopia","10":"product_cat-relax","11":"product_cat-relax-herbs","12":"product_cat-smartshop","13":"product_shipping_class-group-7","15":"first","16":"instock","17":"taxable","18":"shipping-taxable","19":"purchasable","20":"product-type-variable","21":"has-default-attributes"},"_links":{"self":[{"href":"https:\/\/www.headshop.nl\/es\/wp-json\/wp\/v2\/product\/37907","targetHints":{"allow":["GET"]}}],"collection":[{"href":"https:\/\/www.headshop.nl\/es\/wp-json\/wp\/v2\/product"}],"about":[{"href":"https:\/\/www.headshop.nl\/es\/wp-json\/wp\/v2\/types\/product"}],"wp:featuredmedia":[{"embeddable":true,"href":"https:\/\/www.headshop.nl\/es\/wp-json\/wp\/v2\/media\/82193"}],"wp:attachment":[{"href":"https:\/\/www.headshop.nl\/es\/wp-json\/wp\/v2\/media?parent=37907"}],"wp:term":[{"taxonomy":"product_brand","embeddable":true,"href":"https:\/\/www.headshop.nl\/es\/wp-json\/wp\/v2\/product_brand?post=37907"},{"taxonomy":"product_cat","embeddable":true,"href":"https:\/\/www.headshop.nl\/es\/wp-json\/wp\/v2\/product_cat?post=37907"},{"taxonomy":"product_tag","embeddable":true,"href":"https:\/\/www.headshop.nl\/es\/wp-json\/wp\/v2\/product_tag?post=37907"}],"curies":[{"name":"wp","href":"https:\/\/api.w.org\/{rel}","templated":true}]}}