{"id":37835,"date":"2021-10-15T08:19:20","date_gmt":"2021-10-15T08:19:20","guid":{"rendered":"https:\/\/www.headshop.nl\/?post_type=product&#038;p=37835"},"modified":"2025-11-18T14:37:59","modified_gmt":"2025-11-18T14:37:59","slug":"yellow-borneo-kratom","status":"publish","type":"product","link":"https:\/\/www.headshop.nl\/es\/yellow-borneo-kratom\/","title":{"rendered":"Yellow Borneo Kratom"},"content":{"rendered":"<h2 data-start=\"396\" data-end=\"430\">\u00bfQu\u00e9 es Yellow Borneo Kratom?<\/h2>\n<p data-start=\"431\" data-end=\"1166\">Yellow Borneo Kratom es una cepa espec\u00edfica del \u00e1rbol Mitragyna speciosa, com\u00fanmente conocida por sus efectos estimulantes. Debe su nombre a la regi\u00f3n de Borneo, donde se cultiva principalmente la planta, y a su caracter\u00edstica tonalidad amarilla. El proceso de secado \u00fanico, que implica un secado r\u00e1pido al sol, es lo que da a esta variedad su perfil de sabor distintivo y sus potentes efectos. Las hojas de la Yellow Borneo Kratom se procesan cuidadosamente para mantener su eficacia y minimizar el amargor, aunque sigue teniendo un sabor ligeramente amargo en comparaci\u00f3n con otras cepas. Muchos usuarios optan por esta Kratom en bebidas como batidos, zumos de frutas o chocolates caseros, y es muy utilizada por atletas y quienes buscan un impulso extra de energ\u00eda.<\/p>\n<p data-start=\"1168\" data-end=\"1607\">La Yellow Borneo Kratom tambi\u00e9n es conocida por sus efectos ligeramente m\u00e1s estimulantes que otras cepas de Kratom. Esto la hace popular para aumentar la energ\u00eda tanto f\u00edsica como mental. Aunque algunos pueden encontrarla m\u00e1s amarga, sigue siendo muy apreciada debido a sus propiedades naturales para aumentar la energ\u00eda. Para aquellos que buscan aumentar la concentraci\u00f3n, el estado de alerta y el bienestar general, Yellow Borneo Kratom ofrece una alternativa natural a los estimulantes m\u00e1s tradicionales.<\/p>\n<h2 data-start=\"1614\" data-end=\"1650\">Historia de Yellow Borneo Kratom<\/h2>\n<p data-start=\"1651\" data-end=\"2275\">La historia de la Yellow Borneo Kratom se remonta a las culturas ind\u00edgenas del Sudeste Asi\u00e1tico, donde la Kratom se ha utilizado durante siglos por sus propiedades medicinales y terap\u00e9uticas. El \u00e1rbol Mitragyna speciosa, del que procede la Kratom, es originario de las regiones tropicales del Sudeste Asi\u00e1tico, en particular de Thailandia, Malasia e Indonesia. Con el tiempo, se han desarrollado y perfeccionado distintas cepas de Kratom, cada una de las cuales recibe el nombre de la regi\u00f3n en la que se cultiva. En concreto, la Yellow Borneo Kratom procede de la isla de Borneo, conocida por sus condiciones clim\u00e1ticas y de suelo ideales para el cultivo de la Kratom.<\/p>\n<p data-start=\"2277\" data-end=\"2907\">Aunque la Kratom se ha utilizado tradicionalmente para el tratamiento del dolor y como estimulante energ\u00e9tico en el Sudeste Asi\u00e1tico, la popularidad de la Yellow Borneo Kratom ha crecido r\u00e1pidamente en Occidente, especialmente en California. Su suave amargor, su proceso de secado \u00fanico y su capacidad para producir efectos estimulantes y calmantes la han convertido en una de las favoritas de los entusiastas de la Kratom. En California, ha ganado reconocimiento como ingrediente vers\u00e1til para batidos, bebidas energ\u00e9ticas e incluso recetas saludables para el desayuno. Esta combinaci\u00f3n de historia e innovaci\u00f3n ha consolidado el lugar de Yellow Borneo Kratom como un elemento b\u00e1sico en el mundo de los suplementos naturales.<\/p>\n<h2 data-start=\"2914\" data-end=\"2950\">C\u00f3mo utilizar Yellow Borneo Kratom<\/h2>\n<p data-start=\"2951\" data-end=\"3350\">Para utilizar eficazmente el Yellow Borneo Kratom, lo m\u00e1s habitual es prepararlo en infusi\u00f3n. El m\u00e9todo recomendado consiste en disolver de 4 a 5 gramos de Kratom en polvo en agua caliente, entre 70 y 95 grados Celsius. La infusi\u00f3n debe dejarse reposar de 3 a 5 minutos para que los compuestos activos del Kratom se extraigan correctamente. No es necesario colar el t\u00e9, ya que se pueden consumir todas las partes de las hojas.<\/p>\n<p data-start=\"3352\" data-end=\"3876\">Algunos usuarios prefieren a\u00f1adir fruta o miel al t\u00e9 para reducir el amargor, convirti\u00e9ndolo en una bebida m\u00e1s agradable. Adem\u00e1s, Yellow Borneo Kratom puede mezclarse en batidos o smoothies, donde se combina bien con otros ingredientes y proporciona un impulso de energ\u00eda que dura todo el d\u00eda. Para quienes buscan un efecto suave, se recomienda consumir entre 3 y 5 gramos. Es importante tener en cuenta que los efectos del Kratom pueden variar en funci\u00f3n del peso corporal de la persona, su sensibilidad y la potencia del Kratom consumido.<\/p>\n<p data-start=\"3878\" data-end=\"4083\">Como ocurre con cualquier suplemento a base de plantas, es esencial empezar con una dosis peque\u00f1a para evaluar la respuesta del organismo. Con el tiempo, algunos usuarios pueden encontrar que necesitan ajustar su dosis para lograr los efectos deseados.<\/p>\n<h2 data-start=\"4090\" data-end=\"4130\">Ingredientes de Yellow Borneo Kratom<\/h2>\n<p data-start=\"4131\" data-end=\"4659\">El ingrediente principal de Yellow Borneo Kratom es la hoja seca en polvo del \u00e1rbol Mitragyna speciosa. Las hojas del \u00e1rbol se recogen, procesan y secan cuidadosamente mediante un m\u00e9todo \u00fanico que confiere al Yellow Borneo sus caracter\u00edsticas distintivas. El proceso de secado, que implica un breve tiempo bajo el sol, mejora el perfil alcaloide del Kratom, en particular sus compuestos activos, la mitraginina y la 7-hidroximitraginina. Estos compuestos son los responsables de los efectos estimulantes y calmantes com\u00fanmente asociados a la Kratom.<\/p>\n<p data-start=\"4661\" data-end=\"5050\">El \u00e1rbol Mitragyna speciosa crece en los climas h\u00famedos y tropicales del sudeste asi\u00e1tico, especialmente en las regiones de Borneo y Sumatra. Las hojas de alta calidad recolectadas en estas zonas se muelen en un polvo fino y se envasan para su consumo. Como producto natural, Yellow Borneo Kratom no contiene productos qu\u00edmicos a\u00f1adidos ni sustancias artificiales, lo que lo convierte en un suplemento puro a base de plantas.<\/p>\n<p data-start=\"5052\" data-end=\"5361\">El contenido de alcaloides de la Kratom puede variar seg\u00fan la cepa y el proceso de secado, y la Yellow Borneo es conocida por sus efectos equilibrados, que proporcionan a los usuarios tanto energ\u00eda como una suave relajaci\u00f3n. La forma en polvo de las hojas garantiza su f\u00e1cil consumo y versatilidad, ya sea mezclado en un t\u00e9, batido u otras bebidas.<\/p>\n<p data-start=\"5368\" data-end=\"5700\" data-is-last-node=\"\"><strong data-start=\"5368\" data-end=\"5380\">Advertencia:<\/strong><br data-start=\"5380\" data-end=\"5383\" \/>Este producto no debe ser vendido ni utilizado por menores de 18 a\u00f1os. Mant\u00e9ngase fuera del alcance de los ni\u00f1os. No lo utilice si padece hipertensi\u00f3n o hipotensi\u00f3n, afecciones card\u00edacas o pulmonares, diabetes, est\u00e1 embarazada o toma medicamentos, drogas o alcohol. Consulte siempre a un profesional sanitario antes de utilizar cualquier suplemento.<\/p>","protected":false},"excerpt":{"rendered":"<p>Yellow Borneo Kratom es una cepa \u00fanica conocida por sus potentes efectos, cosechada del \u00e1rbol Mitragyna speciosa. Procesada mediante un breve m\u00e9todo de secado al sol, es especialmente popular en California, donde se a\u00f1ade a batidos, bebidas de frutas e incluso a los desayunos para aumentar la energ\u00eda. Con un sabor ligeramente amargo, puede suavizarse con fruta o miel.<\/p>","protected":false},"featured_media":82195,"template":"","meta":[],"product_brand":[],"product_cat":[390,297,389,817,396,405,384],"product_tag":[],"class_list":{"0":"post-37835","1":"product","2":"type-product","3":"status-publish","4":"has-post-thumbnail","6":"product_cat-kratom","7":"product_cat-all-products","8":"product_cat-herbs","9":"product_cat-kratopia","10":"product_cat-relax","11":"product_cat-relax-herbs","12":"product_cat-smartshop","13":"product_shipping_class-group-7","15":"first","16":"instock","17":"taxable","18":"shipping-taxable","19":"purchasable","20":"product-type-variable","21":"has-default-attributes"},"_links":{"self":[{"href":"https:\/\/www.headshop.nl\/es\/wp-json\/wp\/v2\/product\/37835","targetHints":{"allow":["GET"]}}],"collection":[{"href":"https:\/\/www.headshop.nl\/es\/wp-json\/wp\/v2\/product"}],"about":[{"href":"https:\/\/www.headshop.nl\/es\/wp-json\/wp\/v2\/types\/product"}],"wp:featuredmedia":[{"embeddable":true,"href":"https:\/\/www.headshop.nl\/es\/wp-json\/wp\/v2\/media\/82195"}],"wp:attachment":[{"href":"https:\/\/www.headshop.nl\/es\/wp-json\/wp\/v2\/media?parent=37835"}],"wp:term":[{"taxonomy":"product_brand","embeddable":true,"href":"https:\/\/www.headshop.nl\/es\/wp-json\/wp\/v2\/product_brand?post=37835"},{"taxonomy":"product_cat","embeddable":true,"href":"https:\/\/www.headshop.nl\/es\/wp-json\/wp\/v2\/product_cat?post=37835"},{"taxonomy":"product_tag","embeddable":true,"href":"https:\/\/www.headshop.nl\/es\/wp-json\/wp\/v2\/product_tag?post=37835"}],"curies":[{"name":"wp","href":"https:\/\/api.w.org\/{rel}","templated":true}]}}