{"id":37834,"date":"2021-10-15T08:19:19","date_gmt":"2021-10-15T08:19:19","guid":{"rendered":"https:\/\/www.headshop.nl\/?post_type=product&#038;p=37834"},"modified":"2026-02-11T13:26:17","modified_gmt":"2026-02-11T13:26:17","slug":"white-maeng-da-kratom","status":"publish","type":"product","link":"https:\/\/www.headshop.nl\/es\/white-maeng-da-kratom\/","title":{"rendered":"White Maeng Da Kratom"},"content":{"rendered":"<h2 data-start=\"385\" data-end=\"420\">\u00bfQu\u00e9 es el Maeng Da Kratom blanco?<\/h2>\n<p data-start=\"421\" data-end=\"957\">La White Maeng Da Kratom es una popular variedad de la Kratom conocida por sus propiedades energizantes. Derivada del \u00e1rbol Mitragyna speciosa, esta variedad se distingue por su alto contenido en alcaloides, en particular la mitraginina, responsable de sus efectos estimulantes y de mejora del estado de \u00e1nimo. Las hojas se recolectan cuidadosamente cuando est\u00e1n parcialmente maduras, lo que garantiza que conserven la m\u00e1xima cantidad de alcaloides psicoactivos. Este m\u00e9todo especial de recolecci\u00f3n, combinado con el proceso de secado oscuro, confiere a la White Maeng Da su color blanco \u00fanico.<\/p>\n<p data-start=\"959\" data-end=\"1466\">Com\u00fanmente utilizado como un refuerzo de energ\u00eda natural, White Maeng Da es ideal para aquellos que buscan una alternativa a la cafe\u00edna u otros estimulantes. Puede ayudar a mejorar la atenci\u00f3n, la concentraci\u00f3n y la claridad mental, lo que la convierte en la opci\u00f3n preferida de quienes necesitan un est\u00edmulo mental o un chute extra de energ\u00eda durante el d\u00eda. Para obtener resultados \u00f3ptimos, los consumidores suelen prepararla en infusi\u00f3n, donde el cuerpo absorbe r\u00e1pidamente los alcaloides. Sus efectos suelen empezar a los 15 minutos de consumirla y pueden durar varias horas.<\/p>\n<h2 data-start=\"1473\" data-end=\"1510\">Historia de White Maeng Da Kratom<\/h2>\n<p data-start=\"1511\" data-end=\"1955\">La Maeng Da Kratom blanca procede del sudeste asi\u00e1tico, donde las comunidades locales llevan siglos utilizando la Kratom por sus propiedades medicinales. El t\u00e9rmino \"Maeng Da\" se refiere a una variedad de primera calidad especialmente cultivada de Kratom, y se considera una de las cepas m\u00e1s fuertes disponibles. A diferencia de otras cepas de Kratom, la Maeng Da Kratom se cosecha de forma que se maximiza el contenido de alcaloides de las hojas, lo que resulta en su potencia distintiva.<\/p>\n<p data-start=\"1957\" data-end=\"2593\">La cepa Maeng Da se cultiv\u00f3 originalmente en Thailandia y desde entonces se ha extendido a otras partes del sudeste asi\u00e1tico, donde se hizo muy apreciada por sus efectos vigorizantes y de mejora del estado de \u00e1nimo. Con el tiempo, la White Maeng Da Kratom ha ganado popularidad en los mercados occidentales, sobre todo en Estados Unidos, donde se la reconoce por sus propiedades energizantes y estimulantes de la concentraci\u00f3n. En California, se suele mezclar con batidos o t\u00e9s para obtener un impulso energ\u00e9tico natural y sostenible. Sus caracter\u00edsticas \u00fanicas, como el proceso especial de secado, la distinguen de otras cepas Kratom, y su continua demanda ha contribuido a su difusi\u00f3n mundial.<\/p>\n<h2 data-start=\"2600\" data-end=\"2637\">C\u00f3mo utilizar el Maeng Da Kratom blanco<\/h2>\n<p data-start=\"2638\" data-end=\"3093\">La forma m\u00e1s com\u00fan y eficaz de utilizar el Maeng Da Kratom blanco es prepararlo en infusi\u00f3n. Para prepararlo, disuelva de 4 a 5 gramos de Kratom en polvo en agua caliente (entre 70 y 95 grados Celsius) y d\u00e9jelo reposar de 3 a 5 minutos. No es necesario colar la infusi\u00f3n, ya que se puede consumir toda la mezcla. La dosis recomendada es de entre 3 y 5 gramos para un efecto de leve a moderado, pero los usuarios deben ajustarla seg\u00fan su sensibilidad y peso corporal.<\/p>\n<p data-start=\"3095\" data-end=\"3672\">Es importante tener en cuenta que los efectos energizantes de White Maeng Da pueden tardar unos 15 minutos en notarse, dependiendo de factores individuales como la edad, la salud y el sexo. Los usuarios siempre deben comenzar con una dosis baja, especialmente si son nuevos a Kratom, y aumentar gradualmente sobre la base de la experiencia personal. Algunos usuarios mezclan el polvo de Kratom en batidos o licuados para facilitar su consumo. Sin embargo, se debe tener cuidado para evitar la ingesta excesiva, ya que las dosis m\u00e1s altas de White Maeng Da puede conducir a efectos calmantes, en lugar de la inyecci\u00f3n de energ\u00eda que es conocido por.<\/p>\n<h2 data-start=\"3679\" data-end=\"3720\">Ingredientes del blanco Maeng Da Kratom<\/h2>\n<p data-start=\"3721\" data-end=\"4101\">El ingrediente principal de White Maeng Da Kratom es la hoja en polvo del \u00e1rbol Mitragyna speciosa. Las hojas se recogen cuidadosamente en el momento adecuado, cuando est\u00e1n parcialmente maduras, lo que garantiza la conservaci\u00f3n del m\u00e1ximo n\u00famero de alcaloides. Estos alcaloides, entre los que se encuentran la mitraginina y la 7-hidroximitraginina, son los responsables de los efectos estimulantes y estimulantes del estado de \u00e1nimo de esta variedad.<\/p>\n<p data-start=\"4103\" data-end=\"4522\">Una vez recolectadas, las hojas se someten a un proceso de secado \u00fanico en el que se mantienen en condiciones de oscuridad para preservar los alcaloides. El proceso de secado tambi\u00e9n contribuye al caracter\u00edstico color blanco de esta cepa. No hay aditivos artificiales o productos qu\u00edmicos en White Maeng Da Kratom, por lo que es un suplemento natural, a base de plantas. Esta pureza garantiza que los usuarios reciban todos los beneficios de los compuestos activos de la Kratom.<\/p>\n<p data-start=\"4524\" data-end=\"4879\">El contenido de alcaloides de la White Maeng Da Kratom es uno de los m\u00e1s altos entre las cepas Kratom, lo que la hace especialmente eficaz para aumentar los niveles de energ\u00eda y mejorar la claridad mental. Cuando se utiliza de forma responsable, esta cepa ofrece una alternativa natural a la cafe\u00edna y otros estimulantes, sin los efectos secundarios asociados a menudo con los potenciadores de energ\u00eda sint\u00e9ticos.<\/p>\n<p data-start=\"4886\" data-end=\"5215\" data-is-last-node=\"\"><strong data-start=\"4886\" data-end=\"4898\">Advertencia:<\/strong><br data-start=\"4898\" data-end=\"4901\" \/>La venta y el uso de este producto est\u00e1n prohibidos a los menores de 18 a\u00f1os. Mant\u00e9ngase fuera del alcance de los ni\u00f1os. No lo utilice si tiene la tensi\u00f3n alta o baja, problemas card\u00edacos o pulmonares, diabetes, est\u00e1 embarazada o est\u00e1 tomando medicamentos, drogas o alcohol. Consulte siempre a un profesional sanitario antes de utilizarlo.<\/p>","protected":false},"excerpt":{"rendered":"<p>White Maeng Da Kratom es una cepa potente y energizante de Kratom conocida por su alta concentraci\u00f3n de alcaloides psicoactivos. Esta cepa es ideal para aquellos que buscan un impulso natural de energ\u00eda, claridad mental y concentraci\u00f3n. Con un proceso de secado cuidadosamente controlado, White Maeng Da ofrece efectos potentes y se consume com\u00fanmente en forma de t\u00e9 para obtener resultados \u00f3ptimos.<\/p>","protected":false},"featured_media":82197,"template":"","meta":[],"product_brand":[],"product_cat":[390,297,389,817,396,405,384],"product_tag":[],"class_list":{"0":"post-37834","1":"product","2":"type-product","3":"status-publish","4":"has-post-thumbnail","6":"product_cat-kratom","7":"product_cat-all-products","8":"product_cat-herbs","9":"product_cat-kratopia","10":"product_cat-relax","11":"product_cat-relax-herbs","12":"product_cat-smartshop","13":"product_shipping_class-group-7","15":"first","16":"instock","17":"taxable","18":"shipping-taxable","19":"purchasable","20":"product-type-variable","21":"has-default-attributes"},"_links":{"self":[{"href":"https:\/\/www.headshop.nl\/es\/wp-json\/wp\/v2\/product\/37834","targetHints":{"allow":["GET"]}}],"collection":[{"href":"https:\/\/www.headshop.nl\/es\/wp-json\/wp\/v2\/product"}],"about":[{"href":"https:\/\/www.headshop.nl\/es\/wp-json\/wp\/v2\/types\/product"}],"wp:featuredmedia":[{"embeddable":true,"href":"https:\/\/www.headshop.nl\/es\/wp-json\/wp\/v2\/media\/82197"}],"wp:attachment":[{"href":"https:\/\/www.headshop.nl\/es\/wp-json\/wp\/v2\/media?parent=37834"}],"wp:term":[{"taxonomy":"product_brand","embeddable":true,"href":"https:\/\/www.headshop.nl\/es\/wp-json\/wp\/v2\/product_brand?post=37834"},{"taxonomy":"product_cat","embeddable":true,"href":"https:\/\/www.headshop.nl\/es\/wp-json\/wp\/v2\/product_cat?post=37834"},{"taxonomy":"product_tag","embeddable":true,"href":"https:\/\/www.headshop.nl\/es\/wp-json\/wp\/v2\/product_tag?post=37834"}],"curies":[{"name":"wp","href":"https:\/\/api.w.org\/{rel}","templated":true}]}}