{"id":37830,"date":"2021-10-15T08:19:10","date_gmt":"2021-10-15T08:19:10","guid":{"rendered":"https:\/\/www.headshop.nl\/?post_type=product&#038;p=37830"},"modified":"2025-11-18T14:38:00","modified_gmt":"2025-11-18T14:38:00","slug":"white-bali-kratom","status":"publish","type":"product","link":"https:\/\/www.headshop.nl\/es\/white-bali-kratom\/","title":{"rendered":"White Bali Kratom"},"content":{"rendered":"<h2 data-start=\"367\" data-end=\"398\">\u00bfQu\u00e9 es White Bali Kratom?<\/h2>\n<p data-start=\"399\" data-end=\"787\">La White Bali Kratom es una cepa de Mitragyna speciosa, un \u00e1rbol originario del sudeste asi\u00e1tico. Al igual que otras variedades Kratom, White Bali se deriva de las hojas del \u00e1rbol Kratom, pero sus efectos \u00fanicos provienen de los m\u00e9todos espec\u00edficos de procesamiento y cosecha utilizados. La White Bali es conocida por proporcionar una sensaci\u00f3n energizante y euf\u00f3rica, lo que la convierte en una de las variedades Kratom m\u00e1s populares en todo el mundo.<\/p>\n<p data-start=\"789\" data-end=\"1260\">El principal beneficio de White Bali Kratom es su capacidad para aumentar la energ\u00eda y mejorar el estado de \u00e1nimo. A menudo se utiliza para combatir la fatiga, mejorar la concentraci\u00f3n y promover la sensaci\u00f3n de bienestar. Los usuarios afirman experimentar una mayor concentraci\u00f3n, claridad mental y motivaci\u00f3n tras consumir White Bali Kratom. Esta cepa es particularmente favorecida por las personas que necesitan un impulso de energ\u00eda mental y f\u00edsica, ya sea para la productividad o simplemente para empezar el d\u00eda sinti\u00e9ndose vigorizado.<\/p>\n<p data-start=\"1262\" data-end=\"1544\">La composici\u00f3n qu\u00edmica \u00fanica de la White Bali Kratom, resultante de la combinaci\u00f3n de las hojas de varios \u00e1rboles Kratom, contribuye a sus efectos distintivos. Suele secarse en el lugar donde se encuentra el \u00e1rbol, ya sea en Borneo, Sumatra o Bali, para preservar sus potentes alcaloides.<\/p>\n<h2 data-start=\"1551\" data-end=\"1584\">Historia de White Bali Kratom<\/h2>\n<p data-start=\"1585\" data-end=\"2006\">La historia de la Bali Kratom blanca est\u00e1 ligada al uso tradicional de la Kratom en el sudeste asi\u00e1tico. Durante siglos, los pueblos ind\u00edgenas de esta regi\u00f3n han confiado en el Kratom por sus propiedades medicinales, como el alivio del dolor, la mejora del estado de \u00e1nimo y el aumento de la energ\u00eda. Sin embargo, la White Bali Kratom gan\u00f3 popularidad espec\u00edficamente debido a sus propiedades \u00fanicas, en particular su capacidad para proporcionar una experiencia energizante y euf\u00f3rica.<\/p>\n<p data-start=\"2008\" data-end=\"2427\">White Bali Kratom es una mezcla de hojas de diferentes \u00e1rboles Kratom que se encuentran en Borneo, Sumatra y Bali. Estos \u00e1rboles se seleccionan cuidadosamente por su contenido en alcaloides, que var\u00eda seg\u00fan la regi\u00f3n y las condiciones de cultivo. El proceso de secado desempe\u00f1a un papel fundamental en el mantenimiento de la potencia de los alcaloides, ya que las hojas se secan in situ en el lugar donde se encuentra el \u00e1rbol, lo que ayuda a preservar sus efectos naturales.<\/p>\n<p data-start=\"2429\" data-end=\"2725\">A lo largo de los a\u00f1os, White Bali Kratom ha ido ganando popularidad, especialmente en los pa\u00edses occidentales, debido a su notable capacidad para levantar el \u00e1nimo y dar energ\u00eda a los usuarios. Se ha convertido en la opci\u00f3n favorita de aquellos que buscan un estimulante natural que no conlleve los riesgos asociados a las alternativas sint\u00e9ticas.<\/p>\n<h2 data-start=\"2732\" data-end=\"2765\">C\u00f3mo utilizar White Bali Kratom<\/h2>\n<p data-start=\"2766\" data-end=\"3098\">La forma m\u00e1s com\u00fan de consumir White Bali Kratom es prepar\u00e1ndolo en t\u00e9. Para preparar el t\u00e9, simplemente disuelva de 4 a 5 gramos de polvo de White Bali Kratom en agua caliente (entre 70-95\u00b0C) y d\u00e9jelo reposar de 3 a 5 minutos. Este m\u00e9todo le permite disfrutar de todos los efectos del Kratom al tiempo que le proporciona una experiencia relajante y agradable.<\/p>\n<p data-start=\"3100\" data-end=\"3441\">Para obtener resultados \u00f3ptimos, se recomienda comenzar con una dosis baja y aumentarla gradualmente seg\u00fan sea necesario, bas\u00e1ndose en la respuesta de su cuerpo. Los efectos energizantes de White Bali Kratom suelen empezar a notarse a los 15 minutos y pueden durar varias horas, dependiendo de la dosis y de factores individuales como el peso y el metabolismo.<\/p>\n<p data-start=\"3443\" data-end=\"3774\">Tambi\u00e9n es habitual que los usuarios mezclen White Bali Kratom con zumos de frutas u otras bebidas para potenciar el sabor y los efectos. Aunque el t\u00e9 es el m\u00e9todo preferido, la White Bali Kratom tambi\u00e9n puede ingerirse en forma de c\u00e1psulas o a\u00f1adirse a batidos. Como con todas las cepas Kratom, es importante consumirla de forma responsable y evitar el uso excesivo.<\/p>\n<h2 data-start=\"3781\" data-end=\"3818\">Ingredientes del blanco Bali Kratom<\/h2>\n<p data-start=\"3819\" data-end=\"4292\">El ingrediente principal de White Bali Kratom es la hoja en polvo del \u00e1rbol Mitragyna speciosa, concretamente las hojas recolectadas de \u00e1rboles Kratom de regiones como Borneo, Sumatra y Bali. Estos \u00e1rboles se seleccionan por su contenido en alcaloides, que confieren al White Bali Kratom sus efectos energizantes y euforizantes. Los principales compuestos activos de la White Bali Kratom son la mitraginina y la 7-hidroximitraginina, responsables de sus propiedades estimulantes y de mejora del estado de \u00e1nimo.<\/p>\n<p data-start=\"4294\" data-end=\"4726\">Una vez recolectadas, las hojas se someten a un proceso de secado para preservar la potencia de estos alcaloides. El proceso de secado var\u00eda seg\u00fan el lugar, pero normalmente se lleva a cabo en el entorno natural donde crecen los \u00e1rboles, lo que ayuda a mantener la pureza de la planta. Al seleccionar y procesar cuidadosamente las hojas, White Bali Kratom conserva sus efectos distintivos, proporcionando a los usuarios un impulso de energ\u00eda natural y una mayor concentraci\u00f3n.<\/p>\n<p data-start=\"4728\" data-end=\"4992\">Como producto puro y natural, White Bali Kratom no contiene productos qu\u00edmicos artificiales ni aditivos, por lo que es una forma limpia y eficaz de experimentar los beneficios del Kratom. Est\u00e1 libre de cualquier sustancia sint\u00e9tica, ofreciendo una alternativa a base de plantas a otros estimulantes.<\/p>\n<p data-start=\"4999\" data-end=\"5340\" data-is-last-node=\"\"><strong data-start=\"4999\" data-end=\"5011\">Advertencia:<\/strong><br data-start=\"5011\" data-end=\"5014\" \/>Este producto no est\u00e1 destinado a menores de 18 a\u00f1os. Mant\u00e9ngase fuera del alcance de los ni\u00f1os. No lo tome si padece hipertensi\u00f3n o hipotensi\u00f3n, afecciones card\u00edacas o pulmonares, diabetes, est\u00e1 embarazada o toma medicamentos, drogas o alcohol. Consulte siempre a un profesional sanitario antes de utilizar cualquier suplemento.<\/p>","protected":false},"excerpt":{"rendered":"<p>White Bali Kratom es una cepa popular conocida por sus efectos estimulantes y energizantes. Conocida por sus propiedades inductoras de euforia, esta cepa es buscada por aquellos que buscan mejorar su estado de \u00e1nimo, energ\u00eda y concentraci\u00f3n. White Bali Kratom puede disfrutarse como t\u00e9, proporcionando una forma natural y refrescante de experimentar sus efectos estimulantes.<\/p>","protected":false},"featured_media":82204,"template":"","meta":[],"product_brand":[],"product_cat":[390,297,389,817,396,405,384],"product_tag":[],"class_list":{"0":"post-37830","1":"product","2":"type-product","3":"status-publish","4":"has-post-thumbnail","6":"product_cat-kratom","7":"product_cat-all-products","8":"product_cat-herbs","9":"product_cat-kratopia","10":"product_cat-relax","11":"product_cat-relax-herbs","12":"product_cat-smartshop","13":"product_shipping_class-group-7","15":"first","16":"instock","17":"taxable","18":"shipping-taxable","19":"purchasable","20":"product-type-variable","21":"has-default-attributes"},"_links":{"self":[{"href":"https:\/\/www.headshop.nl\/es\/wp-json\/wp\/v2\/product\/37830","targetHints":{"allow":["GET"]}}],"collection":[{"href":"https:\/\/www.headshop.nl\/es\/wp-json\/wp\/v2\/product"}],"about":[{"href":"https:\/\/www.headshop.nl\/es\/wp-json\/wp\/v2\/types\/product"}],"wp:featuredmedia":[{"embeddable":true,"href":"https:\/\/www.headshop.nl\/es\/wp-json\/wp\/v2\/media\/82204"}],"wp:attachment":[{"href":"https:\/\/www.headshop.nl\/es\/wp-json\/wp\/v2\/media?parent=37830"}],"wp:term":[{"taxonomy":"product_brand","embeddable":true,"href":"https:\/\/www.headshop.nl\/es\/wp-json\/wp\/v2\/product_brand?post=37830"},{"taxonomy":"product_cat","embeddable":true,"href":"https:\/\/www.headshop.nl\/es\/wp-json\/wp\/v2\/product_cat?post=37830"},{"taxonomy":"product_tag","embeddable":true,"href":"https:\/\/www.headshop.nl\/es\/wp-json\/wp\/v2\/product_tag?post=37830"}],"curies":[{"name":"wp","href":"https:\/\/api.w.org\/{rel}","templated":true}]}}