{"id":37826,"date":"2021-10-15T08:19:03","date_gmt":"2021-10-15T08:19:03","guid":{"rendered":"https:\/\/www.headshop.nl\/?post_type=product&#038;p=37826"},"modified":"2026-02-11T13:26:17","modified_gmt":"2026-02-11T13:26:17","slug":"red-maeng-da-kratom","status":"publish","type":"product","link":"https:\/\/www.headshop.nl\/es\/red-maeng-da-kratom\/","title":{"rendered":"Red Maeng Da Kratom"},"content":{"rendered":"<h2 data-start=\"469\" data-end=\"500\">\u00bfQu\u00e9 es Red Maeng Da Kratom?<\/h2>\n<p data-start=\"502\" data-end=\"1441\">Red Maeng Da Kratom es una cepa distintiva de kratom que destaca por sus potentes efectos, que son a la vez estimulantes y calmantes. Conocido por sus propiedades energizantes, el Red Maeng Da se utiliza a menudo para mejorar el estado de \u00e1nimo, aumentar la concentraci\u00f3n y aliviar el dolor. Las hojas se recolectan y se fermentan para obtener su caracter\u00edstico color rojo, que potencia los alcaloides que contienen. Este proceso hace del Red Maeng Da una de las variedades de kratom m\u00e1s potentes disponibles. Desarrollada en Originallandia mediante el injerto de diferentes \u00e1rboles de kratom, la Red Maeng Da fue criada espec\u00edficamente para prosperar en el ambiente c\u00e1lido y h\u00famedo del sudeste asi\u00e1tico. Desde entonces se ha convertido en una opci\u00f3n popular para los usuarios de kratom de todo el mundo que buscan una forma natural de mejorar su energ\u00eda y bienestar. Aunque existe desde hace siglos en el Sudeste Asi\u00e1tico, la Red Maeng Da Kratom ha ganado popularidad en Occidente en las \u00faltimas d\u00e9cadas debido a sus potentes efectos.<\/p>\n<h2 data-start=\"1443\" data-end=\"1476\">Historia de Red Maeng Da Kratom<\/h2>\n<p data-start=\"1478\" data-end=\"2508\">La historia de la Red Maeng Da Kratom se remonta a finales del siglo XIX en Thailandia. Los agricultores Thai, en busca de un \u00e1rbol de kratom m\u00e1s resistente que pudiera soportar el clima c\u00e1lido y h\u00famedo del pa\u00eds, empezaron a experimentar con el injerto de diferentes cepas de kratom. Mediante este innovador m\u00e9todo, crearon la cepa Maeng Da, dise\u00f1ada espec\u00edficamente para soportar los retos medioambientales del sudeste asi\u00e1tico. A diferencia de los \u00e1rboles de kratom tradicionales, que son susceptibles a las duras condiciones de la regi\u00f3n, los \u00e1rboles Maeng Da se cr\u00edan para ser m\u00e1s robustos y resistentes. El nombre \"Maeng Da\", que se traduce como \"grado chulo\" en Thai, refleja la alta potencia y la calidad superior de esta cepa. La variante roja de la Maeng Da, conocida como Red Maeng Da, se consigue mediante un proceso de fermentaci\u00f3n que mejora el contenido de alcaloides de las hojas, aumentando a\u00fan m\u00e1s su potencia y eficacia. Con el tiempo, la Maeng Da Kratom roja gan\u00f3 reconocimiento m\u00e1s all\u00e1 de Thailandia, convirti\u00e9ndose en un producto muy solicitado en todo el mundo por sus efectos equilibrados y energizantes.<\/p>\n<h2 data-start=\"2510\" data-end=\"2543\">C\u00f3mo utilizar el Maeng Da Kratom rojo<\/h2>\n<p data-start=\"2545\" data-end=\"3547\">El Maeng Da Kratom rojo suele consumirse en forma de t\u00e9, por lo que es f\u00e1cil de preparar y disfrutar. Para preparar una taza de t\u00e9 de kratom, disuelva de 4 a 5 gramos de polvo de Red Maeng Da en agua caliente, a una temperatura de entre 70 y 95 grados cent\u00edgrados. Deje reposar el t\u00e9 de 3 a 5 minutos para extraer eficazmente los alcaloides. No hay necesidad de colar el t\u00e9, ya que todos los componentes son seguros para el consumo. Cuando se utiliza Red Maeng Da por primera vez, se recomienda comenzar con una dosis m\u00e1s baja y ajustar gradualmente la cantidad en funci\u00f3n de la respuesta de su cuerpo. Mientras que muchos usuarios encuentran que de 3 a 5 gramos de polvo de kratom son suficientes para un efecto leve, los usuarios m\u00e1s experimentados pueden necesitar una dosis mayor para alcanzar el nivel de alivio deseado. Es importante recordar que los efectos del kratom pueden variar en funci\u00f3n de la tolerancia individual, por lo que es crucial utilizarlo de forma responsable y con moderaci\u00f3n. Al igual que con cualquier otro suplemento, hay que evitar un consumo excesivo para no crear tolerancia o experimentar efectos secundarios no deseados.<\/p>\n<h2 data-start=\"3549\" data-end=\"3586\">Ingredientes del rojo Maeng Da Kratom<\/h2>\n<p data-start=\"3588\" data-end=\"4651\">El ingrediente principal de Red Maeng Da Kratom es <strong data-start=\"3637\" data-end=\"3659\">Mitragyna speciosa<\/strong>El kratom es un \u00e1rbol tropical originario del sudeste asi\u00e1tico. Las hojas de este \u00e1rbol se recogen cuidadosamente y se transforman en polvo, que luego se utiliza para crear el suplemento de kratom. El Red Maeng Da se distingue de otras variedades de kratom por su proceso de fermentaci\u00f3n, que no s\u00f3lo confiere a las hojas su caracter\u00edstico color rojo, sino que tambi\u00e9n amplifica los alcaloides responsables de sus potentes efectos. El proceso de fermentaci\u00f3n aumenta las propiedades de esta cepa para mejorar el estado de \u00e1nimo, energizar y aliviar el dolor, convirti\u00e9ndola en un producto muy codiciado entre los consumidores de kratom. Al igual que otras cepas de kratom, la Red Maeng Da contiene alcaloides como la mitraginina y la 7-hidroximitraginina, que interact\u00faan con los receptores del cuerpo para producir sus efectos. Aunque la mezcla exacta de las hojas utilizadas en Red Maeng Da es patentada, siempre se deriva de Mitragyna speciosa, que tiene una larga historia de uso en la medicina tradicional en el sudeste asi\u00e1tico. Red Maeng Da Kratom se utiliza mejor de manera responsable para garantizar un uso seguro y eficaz.<\/p>\n<p data-start=\"4653\" data-end=\"4665\"><strong data-start=\"4653\" data-end=\"4665\">Advertencia:<\/strong><\/p>\n<p data-start=\"4667\" data-end=\"4982\">La venta y el uso de Red Maeng Da Kratom est\u00e1n prohibidos a menores de 18 a\u00f1os. Mant\u00e9ngase fuera del alcance de los ni\u00f1os. No lo utilice si tiene la tensi\u00f3n alta o baja, problemas card\u00edacos o pulmonares, diabetes, est\u00e1 embarazada o est\u00e1 tomando medicamentos, drogas o alcohol. Consulte siempre a un profesional sanitario antes de utilizarlo.<\/p>","protected":false},"excerpt":{"rendered":"<p>Realmente no puedes equivocarte con ninguna variedad de Maeng Da y la Roja no es una excepci\u00f3n. Conocida por ser una de las variedades m\u00e1s fuertes, tiene muchos alcaloides psicoactivos que causan efectos tanto f\u00edsicos como mentales que, cuando se usan con precauci\u00f3n, promueven interesantes beneficios para tu bienestar.<\/p>","protected":false},"featured_media":82210,"template":"","meta":[],"product_brand":[],"product_cat":[390,297,389,817,396,405,384,625],"product_tag":[],"class_list":{"0":"post-37826","1":"product","2":"type-product","3":"status-publish","4":"has-post-thumbnail","6":"product_cat-kratom","7":"product_cat-all-products","8":"product_cat-herbs","9":"product_cat-kratopia","10":"product_cat-relax","11":"product_cat-relax-herbs","12":"product_cat-smartshop","13":"product_cat-smartshop-top-10","14":"product_shipping_class-group-7","16":"first","17":"instock","18":"taxable","19":"shipping-taxable","20":"purchasable","21":"product-type-variable","22":"has-default-attributes"},"_links":{"self":[{"href":"https:\/\/www.headshop.nl\/es\/wp-json\/wp\/v2\/product\/37826","targetHints":{"allow":["GET"]}}],"collection":[{"href":"https:\/\/www.headshop.nl\/es\/wp-json\/wp\/v2\/product"}],"about":[{"href":"https:\/\/www.headshop.nl\/es\/wp-json\/wp\/v2\/types\/product"}],"wp:featuredmedia":[{"embeddable":true,"href":"https:\/\/www.headshop.nl\/es\/wp-json\/wp\/v2\/media\/82210"}],"wp:attachment":[{"href":"https:\/\/www.headshop.nl\/es\/wp-json\/wp\/v2\/media?parent=37826"}],"wp:term":[{"taxonomy":"product_brand","embeddable":true,"href":"https:\/\/www.headshop.nl\/es\/wp-json\/wp\/v2\/product_brand?post=37826"},{"taxonomy":"product_cat","embeddable":true,"href":"https:\/\/www.headshop.nl\/es\/wp-json\/wp\/v2\/product_cat?post=37826"},{"taxonomy":"product_tag","embeddable":true,"href":"https:\/\/www.headshop.nl\/es\/wp-json\/wp\/v2\/product_tag?post=37826"}],"curies":[{"name":"wp","href":"https:\/\/api.w.org\/{rel}","templated":true}]}}