{"id":37824,"date":"2021-10-15T08:18:58","date_gmt":"2021-10-15T08:18:58","guid":{"rendered":"https:\/\/www.headshop.nl\/?post_type=product&#038;p=37824"},"modified":"2025-12-24T01:26:28","modified_gmt":"2025-12-24T01:26:28","slug":"red-borneo-kratom","status":"publish","type":"product","link":"https:\/\/www.headshop.nl\/es\/red-borneo-kratom\/","title":{"rendered":"Red Borneo Kratom"},"content":{"rendered":"<h2 data-start=\"379\" data-end=\"408\">\u00bfQu\u00e9 es Red Borneo Kratom?<\/h2>\n<p data-start=\"410\" data-end=\"1455\">Red Borneo Kratom es una cepa \u00fanica que procede de la isla de Borneo, concretamente de la parte indonesia conocida como Kalimantan. Esta cepa est\u00e1 profundamente arraigada en la cultura local, donde se venera como remedio natural para muchos problemas de salud comunes. Los habitantes de Kalimantan han utilizado hist\u00f3ricamente el kratom de diversas formas, como fumando las hojas secas. Sin embargo, el uso moderno m\u00e1s com\u00fan es prepararlo en un t\u00e9 relajante y energizante. Las hojas de kratom se secan durante un per\u00edodo m\u00e1s largo, seguido de un ligero proceso de fermentaci\u00f3n, que potencia los alcaloides naturales presentes en la planta. El Red Borneo Kratom es especialmente conocido por su equilibrio entre efectos energizantes y cualidades para levantar el \u00e1nimo. Ofrece un subid\u00f3n de energ\u00eda m\u00e1s suave y relajado que otras variedades, lo que la convierte en la favorita de quienes buscan un estimulante natural sin la intensidad de las variedades m\u00e1s fuertes. Si lo que buscas es aliviar el estr\u00e9s, mejorar la concentraci\u00f3n, o simplemente obtener un impulso de energ\u00eda suave, Red Borneo Kratom es una excelente opci\u00f3n para una soluci\u00f3n natural, a base de hierbas.<\/p>\n<h2 data-start=\"1457\" data-end=\"1488\">Historia de Red Borneo Kratom<\/h2>\n<p data-start=\"1490\" data-end=\"2583\">La historia del Red Borneo Kratom se remonta a los ind\u00edgenas de Kalimantan, la parte indonesia de la isla de Borneo. Durante siglos, los lugare\u00f1os han utilizado el kratom como medicina tradicional, consider\u00e1ndolo un remedio natural para diversas dolencias. A menudo se refer\u00edan a las hojas del \u00e1rbol del kratom como \"hojas celestiales\", enfatizando su creencia en las poderosas propiedades curativas de la planta. Tradicionalmente, las hojas se consum\u00edan de muchas formas, incluso fumadas en cigarrillos caseros. Sin embargo, con el paso del tiempo, los consumidores modernos de Kalimantan han optado por preparar las hojas en t\u00e9 para disfrutar de una experiencia m\u00e1s controlada y relajante. Las hojas utilizadas para elaborar el Red Borneo Kratom se seleccionan espec\u00edficamente por su proceso de secado m\u00e1s largo y se someten a una fase de fermentaci\u00f3n suave. Esta preparaci\u00f3n \u00fanica ayuda a potenciar el contenido de alcaloides, lo que confiere a la variedad sus efectos distintivos. A lo largo de los a\u00f1os, la Red Borneo Kratom se ha ganado el reconocimiento internacional por sus cualidades equilibradas y eficaces, y muchas personas de todo el mundo la han adoptado como parte de su rutina diaria.<\/p>\n<h2 data-start=\"2585\" data-end=\"2616\">C\u00f3mo utilizar Red Borneo Kratom<\/h2>\n<p data-start=\"2618\" data-end=\"3675\">El Red Borneo Kratom se consume mejor en forma de t\u00e9 calmante, que es f\u00e1cil de preparar y permite experimentar toda su gama de beneficios. Para preparar una taza de t\u00e9 Red Borneo Kratom, disuelva de 4 a 5 gramos de polvo de kratom en agua caliente a una temperatura de entre 70 y 95 grados Celsius. Se recomienda dejar reposar el t\u00e9 de 3 a 5 minutos para extraer completamente los alcaloides beneficiosos de las hojas de kratom. No es necesario filtrar el t\u00e9, ya que se pueden consumir todas las partes del kratom. Cuando se utiliza Red Borneo Kratom por primera vez, es aconsejable comenzar con una dosis m\u00e1s peque\u00f1a para evaluar c\u00f3mo responde su cuerpo, ya que los efectos pueden variar dependiendo de su tolerancia individual y la sensibilidad. Muchos usuarios encuentran que de 3 a 5 gramos de Red Borneo Kratom proporciona un efecto suave, mientras que los usuarios m\u00e1s experimentados pueden necesitar una dosis ligeramente superior. Esta cepa es conocida por su equilibrio entre energ\u00eda y calma, lo que la hace perfecta para el uso diurno o como potenciador natural del estado de \u00e1nimo. Utiliza siempre el kratom de forma responsable para evitar crear tolerancia o experimentar efectos secundarios.<\/p>\n<h2 data-start=\"3677\" data-end=\"3712\">Ingredientes de Red Borneo Kratom<\/h2>\n<p data-start=\"3714\" data-end=\"4763\">El ingrediente clave de Red Borneo Kratom es <strong data-start=\"3757\" data-end=\"3779\">Mitragyna speciosa<\/strong>Mitragyna speciosa es un \u00e1rbol tropical originario del sudeste asi\u00e1tico. Las hojas del \u00e1rbol Mitragyna speciosa se cosechan, secan y procesan para crear el polvo de kratom. El Red Borneo Kratom se somete a un proceso espec\u00edfico de secado y ligera fermentaci\u00f3n que le confiere sus cualidades \u00fanicas. El mayor tiempo de secado y la fermentaci\u00f3n suave mejoran el contenido de alcaloides en las hojas, lo que resulta en un efecto m\u00e1s potente pero equilibrado. Los principales alcaloides de la Red Borneo Kratom son la mitraginina y la 7-hidroximitraginina, que interact\u00faan con los receptores del cuerpo para promover una sensaci\u00f3n de bienestar, aumentar la energ\u00eda y aliviar las molestias. Aunque el proceso de fermentaci\u00f3n es clave para desarrollar los efectos distintivos del Red Borneo, la calidad general de las hojas es esencial para garantizar que el kratom conserve su potencia. Tanto si se consume en t\u00e9 como en otras formas, los ingredientes cuidadosamente procesados del Red Borneo Kratom lo convierten en una excelente opci\u00f3n para quienes buscan un impulso de energ\u00eda natural con efecto calmante.<\/p>\n<p data-start=\"4765\" data-end=\"4777\"><strong data-start=\"4765\" data-end=\"4777\">Advertencia:<\/strong><\/p>\n<p data-start=\"4779\" data-end=\"5092\">La venta y el uso de Red Borneo Kratom est\u00e1n prohibidos a los menores de 18 a\u00f1os. Mant\u00e9ngase fuera del alcance de los ni\u00f1os. No lo utilice si tiene la tensi\u00f3n alta o baja, problemas card\u00edacos o pulmonares, diabetes, est\u00e1 embarazada o est\u00e1 tomando medicamentos, drogas o alcohol. Consulte siempre a un profesional sanitario antes de utilizarlo.<\/p>\n<hr data-start=\"5094\" data-end=\"5097\" \/>\n<p data-start=\"5099\" data-end=\"5250\" data-is-last-node=\"\">","protected":false},"excerpt":{"rendered":"<p>As\u00ed que si buscas una inyecci\u00f3n de energ\u00eda duradera, este kratom tiene lo que necesitas para mantenerte cargado. Y no tiene ninguno de esos desagradables efectos secundarios como sabores desagradables o sobreestimulaci\u00f3n que te quitan demasiado tiempo del d\u00eda. No pierdas de vista el Red Borneo Kratom, \u00a1un extraordinario superenerg\u00e9tico!<\/p>","protected":false},"featured_media":82213,"template":"","meta":[],"product_brand":[],"product_cat":[390,297,389,817,396,405,384],"product_tag":[],"class_list":{"0":"post-37824","1":"product","2":"type-product","3":"status-publish","4":"has-post-thumbnail","6":"product_cat-kratom","7":"product_cat-all-products","8":"product_cat-herbs","9":"product_cat-kratopia","10":"product_cat-relax","11":"product_cat-relax-herbs","12":"product_cat-smartshop","13":"product_shipping_class-group-7","15":"first","16":"instock","17":"taxable","18":"shipping-taxable","19":"purchasable","20":"product-type-variable","21":"has-default-attributes"},"_links":{"self":[{"href":"https:\/\/www.headshop.nl\/es\/wp-json\/wp\/v2\/product\/37824","targetHints":{"allow":["GET"]}}],"collection":[{"href":"https:\/\/www.headshop.nl\/es\/wp-json\/wp\/v2\/product"}],"about":[{"href":"https:\/\/www.headshop.nl\/es\/wp-json\/wp\/v2\/types\/product"}],"wp:featuredmedia":[{"embeddable":true,"href":"https:\/\/www.headshop.nl\/es\/wp-json\/wp\/v2\/media\/82213"}],"wp:attachment":[{"href":"https:\/\/www.headshop.nl\/es\/wp-json\/wp\/v2\/media?parent=37824"}],"wp:term":[{"taxonomy":"product_brand","embeddable":true,"href":"https:\/\/www.headshop.nl\/es\/wp-json\/wp\/v2\/product_brand?post=37824"},{"taxonomy":"product_cat","embeddable":true,"href":"https:\/\/www.headshop.nl\/es\/wp-json\/wp\/v2\/product_cat?post=37824"},{"taxonomy":"product_tag","embeddable":true,"href":"https:\/\/www.headshop.nl\/es\/wp-json\/wp\/v2\/product_tag?post=37824"}],"curies":[{"name":"wp","href":"https:\/\/api.w.org\/{rel}","templated":true}]}}