{"id":37822,"date":"2021-10-15T08:18:56","date_gmt":"2021-10-15T08:18:56","guid":{"rendered":"https:\/\/www.headshop.nl\/?post_type=product&#038;p=37822"},"modified":"2025-11-18T14:38:03","modified_gmt":"2025-11-18T14:38:03","slug":"red-bali-kratom","status":"publish","type":"product","link":"https:\/\/www.headshop.nl\/es\/red-bali-kratom\/","title":{"rendered":"Red Bali Kratom"},"content":{"rendered":"<h2 data-start=\"502\" data-end=\"538\">\u00bfQu\u00e9 es Kratopia Rojo Bali Kratom?<\/h2>\n<p data-start=\"540\" data-end=\"1603\">Kratopia Red Bali Kratom es una cepa popular que se ha convertido en la favorita de los principiantes por sus efectos redondos y su sabor m\u00e1s suave. Conocida por su capacidad para mejorar las interacciones sociales, la Red Bali Kratom hace que los usuarios se sientan m\u00e1s emp\u00e1ticos y conectados, mejorando sus experiencias sociales en general. Tiene una composici\u00f3n \u00fanica de alcaloides, proporcionando un efecto equilibrado que funciona tanto para levantar el \u00e1nimo como para aliviar el dolor. Esta cepa es particularmente favorecida por su sabor m\u00e1s suave, que la hace m\u00e1s agradable al paladar en comparaci\u00f3n con otras cepas m\u00e1s amargas. A menudo, los usuarios descubren que la Red Bali Kratom les ayuda a sentirse m\u00e1s relajados y a gusto en entornos sociales, a la vez que les proporciona alivio del malestar f\u00edsico. La combinaci\u00f3n de sus efectos sociales y calmantes la convierte en una opci\u00f3n vers\u00e1til para aquellos que buscan mejorar su bienestar general. La Red Bali Kratom es especialmente adecuada para los novatos, ya que les permite experimentar los beneficios del kratom sin efectos abrumadores, lo que la convierte en un excelente punto de partida para explorar esta poderosa planta.<\/p>\n<h2 data-start=\"1605\" data-end=\"1643\">Historia de Kratopia Rojo Bali Kratom<\/h2>\n<p data-start=\"1645\" data-end=\"2780\">El rojo Bali Kratom, incluida la variante Kratopia, tiene profundas ra\u00edces hist\u00f3ricas en el Sudeste Asi\u00e1tico. Se utiliza tradicionalmente en Indonesia, especialmente en la regi\u00f3n de Bali, de donde procede su nombre. Aunque en Bali no crecen \u00e1rboles de kratom, la variedad es una mezcla de hojas de \u00e1rboles de kratom que se encuentran en varias regiones del sudeste asi\u00e1tico. Hist\u00f3ricamente, la Red Bali Kratom era venerada por sus propiedades calmantes y medicinales, utilizadas por los lugare\u00f1os para controlar el dolor, mejorar el estado de \u00e1nimo y aliviar el estr\u00e9s. Como cepa vers\u00e1til, la Red Bali Kratom tambi\u00e9n se utilizaba como potenciador social, fomentando una sensaci\u00f3n de tranquilidad y conexi\u00f3n entre las personas. Con el tiempo, a medida que crec\u00eda la popularidad del kratom en Occidente, la Red Bali se convirti\u00f3 en una de las cepas m\u00e1s reconocidas por sus efectos suaves y sus beneficios para el bienestar general. En la actualidad, muchos usuarios recurren a la Red Bali Kratom por su capacidad para aliviar el dolor y mejorar el estado de \u00e1nimo sin necesidad de recurrir a medicamentos agresivos. Con sus ra\u00edces hist\u00f3ricas y su creciente atractivo global, la Kratopia Red Bali Kratom sigue siendo una opci\u00f3n de primera para aquellos que buscan una experiencia de kratom equilibrada y placentera.<\/p>\n<h2 data-start=\"2782\" data-end=\"2820\">C\u00f3mo utilizar Kratopia Rojo Bali Kratom<\/h2>\n<p data-start=\"2822\" data-end=\"3892\">El uso de Kratopia Rojo Bali Kratom es sencillo y puede disfrutarse en forma de t\u00e9. Para prepararlo, disuelva de 4 a 5 gramos de polvo de Kratopia Rojo Bali Kratom en agua caliente, manteniendo la temperatura entre 70 y 95 grados Celsius. Deje reposar el t\u00e9 de 3 a 5 minutos para que el kratom libere sus alcaloides beneficiosos en el agua. Una vez preparado, no es necesario filtrar el t\u00e9, ya que toda la mezcla es segura para el consumo. Para los primeros usuarios, es aconsejable comenzar con una dosis m\u00e1s peque\u00f1a para entender c\u00f3mo responde el cuerpo a esta cepa de kratom. La Red Bali Kratom es conocida por su sabor suave, que la hace m\u00e1s accesible para aquellos que se inician en el kratom. Con el tiempo, los usuarios pueden ajustar su dosis en funci\u00f3n de su sensibilidad y los efectos deseados. Para un efecto suave, una dosis inferior a 3 gramos puede ser suficiente, mientras que aquellos que buscan un efecto m\u00e1s fuerte pueden aumentar la dosis a 5-6 gramos. Independientemente de la dosis, Kratopia Red Bali Kratom ofrece una experiencia social y de mejora del estado de \u00e1nimo que es suave y muy adecuada para los que se inician en el kratom.<\/p>\n<h2 data-start=\"3894\" data-end=\"3936\">Ingredientes del Kratopia Rojo Bali Kratom<\/h2>\n<p data-start=\"3938\" data-end=\"5137\">El ingrediente clave del Kratopia Rojo Bali Kratom es <strong data-start=\"3988\" data-end=\"4010\">Mitragyna speciosa<\/strong>Mitragyna speciosa es un \u00e1rbol tropical originario del sudeste asi\u00e1tico. Las hojas del \u00e1rbol Mitragyna speciosa se recolectan, se secan y se transforman en polvo de kratom. El Bali Kratom rojo procede espec\u00edficamente de hojas cuidadosamente seleccionadas de varios \u00e1rboles de kratom que se encuentran en diferentes regiones del sudeste asi\u00e1tico. Una vez secas, las hojas se someten a un proceso especial de fermentaci\u00f3n ligera, que aumenta el contenido de alcaloides y confiere al Red Bali sus efectos caracter\u00edsticos. Los dos alcaloides principales que se encuentran en la Bali Kratom Roja son la mitraginina y la 7-hidroximitraginina. Estos compuestos interact\u00faan con los receptores del cuerpo para promover una sensaci\u00f3n de bienestar, aumentar la energ\u00eda y aliviar el dolor. La naturaleza equilibrada de Kratopia Rojo Bali Kratom proviene de la combinaci\u00f3n de estos alcaloides, que juntos proporcionan una experiencia suave y suave, ideal para aquellos que buscan una alternativa natural para aliviar el dolor y reducir el estr\u00e9s. Debido a su composici\u00f3n equilibrada, la Red Bali Kratom es especialmente eficaz para fomentar las interacciones sociales y aliviar el malestar f\u00edsico. Sus efectos bien equilibrados la convierten en una elecci\u00f3n popular tanto entre los nuevos usuarios de kratom como entre los experimentados.<\/p>\n<p data-start=\"5139\" data-end=\"5151\"><strong data-start=\"5139\" data-end=\"5151\">Advertencia:<\/strong><\/p>\n<p data-start=\"5153\" data-end=\"5473\">La venta y el uso de Kratopia Rojo Bali Kratom est\u00e1n prohibidos a menores de 18 a\u00f1os. Mant\u00e9ngase fuera del alcance de los ni\u00f1os. No lo utilice si tiene la tensi\u00f3n alta o baja, problemas card\u00edacos o pulmonares, diabetes, est\u00e1 embarazada o est\u00e1 tomando medicamentos, drogas o alcohol. Consulte siempre a un profesional sanitario antes de utilizarlo.<\/p>","protected":false},"excerpt":{"rendered":"<p>Kratopia Red Bali Kratom es una variedad equilibrada conocida por sus propiedades sociales. Con su sabor suave y su potencia moderada, es perfecta para principiantes que buscan una experiencia estimulante. Esta Red Bali Kratom es particularmente reconocida por sus potenciales efectos analg\u00e9sicos y a menudo es utilizada por aquellos que buscan una alternativa natural a los opioides. Ideal para mejorar las interacciones sociales y el estado de \u00e1nimo, la Red Bali Kratom es un gran punto de entrada para los que la consumen por primera vez.<\/p>","protected":false},"featured_media":82216,"template":"","meta":[],"product_brand":[],"product_cat":[390,297,389,817,396,405,384],"product_tag":[],"class_list":{"0":"post-37822","1":"product","2":"type-product","3":"status-publish","4":"has-post-thumbnail","6":"product_cat-kratom","7":"product_cat-all-products","8":"product_cat-herbs","9":"product_cat-kratopia","10":"product_cat-relax","11":"product_cat-relax-herbs","12":"product_cat-smartshop","13":"product_shipping_class-group-7","15":"first","16":"instock","17":"taxable","18":"shipping-taxable","19":"purchasable","20":"product-type-variable","21":"has-default-attributes"},"_links":{"self":[{"href":"https:\/\/www.headshop.nl\/es\/wp-json\/wp\/v2\/product\/37822","targetHints":{"allow":["GET"]}}],"collection":[{"href":"https:\/\/www.headshop.nl\/es\/wp-json\/wp\/v2\/product"}],"about":[{"href":"https:\/\/www.headshop.nl\/es\/wp-json\/wp\/v2\/types\/product"}],"wp:featuredmedia":[{"embeddable":true,"href":"https:\/\/www.headshop.nl\/es\/wp-json\/wp\/v2\/media\/82216"}],"wp:attachment":[{"href":"https:\/\/www.headshop.nl\/es\/wp-json\/wp\/v2\/media?parent=37822"}],"wp:term":[{"taxonomy":"product_brand","embeddable":true,"href":"https:\/\/www.headshop.nl\/es\/wp-json\/wp\/v2\/product_brand?post=37822"},{"taxonomy":"product_cat","embeddable":true,"href":"https:\/\/www.headshop.nl\/es\/wp-json\/wp\/v2\/product_cat?post=37822"},{"taxonomy":"product_tag","embeddable":true,"href":"https:\/\/www.headshop.nl\/es\/wp-json\/wp\/v2\/product_tag?post=37822"}],"curies":[{"name":"wp","href":"https:\/\/api.w.org\/{rel}","templated":true}]}}