{"id":37820,"date":"2021-10-15T08:18:54","date_gmt":"2021-10-15T08:18:54","guid":{"rendered":"https:\/\/www.headshop.nl\/?post_type=product&#038;p=37820"},"modified":"2025-11-18T14:38:03","modified_gmt":"2025-11-18T14:38:03","slug":"green-maeng-da-kratom","status":"publish","type":"product","link":"https:\/\/www.headshop.nl\/es\/green-maeng-da-kratom\/","title":{"rendered":"Green Maeng Da Kratom"},"content":{"rendered":"<h2 data-start=\"491\" data-end=\"533\">\u00bfQu\u00e9 es Kratopia Verde Maeng Da Kratom?<\/h2>\n<p data-start=\"535\" data-end=\"1627\">Kratopia Verde Maeng Da Kratom es una variante distintiva y m\u00e1s suave de la popular cepa Maeng Da. Conocida por sus propiedades energizantes, la Green Maeng Da se disfruta a menudo en forma de t\u00e9, lo que la convierte en una forma c\u00f3moda y agradable de experimentar los beneficios del kratom. A diferencia de sus hom\u00f3logas roja y blanca, m\u00e1s intensas, la Green Maeng Da es venerada por sus efectos suaves, que siguen proporcionando una experiencia estimulante y vigorizante. El perfil alcaloide de la Green Maeng Da es rico, siendo la mitraginina el alcaloide dominante. Este compuesto contribuye a los efectos estimulantes de la cepa, ayudando a aumentar la energ\u00eda, la concentraci\u00f3n y la motivaci\u00f3n. Los usuarios suelen consumir t\u00e9 Green Maeng Da por la tarde, ya que puede proporcionar un impulso de energ\u00eda sostenida sin sobreestimulaci\u00f3n. Una de las principales ventajas de esta cepa es su versatilidad: se puede ajustar a las preferencias personales experimentando con diferentes dosis. Ideal para quienes se inician en el kratom o buscan una experiencia m\u00e1s sutil, la Kratopia Green Maeng Da es una de las favoritas entre quienes buscan un equilibrio de energ\u00eda, concentraci\u00f3n y euforia suave.<\/p>\n<h2 data-start=\"1629\" data-end=\"1673\">Historia de Kratopia Verde Maeng Da Kratom<\/h2>\n<p data-start=\"1675\" data-end=\"2865\">El Maeng Da Kratom verde tiene una rica historia arraigada en el sudeste asi\u00e1tico, donde se utiliza ampliamente tanto con fines medicinales como recreativos. Se sabe que la cepa Maeng Da se origin\u00f3 en Thailandia, donde los agricultores locales criaron \u00e1rboles de kratom de forma selectiva para mejorar su potencia y calidad general. El nombre \"Maeng Da\", que significa \"grado chulo\" en Thai, se refiere a la calidad superior y la fuerza de esta cepa de kratom. A diferencia de las cepas tradicionales de kratom que se cosechan y secan en condiciones naturales, la Green Maeng Da se somete a un proceso de fermentaci\u00f3n \u00fanico que mejora su perfil de alcaloides. La incorporaci\u00f3n de la Green Maeng Da al mercado del kratom ha cambiado las reglas del juego, ya que proporciona una alternativa m\u00e1s moderada pero potente a las cepas roja y blanca m\u00e1s fuertes. La Green Maeng Da se caracteriza por sus efectos suaves, lo que la convierte en un excelente punto de entrada para quienes se inician en el kratom. En los \u00faltimos a\u00f1os, la Green Maeng Da ha ganado popularidad en el mercado occidental a medida que m\u00e1s gente descubre sus propiedades energizantes y de mejora del estado de \u00e1nimo. Su equilibrio entre energ\u00eda y calma la convierte en una cepa ideal para los usuarios que buscan una experiencia estimulante sin los efectos m\u00e1s intensos de otras variedades de kratom.<\/p>\n<h2 data-start=\"2867\" data-end=\"2911\">C\u00f3mo utilizar Kratopia Verde Maeng Da Kratom<\/h2>\n<p data-start=\"2913\" data-end=\"4058\">La forma m\u00e1s com\u00fan de disfrutar del Kratopia Verde Maeng Da Kratom es prepar\u00e1ndolo como t\u00e9. Para preparar una taza de t\u00e9 Green Maeng Da, disuelva de 4 a 5 gramos del polvo de kratom en agua caliente, asegur\u00e1ndose de que la temperatura se mantiene entre 70 y 95 grados Celsius. La infusi\u00f3n debe durar entre 3 y 5 minutos, para que los alcaloides se mezclen con el agua. Una vez infusionado, no es necesario filtrar el t\u00e9; basta con consumir toda la mezcla. A muchos usuarios les gusta a\u00f1adir miel o sirope al t\u00e9 para realzar su sabor y hacerlo m\u00e1s agradable. Para los principiantes, se recomienda empezar con una dosis m\u00e1s baja y aumentarla gradualmente hasta encontrar la cantidad ideal que funcione para su cuerpo. El Green Maeng Da Kratom es conocido por su sabor suave y agradable, lo que lo convierte en la elecci\u00f3n ideal para aquellos que encuentran otras variedades de kratom demasiado amargas. Proporciona una experiencia estimulante, por lo que es perfecto para la tarde cuando se necesita un impulso de energ\u00eda y concentraci\u00f3n. Los efectos suelen tardar una hora en aparecer, y la experiencia dura varias horas. Con un poco de experimentaci\u00f3n, los usuarios pueden encontrar la dosis y el momento de consumo adecuados a sus necesidades personales.<\/p>\n<h2 data-start=\"4060\" data-end=\"4108\">Ingredientes del Kratopia Verde Maeng Da Kratom<\/h2>\n<p data-start=\"4110\" data-end=\"5300\">El ingrediente principal de Kratopia Verde Maeng Da Kratom es <strong data-start=\"4170\" data-end=\"4192\">Mitragyna speciosa<\/strong>El kratom es un \u00e1rbol tropical originario del sudeste asi\u00e1tico. Las hojas de este \u00e1rbol contienen potentes alcaloides, responsables de los efectos del kratom sobre el cuerpo y la mente. El Maeng Da Kratom verde es especialmente rico en <strong data-start=\"4405\" data-end=\"4420\">Mitraginina<\/strong>un alcaloide conocido por sus propiedades estimulantes y energizantes. Esto lo diferencia de otras variedades de kratom que pueden tener un efecto m\u00e1s sedante. Las hojas utilizadas para elaborar el Green Maeng Da se cosechan y procesan cuidadosamente para conservar su potencia. Una vez cosechadas, se secan y se someten a un ligero proceso de fermentaci\u00f3n, que aumenta el contenido de alcaloides y confiere a la variedad sus propiedades \u00fanicas. Green Maeng Da es considerada una de las cepas Maeng Da m\u00e1s suaves, proporcionando una combinaci\u00f3n equilibrada de estimulaci\u00f3n, concentraci\u00f3n y mejora del estado de \u00e1nimo. Al igual que con todas las variedades de kratom, el contenido espec\u00edfico de alcaloides puede variar dependiendo de factores como el entorno en el que se cultiv\u00f3 el kratom, los m\u00e9todos de procesamiento utilizados y la edad de las hojas. Sin embargo, el consistente perfil de alcaloides de la Green Maeng Da la convierte en una elecci\u00f3n fiable y popular entre los usuarios de kratom.<\/p>\n<p data-start=\"5302\" data-end=\"5314\"><strong data-start=\"5302\" data-end=\"5314\">Advertencia:<\/strong><\/p>\n<p data-start=\"5316\" data-end=\"5642\">La venta y el uso de Kratopia Verde Maeng Da Kratom est\u00e1n prohibidos a los menores de 18 a\u00f1os. Mant\u00e9ngase fuera del alcance de los ni\u00f1os. No lo utilice si tiene la tensi\u00f3n alta o baja, problemas card\u00edacos o pulmonares, diabetes, est\u00e1 embarazada o est\u00e1 tomando medicamentos, drogas o alcohol. Consulte siempre a un profesional sanitario antes de utilizarlo.<\/p>\n<hr data-start=\"5644\" data-end=\"5647\" \/>\n<p data-start=\"5649\" data-end=\"6136\" data-is-last-node=\"\">","protected":false},"excerpt":{"rendered":"<p>Kratopia Green Maeng Da Kratom es una variedad suave y equilibrada conocida por sus propiedades energizantes. T\u00edpicamente consumida como t\u00e9, esta cepa proporciona un efecto suave y estimulante, lo que la convierte en la elecci\u00f3n perfecta para aquellos que buscan aumentar su energ\u00eda y concentraci\u00f3n durante la tarde. Con su rico perfil de alcaloides, incluyendo altos niveles de Mitragynine, Green Maeng Da Kratom ofrece una experiencia suave pero efectiva, adecuada tanto para principiantes como para usuarios experimentados.<\/p>","protected":false},"featured_media":82220,"template":"","meta":[],"product_brand":[],"product_cat":[390,297,389,817,396,405,384],"product_tag":[],"class_list":{"0":"post-37820","1":"product","2":"type-product","3":"status-publish","4":"has-post-thumbnail","6":"product_cat-kratom","7":"product_cat-all-products","8":"product_cat-herbs","9":"product_cat-kratopia","10":"product_cat-relax","11":"product_cat-relax-herbs","12":"product_cat-smartshop","13":"product_shipping_class-group-7","15":"first","16":"instock","17":"taxable","18":"shipping-taxable","19":"purchasable","20":"product-type-variable","21":"has-default-attributes"},"_links":{"self":[{"href":"https:\/\/www.headshop.nl\/es\/wp-json\/wp\/v2\/product\/37820","targetHints":{"allow":["GET"]}}],"collection":[{"href":"https:\/\/www.headshop.nl\/es\/wp-json\/wp\/v2\/product"}],"about":[{"href":"https:\/\/www.headshop.nl\/es\/wp-json\/wp\/v2\/types\/product"}],"wp:featuredmedia":[{"embeddable":true,"href":"https:\/\/www.headshop.nl\/es\/wp-json\/wp\/v2\/media\/82220"}],"wp:attachment":[{"href":"https:\/\/www.headshop.nl\/es\/wp-json\/wp\/v2\/media?parent=37820"}],"wp:term":[{"taxonomy":"product_brand","embeddable":true,"href":"https:\/\/www.headshop.nl\/es\/wp-json\/wp\/v2\/product_brand?post=37820"},{"taxonomy":"product_cat","embeddable":true,"href":"https:\/\/www.headshop.nl\/es\/wp-json\/wp\/v2\/product_cat?post=37820"},{"taxonomy":"product_tag","embeddable":true,"href":"https:\/\/www.headshop.nl\/es\/wp-json\/wp\/v2\/product_tag?post=37820"}],"curies":[{"name":"wp","href":"https:\/\/api.w.org\/{rel}","templated":true}]}}