{"id":37818,"date":"2021-10-15T08:18:51","date_gmt":"2021-10-15T08:18:51","guid":{"rendered":"https:\/\/www.headshop.nl\/?post_type=product&#038;p=37818"},"modified":"2025-11-18T14:38:04","modified_gmt":"2025-11-18T14:38:04","slug":"green-borneo-kratom","status":"publish","type":"product","link":"https:\/\/www.headshop.nl\/es\/green-borneo-kratom\/","title":{"rendered":"Green Borneo Kratom"},"content":{"rendered":"<h2 data-start=\"489\" data-end=\"529\">\u00bfQu\u00e9 es Kratopia Green Borneo Kratom?<\/h2>\n<p data-start=\"531\" data-end=\"1625\">Kratopia Green Borneo Kratom es una cepa originaria de la exuberante regi\u00f3n de Borneo. Es apreciada por sus suaves propiedades energizantes, lo que la convierte en una elecci\u00f3n popular tanto para usuarios nuevos como experimentados. A menudo consumido como t\u00e9, este kratom ofrece una estimulaci\u00f3n eficaz pero suave. A diferencia de sus hom\u00f3logas roja y blanca, m\u00e1s intensas, la Green Borneo Kratom es conocida por sus efectos equilibrados que aumentan la concentraci\u00f3n y la motivaci\u00f3n sin ser demasiado abrumadores. Esta variedad es especialmente apreciada por su complejo perfil de alcaloides, con compuestos clave que contribuyen a sus efectos estimulantes. La Green Borneo es una elecci\u00f3n ideal para aquellos que buscan mantenerse alerta y activos durante todo el d\u00eda. Esta cepa es especialmente apreciada por aquellos que desean un impulso de energ\u00eda natural y una sensaci\u00f3n de bienestar, por lo que es una alternativa perfecta a la cafe\u00edna. Kratopia Green Borneo Kratom destaca por ser una cepa vers\u00e1til, adecuada para su uso tanto en contextos recreativos como de investigaci\u00f3n. Tanto si eres nuevo en el kratom como un usuario experimentado, Green Borneo ofrece una experiencia suave y eficaz que se puede ajustar a tus preferencias personales.<\/p>\n<h2 data-start=\"1627\" data-end=\"1669\">Historia de Kratopia Green Borneo Kratom<\/h2>\n<p data-start=\"1671\" data-end=\"2851\">La historia del Green Borneo Kratom tiene sus ra\u00edces en los usos tradicionales del kratom en todo el sudeste asi\u00e1tico, especialmente en la isla de Borneo. Los ind\u00edgenas han confiado durante mucho tiempo en el kratom por sus propiedades medicinales, utiliz\u00e1ndolo para una variedad de dolencias. Los investigadores se han centrado en el kratom de Borneo por su composici\u00f3n \u00fanica de alcaloides, que lo diferencia de otras cepas. La cepa Green Borneo en concreto es reconocida por su equilibrio de efectos estimulantes y relajantes. La isla de Borneo, con su clima h\u00famedo y tropical, ofrece un entorno ideal para el cultivo de kratom de alta calidad. La regi\u00f3n ha sido objeto de un gran inter\u00e9s por parte de la comunidad mundial del kratom, en particular debido a los efectos positivos atribuidos a la Green Borneo. Aunque las variedades roja y blanca del kratom son m\u00e1s conocidas, la Green Borneo ha ido ganando adeptos en los mercados de investigaci\u00f3n y consumo por su naturaleza equilibrada. Con el tiempo, el Green Borneo ha encontrado un grupo de usuarios que aprecian sus propiedades vers\u00e1tiles y moderadas. Tanto si se consume para relajarse como para concentrarse, esta cepa se ha convertido en un elemento b\u00e1sico en el mundo del kratom debido a su consistencia y eficacia.<\/p>\n<h2 data-start=\"2853\" data-end=\"2895\">C\u00f3mo utilizar Kratopia Green Borneo Kratom<\/h2>\n<p data-start=\"2897\" data-end=\"4015\">Kratopia Green Borneo Kratom se consume principalmente en forma de t\u00e9, por lo que es f\u00e1cil y agradable de incorporar a su rutina diaria. Para preparar el t\u00e9, disuelva de 4 a 5 gramos de polvo de Green Borneo Kratom en agua calentada a una temperatura de entre 70 y 95 grados Celsius. El tiempo de infusi\u00f3n recomendado es de 3 a 5 minutos para que los alcaloides se mezclen con el agua. Una vez infusionado, no es necesario colarlo y se puede consumir entero. Muchos usuarios prefieren a\u00f1adir miel o jarabe a su t\u00e9 para realzar el sabor y hacerlo m\u00e1s agradable. Cuando se utiliza por primera vez Green Borneo Kratom, se aconseja comenzar con una dosis m\u00e1s baja y ajustar gradualmente para encontrar la cantidad que funciona mejor para usted. La mayor\u00eda de la gente encuentra una dosis alrededor de 4 a 5 gramos proporciona un efecto suave y energizante. Sin embargo, los efectos pueden variar dependiendo de factores como el peso corporal, la sensibilidad al kratom y la potencia del lote. Empieza siempre despacio y aumenta gradualmente hasta encontrar tu dosis ideal. Green Borneo Kratom es perfecto para aquellos que buscan un impulso suave y natural de energ\u00eda sin los nervios a menudo asociados con la cafe\u00edna.<\/p>\n<h2 data-start=\"4017\" data-end=\"4063\">Ingredientes de Kratopia Green Borneo Kratom<\/h2>\n<p data-start=\"4065\" data-end=\"5273\">El ingrediente clave de Kratopia Green Borneo Kratom es <strong data-start=\"4119\" data-end=\"4141\">Mitragyna speciosa<\/strong>es un \u00e1rbol tropical originario del sudeste asi\u00e1tico. Las hojas de este \u00e1rbol son ricas en alcaloides, en particular <strong data-start=\"4245\" data-end=\"4260\">Mitraginina<\/strong>responsable de los efectos energizantes y estimulantes de la variedad. Green Borneo Kratom es \u00fanica en su perfil de alcaloides, ofreciendo un equilibrio de efectos que no son ni demasiado sedantes ni demasiado estimulantes. La variedad verde del kratom de Borneo contiene mayores concentraciones de Mitragynine en comparaci\u00f3n con otras cepas, d\u00e1ndole un impacto moderado pero efectivo. Aunque el contenido espec\u00edfico de alcaloides puede variar, la Green Borneo es conocida por sus efectos suaves y constantes. Las hojas de kratom utilizadas para Green Borneo Kratom se cosechan con cuidado y se someten a un procesamiento m\u00ednimo para preservar el contenido natural de alcaloides. Esta variedad es a menudo seleccionada por usuarios que desean un efecto energizante sin el subid\u00f3n intenso que se produce con otras variedades de kratom. La naturaleza equilibrada de la Green Borneo la convierte en una elecci\u00f3n perfecta tanto para principiantes como para usuarios experimentados de kratom. Con su rica composici\u00f3n de compuestos activos, es una cepa fiable para una variedad de prop\u00f3sitos, desde mejorar la concentraci\u00f3n hasta promover una sensaci\u00f3n de bienestar.<\/p>\n<p data-start=\"5275\" data-end=\"5287\"><strong data-start=\"5275\" data-end=\"5287\">Advertencia:<\/strong><\/p>\n<p data-start=\"5289\" data-end=\"5613\">La venta y el uso de Kratopia Green Borneo Kratom est\u00e1n prohibidos a menores de 18 a\u00f1os. Mant\u00e9ngase fuera del alcance de los ni\u00f1os. No lo utilice si tiene la tensi\u00f3n alta o baja, problemas card\u00edacos o pulmonares, diabetes, est\u00e1 embarazada o est\u00e1 tomando medicamentos, drogas o alcohol. Consulte siempre a un profesional sanitario antes de utilizarlo.<\/p>","protected":false},"excerpt":{"rendered":"<p>El kratom Green Borneo es un suave estimulante del estado de \u00e1nimo y reductor del estr\u00e9s. Repleto de antioxidantes, tambi\u00e9n estimula las sustancias qu\u00edmicas del cerebro que te hacen sentir bien. Tiene propiedades energizantes en dosis bajas y puede ayudar a reducir la fatiga cuando m\u00e1s se necesita, por ejemplo, por la ma\u00f1ana.<\/p>","protected":false},"featured_media":82222,"template":"","meta":[],"product_brand":[],"product_cat":[390,297,389,817,396,405,384],"product_tag":[],"class_list":{"0":"post-37818","1":"product","2":"type-product","3":"status-publish","4":"has-post-thumbnail","6":"product_cat-kratom","7":"product_cat-all-products","8":"product_cat-herbs","9":"product_cat-kratopia","10":"product_cat-relax","11":"product_cat-relax-herbs","12":"product_cat-smartshop","13":"product_shipping_class-group-7","15":"first","16":"instock","17":"taxable","18":"shipping-taxable","19":"purchasable","20":"product-type-variable","21":"has-default-attributes"},"_links":{"self":[{"href":"https:\/\/www.headshop.nl\/es\/wp-json\/wp\/v2\/product\/37818","targetHints":{"allow":["GET"]}}],"collection":[{"href":"https:\/\/www.headshop.nl\/es\/wp-json\/wp\/v2\/product"}],"about":[{"href":"https:\/\/www.headshop.nl\/es\/wp-json\/wp\/v2\/types\/product"}],"wp:featuredmedia":[{"embeddable":true,"href":"https:\/\/www.headshop.nl\/es\/wp-json\/wp\/v2\/media\/82222"}],"wp:attachment":[{"href":"https:\/\/www.headshop.nl\/es\/wp-json\/wp\/v2\/media?parent=37818"}],"wp:term":[{"taxonomy":"product_brand","embeddable":true,"href":"https:\/\/www.headshop.nl\/es\/wp-json\/wp\/v2\/product_brand?post=37818"},{"taxonomy":"product_cat","embeddable":true,"href":"https:\/\/www.headshop.nl\/es\/wp-json\/wp\/v2\/product_cat?post=37818"},{"taxonomy":"product_tag","embeddable":true,"href":"https:\/\/www.headshop.nl\/es\/wp-json\/wp\/v2\/product_tag?post=37818"}],"curies":[{"name":"wp","href":"https:\/\/api.w.org\/{rel}","templated":true}]}}