{"id":37562,"date":"2025-01-30T08:40:32","date_gmt":"2025-01-30T08:40:32","guid":{"rendered":"https:\/\/www.headshop.nl\/?post_type=product&#038;p=37562"},"modified":"2025-05-23T09:04:58","modified_gmt":"2025-05-23T09:04:58","slug":"wedding-cake-x-triple-og","status":"publish","type":"product","link":"https:\/\/www.headshop.nl\/es\/wedding-cake-x-triple-og\/","title":{"rendered":"Wedding Cake x Triple OG - Semillas Vision"},"content":{"rendered":"<h2><span data-sheets-value=\"{&quot;1&quot;:2,&quot;2&quot;:&quot;Wedding Cake x Triple OG&quot;}\" data-sheets-userformat=\"{&quot;2&quot;:6723,&quot;3&quot;:{&quot;1&quot;:0},&quot;4&quot;:{&quot;1&quot;:2,&quot;2&quot;:16573901},&quot;9&quot;:0,&quot;12&quot;:0,&quot;14&quot;:{&quot;1&quot;:2,&quot;2&quot;:0},&quot;15&quot;:&quot;Arial&quot;}\">Wedding Cake x Triple OG<\/span> Semillas de cannabis de Vision Seeds<\/h2>\n<p>La variedad de cannabis Wedding Cake x Triple OG de Vision Seeds es una mezcla \u00fanica y peculiar con sabores dulces, picantes, cremosos y \u00e1cidos. Al ser una variedad de cannabis de nivel THC extremadamente alto, los efectos son instant\u00e1neos despu\u00e9s de fumar esta deliciosa reina de los postres. Experimentar\u00e1s alegr\u00eda, energ\u00eda, euforia y un intenso subid\u00f3n mental.<\/p>\n<p>Es ideal para aquellos que buscan un alivio instant\u00e1neo del estr\u00e9s o la ansiedad, hacer frente a las tareas f\u00edsicas despu\u00e9s del trabajo, ser creativos a medio d\u00eda en actividades similares a hoot hoot (AKA manualidades), o incluso simplemente quedarse en casa todo el d\u00eda confuso como un demonio. Pero ten cuidado, porque sus efectos son r\u00e1pidos. No te sorprendas si de repente te encuentras volando por los aires horas despu\u00e9s de encender esta potente dama del poder.<\/p>\n<p>Viene en un envase \u00fanico con un glaseado similar al de un pastel, pero sus cualidades arom\u00e1ticas podr\u00edan ser lo que realmente te haga volver a por m\u00e1s. Con efectos intensos en toda la experiencia - \u00a1dale un buen olor, sabor y divi\u00e9rtete probando algo nuevo!<\/p>","protected":false},"excerpt":{"rendered":"<p>La deliciosa variedad de Vision, llamada Wedding Cake x Triple OG, es una aut\u00e9ntica reina. Empieza con un aroma inolvidable, dulce y \u00e1cido, con toques agrios que har\u00e1n que tus papilas gustativas se vuelvan locas. Crecer\u00e1 en una flor grande y colorida que te dar\u00e1 mucha energ\u00eda de alta potencia para todo el d\u00eda. Esta bestia deja una s\u00f3lida puntuaci\u00f3n de 25% THC sobre la mesa, \u00a1as\u00ed que ten cuidado con esas caladas, hermano!<\/p>","protected":false},"featured_media":37574,"template":"","meta":[],"product_brand":[],"product_cat":[950,297,467,470,465,629,468],"product_tag":[],"class_list":{"0":"post-37562","1":"product","2":"type-product","3":"status-publish","4":"has-post-thumbnail","6":"product_cat-vision-seeds","7":"product_cat-all-products","8":"product_cat-feminized-seeds","9":"product_cat-high-thc-seeds","10":"product_cat-seedshop","11":"product_cat-seedshop-top-10","12":"product_cat-usa-seeds","13":"product_shipping_class-creditcard-on","15":"first","16":"instock","17":"taxable","18":"shipping-taxable","19":"purchasable","20":"product-type-variable","21":"has-default-attributes"},"_links":{"self":[{"href":"https:\/\/www.headshop.nl\/es\/wp-json\/wp\/v2\/product\/37562","targetHints":{"allow":["GET"]}}],"collection":[{"href":"https:\/\/www.headshop.nl\/es\/wp-json\/wp\/v2\/product"}],"about":[{"href":"https:\/\/www.headshop.nl\/es\/wp-json\/wp\/v2\/types\/product"}],"wp:featuredmedia":[{"embeddable":true,"href":"https:\/\/www.headshop.nl\/es\/wp-json\/wp\/v2\/media\/37574"}],"wp:attachment":[{"href":"https:\/\/www.headshop.nl\/es\/wp-json\/wp\/v2\/media?parent=37562"}],"wp:term":[{"taxonomy":"product_brand","embeddable":true,"href":"https:\/\/www.headshop.nl\/es\/wp-json\/wp\/v2\/product_brand?post=37562"},{"taxonomy":"product_cat","embeddable":true,"href":"https:\/\/www.headshop.nl\/es\/wp-json\/wp\/v2\/product_cat?post=37562"},{"taxonomy":"product_tag","embeddable":true,"href":"https:\/\/www.headshop.nl\/es\/wp-json\/wp\/v2\/product_tag?post=37562"}],"curies":[{"name":"wp","href":"https:\/\/api.w.org\/{rel}","templated":true}]}}