{"id":37559,"date":"2025-01-30T08:40:29","date_gmt":"2025-01-30T08:40:29","guid":{"rendered":"https:\/\/www.headshop.nl\/?post_type=product&#038;p=37559"},"modified":"2025-05-23T09:05:05","modified_gmt":"2025-05-23T09:05:05","slug":"vision-kosher","status":"publish","type":"product","link":"https:\/\/www.headshop.nl\/es\/vision-kosher\/","title":{"rendered":"Vision Kosher - Semillas Vision"},"content":{"rendered":"<h2><span data-sheets-value=\"{&quot;1&quot;:2,&quot;2&quot;:&quot;Vision Kosher&quot;}\" data-sheets-userformat=\"{&quot;2&quot;:6723,&quot;3&quot;:{&quot;1&quot;:0},&quot;4&quot;:{&quot;1&quot;:2,&quot;2&quot;:13624051},&quot;9&quot;:0,&quot;12&quot;:0,&quot;14&quot;:{&quot;1&quot;:2,&quot;2&quot;:0},&quot;15&quot;:&quot;Arial&quot;}\">Vision Kosher<\/span> Semillas de cannabis de Vision Seeds<\/h2>\n<p>A la hora de cosechar, puede elegir entre un producto fiable y duradero, uno que carezca de olor o sabor, o uno con un rendimiento anodino. Pero, \u00bfy si quiere las tres cosas? La chica Kosher de Vision Seeds es la \u00fanica opci\u00f3n para quienes buscan un enfoque equilibrado.<\/p>\n<p>Imagina una variedad que produzca grandes cantidades de cogollos en s\u00f3lo 8 semanas de floraci\u00f3n, que nunca huela a heno y que sepa tan bien como se fuma - \u00a1bienvenida a casa! Con esta dama en particular, \u00a1tendr\u00e1s derecho a presumir cuando llegue el momento de la cosecha!<\/p>\n<p>Vision Seeds Vision Kosher es una de las fumadas m\u00e1s sabrosas que conocen los fumetas experimentados. Adem\u00e1s, esta chica de tama\u00f1o medio es una de las mejores inversiones de tiempo cuando se trata de cosechar. Si est\u00e1s buscando una cepa Indica dominante que tenga una incre\u00edble paleta de sabores, que tenga una cantidad seria de THC y que pueda hacer crecer unos cogollos enormes - \u00a1esta es tu chica! La chica Kosher tiene un sabor \u00fanico y muy reconocible que puede ser descrito como un rico terroso, sin embargo, la mezcla muy fruct\u00edfera de aromas \u00fanicos. Siendo bastante potente que ofrece en gran medida edificante alta.<\/p>","protected":false},"excerpt":{"rendered":"<p>Esta chica de tama\u00f1o medio produce un potente subid\u00f3n y tiene un sabor inigualable. La Vision Kosher es una deliciosa variedad de cannabis con dominancia Indica que combina los mejores rasgos de sus padres para crear una de las plantas m\u00e1s sabrosas y potentes. Tiene un aroma terroso con acentos florales y sabe como una refrescante ensalada de frutas que se hace a\u00fan m\u00e1s deliciosa con un toque de tierra o algo verde. Esta gran productora est\u00e1 lista para la cosecha en 9 semanas y produce un subid\u00f3n de alrededor de 20% THC.<\/p>","protected":false},"featured_media":37572,"template":"","meta":[],"product_brand":[],"product_cat":[950,297,467,470,465,468],"product_tag":[],"class_list":{"0":"post-37559","1":"product","2":"type-product","3":"status-publish","4":"has-post-thumbnail","6":"product_cat-vision-seeds","7":"product_cat-all-products","8":"product_cat-feminized-seeds","9":"product_cat-high-thc-seeds","10":"product_cat-seedshop","11":"product_cat-usa-seeds","12":"product_shipping_class-creditcard-on","14":"first","15":"instock","16":"taxable","17":"shipping-taxable","18":"purchasable","19":"product-type-variable","20":"has-default-attributes"},"_links":{"self":[{"href":"https:\/\/www.headshop.nl\/es\/wp-json\/wp\/v2\/product\/37559","targetHints":{"allow":["GET"]}}],"collection":[{"href":"https:\/\/www.headshop.nl\/es\/wp-json\/wp\/v2\/product"}],"about":[{"href":"https:\/\/www.headshop.nl\/es\/wp-json\/wp\/v2\/types\/product"}],"wp:featuredmedia":[{"embeddable":true,"href":"https:\/\/www.headshop.nl\/es\/wp-json\/wp\/v2\/media\/37572"}],"wp:attachment":[{"href":"https:\/\/www.headshop.nl\/es\/wp-json\/wp\/v2\/media?parent=37559"}],"wp:term":[{"taxonomy":"product_brand","embeddable":true,"href":"https:\/\/www.headshop.nl\/es\/wp-json\/wp\/v2\/product_brand?post=37559"},{"taxonomy":"product_cat","embeddable":true,"href":"https:\/\/www.headshop.nl\/es\/wp-json\/wp\/v2\/product_cat?post=37559"},{"taxonomy":"product_tag","embeddable":true,"href":"https:\/\/www.headshop.nl\/es\/wp-json\/wp\/v2\/product_tag?post=37559"}],"curies":[{"name":"wp","href":"https:\/\/api.w.org\/{rel}","templated":true}]}}