{"id":37536,"date":"2025-01-31T07:41:02","date_gmt":"2025-01-31T07:41:02","guid":{"rendered":"https:\/\/www.headshop.nl\/?post_type=product&#038;p=37536"},"modified":"2025-05-23T09:02:24","modified_gmt":"2025-05-23T09:02:24","slug":"tom-kush-og","status":"publish","type":"product","link":"https:\/\/www.headshop.nl\/es\/tom-kush-og\/","title":{"rendered":"Tom Kush OG - Semillas Vision"},"content":{"rendered":"<h2><span data-sheets-value=\"{&quot;1&quot;:2,&quot;2&quot;:&quot;Tom Kush OG&quot;}\" data-sheets-userformat=\"{&quot;2&quot;:6723,&quot;3&quot;:{&quot;1&quot;:0},&quot;4&quot;:{&quot;1&quot;:2,&quot;2&quot;:15120559},&quot;9&quot;:0,&quot;12&quot;:0,&quot;14&quot;:{&quot;1&quot;:2,&quot;2&quot;:0},&quot;15&quot;:&quot;Arial&quot;}\">Tom Kush OG<\/span> Semillas de cannabis de Vision Seeds<\/h2>\n<p>S\u00f3lo hay una Tom Kush OG, \u00a1y es \u00e9sta! Te espera una energizante mezcla de genes sativa e \u00edndica que te proporcionar\u00e1 un agradable subid\u00f3n sin efectos psicoactivos demasiado abrumadores. Como se puede adivinar este chico malo es muy potente y patadas m\u00e1s duro que la mayor\u00eda de las cepas en el mercado.<\/p>\n<p>\u00a1No hay nada mejor para ponerte de buen humor para el d\u00eda que esto! Criada por Vision Seeds, la variedad de cannabis Tom Kush OG es una cepa incre\u00edblemente divertida y energizante que har\u00e1 que tus clientes se sientan de maravilla. Ya sea para tratar el estr\u00e9s o la ansiedad o para pasear sin preocupaciones, estos cogollos seguro que proporcionan todo lo que tus clientes buscan: una maravillosa sesi\u00f3n de fumada durante todo el d\u00eda.<\/p>\n<p>Esta kush hechizante es la herramienta perfecta para la ansiedad intensa.<\/p>\n<p>Tu d\u00eda ser\u00e1 mucho m\u00e1s alegre despu\u00e9s de pasar un rato con esta joya. Esta potente hierba combina los sabores c\u00edtricos y a pino de la OG Kush con una mezcla de madera terrosa y, como extra, no te dejar\u00e1 con la cabeza nublada. Puede que te quite el estr\u00e9s de tus cansados hombros y te proporcione esas vibraciones felices que todos necesitamos a veces. Una planta estupenda y poderosa.<\/p>","protected":false},"excerpt":{"rendered":"<p>Si has estado buscando una verdadera OG Kush de Norteam\u00e9rica, Tom Kush viene al rescate. Esta OG Kush mide 22% THC y puede competir con algunos de los cogollos m\u00e1s densos y resinosos del mercado. El aroma a lim\u00f3n \u00e1cido y pino terroso hace que sea una verdadera delicia para disfrutar. Es una planta bestial que todo el mundo adora cultivar.<\/p>","protected":false},"featured_media":37568,"template":"","meta":[],"product_brand":[],"product_cat":[950,297,467,470,465,468],"product_tag":[],"class_list":{"0":"post-37536","1":"product","2":"type-product","3":"status-publish","4":"has-post-thumbnail","6":"product_cat-vision-seeds","7":"product_cat-all-products","8":"product_cat-feminized-seeds","9":"product_cat-high-thc-seeds","10":"product_cat-seedshop","11":"product_cat-usa-seeds","12":"product_shipping_class-creditcard-on","14":"first","15":"instock","16":"taxable","17":"shipping-taxable","18":"purchasable","19":"product-type-variable","20":"has-default-attributes"},"_links":{"self":[{"href":"https:\/\/www.headshop.nl\/es\/wp-json\/wp\/v2\/product\/37536","targetHints":{"allow":["GET"]}}],"collection":[{"href":"https:\/\/www.headshop.nl\/es\/wp-json\/wp\/v2\/product"}],"about":[{"href":"https:\/\/www.headshop.nl\/es\/wp-json\/wp\/v2\/types\/product"}],"wp:featuredmedia":[{"embeddable":true,"href":"https:\/\/www.headshop.nl\/es\/wp-json\/wp\/v2\/media\/37568"}],"wp:attachment":[{"href":"https:\/\/www.headshop.nl\/es\/wp-json\/wp\/v2\/media?parent=37536"}],"wp:term":[{"taxonomy":"product_brand","embeddable":true,"href":"https:\/\/www.headshop.nl\/es\/wp-json\/wp\/v2\/product_brand?post=37536"},{"taxonomy":"product_cat","embeddable":true,"href":"https:\/\/www.headshop.nl\/es\/wp-json\/wp\/v2\/product_cat?post=37536"},{"taxonomy":"product_tag","embeddable":true,"href":"https:\/\/www.headshop.nl\/es\/wp-json\/wp\/v2\/product_tag?post=37536"}],"curies":[{"name":"wp","href":"https:\/\/api.w.org\/{rel}","templated":true}]}}