{"id":37524,"date":"2025-01-30T07:40:47","date_gmt":"2025-01-30T07:40:47","guid":{"rendered":"https:\/\/www.headshop.nl\/?post_type=product&#038;p=37524"},"modified":"2025-05-23T09:08:22","modified_gmt":"2025-05-23T09:08:22","slug":"super-skunk","status":"publish","type":"product","link":"https:\/\/www.headshop.nl\/es\/super-skunk\/","title":{"rendered":"Super Skunk - Semillas Vision"},"content":{"rendered":"<h2><span data-sheets-value=\"{&quot;1&quot;:2,&quot;2&quot;:&quot;Super Skunk&quot;}\" data-sheets-userformat=\"{&quot;2&quot;:6723,&quot;3&quot;:{&quot;1&quot;:0},&quot;4&quot;:{&quot;1&quot;:2,&quot;2&quot;:14281427},&quot;9&quot;:0,&quot;12&quot;:0,&quot;14&quot;:{&quot;1&quot;:2,&quot;2&quot;:0},&quot;15&quot;:&quot;Arial&quot;}\">Super Skunk<\/span> Semillas de cannabis de Vision Seeds<\/h2>\n<p>La Super Skunk de Vision Seeds es una gran elecci\u00f3n para cultivadores de cepas cl\u00e1sicas y de la vieja escuela, y tambi\u00e9n para completos principiantes. Con unos niveles de THC que tienden a ser m\u00e1s bajos que la media, la Super Skunk es perfecta para los entusiastas del cannabis muy sensibles que buscan reducir la posibilidad de sentirse sobreestimulados.<\/p>\n<p>En<span style=\"font-size: 14.4px;\">\u00a0El rendimiento general de la planta se mantiene bastante estable; mientras que se necesitan unas 9 semanas desde la fase de pl\u00e1ntula antes de intentar cualquier otro cultivo, como los trasplantes a nivel de cogollo o ra\u00edz, para evitar inducir efectos de choque. \u00bfSabor? Bueno, lo has adivinado: \u00a1a skunk!<\/span><\/p>\n<p>Una de las mejores cepas para principiantes y tambi\u00e9n una gran elecci\u00f3n para cultivadores regulares que quieren mantener las cosas discretas. Produce grandes cogollos de Indica dominante que te proporcionar\u00e1n una fumada realmente relajante, \u00a1a la vez que huelen a skunk!<\/p>","protected":false},"excerpt":{"rendered":"<p>Vision Seeds Super Skunk es la variedad de cannabis perfecta para cultivadores principiantes. Cultivadores principiantes, cogollos de alta calidad con dominancia Indica, \u00a1all\u00e1 vamos! \u00bfQu\u00e9 tiene de bueno? La Super Skunk tiene una de las hierbas con mejor sabor que jam\u00e1s hayas probado... en serio. Si esto no suena como tu taza de t\u00e9, encuentra otra cepa en nuestro sitio, \u00a1pero los amantes del cannabis skunky y cursi adoran mucho este cl\u00e1sico!<\/p>","protected":false},"featured_media":37266,"template":"","meta":[],"product_brand":[],"product_cat":[950,297,467,465,629],"product_tag":[],"class_list":{"0":"post-37524","1":"product","2":"type-product","3":"status-publish","4":"has-post-thumbnail","6":"product_cat-vision-seeds","7":"product_cat-all-products","8":"product_cat-feminized-seeds","9":"product_cat-seedshop","10":"product_cat-seedshop-top-10","11":"product_shipping_class-creditcard-on","13":"first","14":"instock","15":"taxable","16":"shipping-taxable","17":"purchasable","18":"product-type-variable","19":"has-default-attributes"},"_links":{"self":[{"href":"https:\/\/www.headshop.nl\/es\/wp-json\/wp\/v2\/product\/37524","targetHints":{"allow":["GET"]}}],"collection":[{"href":"https:\/\/www.headshop.nl\/es\/wp-json\/wp\/v2\/product"}],"about":[{"href":"https:\/\/www.headshop.nl\/es\/wp-json\/wp\/v2\/types\/product"}],"wp:featuredmedia":[{"embeddable":true,"href":"https:\/\/www.headshop.nl\/es\/wp-json\/wp\/v2\/media\/37266"}],"wp:attachment":[{"href":"https:\/\/www.headshop.nl\/es\/wp-json\/wp\/v2\/media?parent=37524"}],"wp:term":[{"taxonomy":"product_brand","embeddable":true,"href":"https:\/\/www.headshop.nl\/es\/wp-json\/wp\/v2\/product_brand?post=37524"},{"taxonomy":"product_cat","embeddable":true,"href":"https:\/\/www.headshop.nl\/es\/wp-json\/wp\/v2\/product_cat?post=37524"},{"taxonomy":"product_tag","embeddable":true,"href":"https:\/\/www.headshop.nl\/es\/wp-json\/wp\/v2\/product_tag?post=37524"}],"curies":[{"name":"wp","href":"https:\/\/api.w.org\/{rel}","templated":true}]}}