{"id":37515,"date":"2025-01-30T07:40:35","date_gmt":"2025-01-30T07:40:35","guid":{"rendered":"https:\/\/www.headshop.nl\/?post_type=product&#038;p=37515"},"modified":"2025-05-23T09:08:45","modified_gmt":"2025-05-23T09:08:45","slug":"pure-gelato","status":"publish","type":"product","link":"https:\/\/www.headshop.nl\/es\/pure-gelato\/","title":{"rendered":"Pure Gelato - Semillas Vision"},"content":{"rendered":"<h2><span data-sheets-value=\"{&quot;1&quot;:2,&quot;2&quot;:&quot;Pure Gelato&quot;}\" data-sheets-userformat=\"{&quot;2&quot;:6723,&quot;3&quot;:{&quot;1&quot;:0},&quot;4&quot;:{&quot;1&quot;:2,&quot;2&quot;:15389148},&quot;9&quot;:0,&quot;12&quot;:0,&quot;14&quot;:{&quot;1&quot;:2,&quot;2&quot;:0},&quot;15&quot;:&quot;Arial&quot;}\">Pure Gelato <\/span>Semillas de cannabis de Vision Seeds<\/h2>\n<p>\u00a1Bienvenido al mundo del helado puro! Llamada as\u00ed por su delicioso y cremoso sabor, esta variedad de cannabis criada en EE.UU. s\u00f3lo promete dulces en su punto. Con una composici\u00f3n gen\u00e9tica 75% de cepas Sativa dominantes, es para fumadores atrevidos y novatos que buscan un subid\u00f3n excelente. Espera aromas extremos con matices de menta fresca mientras te asombras de lo bien que se sentir\u00e1 tu mente - probablemente debido a su ADN Indica 30% que significa que no tendr\u00e1s que preocuparte por una sedaci\u00f3n pesada o renunciar a la creatividad debido a un mal estado de \u00e1nimo. Nuestra Pure Gelato tiene algo disponible para todo el mundo - tanto si te sientes afrutado como si necesitas un poco de THC en tu sistema, prep\u00e1rate, esta chica tiene poder bajo ese dulce aroma. Estamos hablando de poder de verdad.<\/p>\n<p>Vision Seeds Pure Gelato est\u00e1 preparada para ser tu variedad favorita de este invierno. Cuando se necesita algo que puede mantener la noche rollin '- esta cepa sin duda no defraudar\u00e1 con sus altos niveles THC, zumbido cabeza clara y sabores sutiles de larga duraci\u00f3n.<\/p>","protected":false},"excerpt":{"rendered":"<p>Chicas y chicos, ahora hay una variedad Pure Gelato que no s\u00f3lo sabe a helado, \u00a1sino que tambi\u00e9n te coloca! Pero ten cuidado: \u00a1esta semental tiene mucho m\u00e1s THC que un h\u00edbrido normal! Tanto si es la primera vez que consumes cannabis, como si lo haces ocasionalmente o simplemente buscas algo nuevo, es dif\u00edcil no emocionarse con todo el sabor que te dar\u00e1 esta deliciosa variedad. \u00bfLo mejor de ambos mundos? S\u00ed.<\/p>","protected":false},"featured_media":37270,"template":"","meta":[],"product_brand":[],"product_cat":[950,297,467,470,465,629,468],"product_tag":[],"class_list":{"0":"post-37515","1":"product","2":"type-product","3":"status-publish","4":"has-post-thumbnail","6":"product_cat-vision-seeds","7":"product_cat-all-products","8":"product_cat-feminized-seeds","9":"product_cat-high-thc-seeds","10":"product_cat-seedshop","11":"product_cat-seedshop-top-10","12":"product_cat-usa-seeds","13":"product_shipping_class-creditcard-on","15":"first","16":"instock","17":"taxable","18":"shipping-taxable","19":"purchasable","20":"product-type-variable","21":"has-default-attributes"},"_links":{"self":[{"href":"https:\/\/www.headshop.nl\/es\/wp-json\/wp\/v2\/product\/37515","targetHints":{"allow":["GET"]}}],"collection":[{"href":"https:\/\/www.headshop.nl\/es\/wp-json\/wp\/v2\/product"}],"about":[{"href":"https:\/\/www.headshop.nl\/es\/wp-json\/wp\/v2\/types\/product"}],"wp:featuredmedia":[{"embeddable":true,"href":"https:\/\/www.headshop.nl\/es\/wp-json\/wp\/v2\/media\/37270"}],"wp:attachment":[{"href":"https:\/\/www.headshop.nl\/es\/wp-json\/wp\/v2\/media?parent=37515"}],"wp:term":[{"taxonomy":"product_brand","embeddable":true,"href":"https:\/\/www.headshop.nl\/es\/wp-json\/wp\/v2\/product_brand?post=37515"},{"taxonomy":"product_cat","embeddable":true,"href":"https:\/\/www.headshop.nl\/es\/wp-json\/wp\/v2\/product_cat?post=37515"},{"taxonomy":"product_tag","embeddable":true,"href":"https:\/\/www.headshop.nl\/es\/wp-json\/wp\/v2\/product_tag?post=37515"}],"curies":[{"name":"wp","href":"https:\/\/api.w.org\/{rel}","templated":true}]}}