{"id":37512,"date":"2025-01-30T07:40:34","date_gmt":"2025-01-30T07:40:34","guid":{"rendered":"https:\/\/www.headshop.nl\/?post_type=product&#038;p=37512"},"modified":"2025-05-23T09:08:52","modified_gmt":"2025-05-23T09:08:52","slug":"ny-diesel","status":"publish","type":"product","link":"https:\/\/www.headshop.nl\/es\/ny-diesel\/","title":{"rendered":"NY Diesel - Semillas Vision"},"content":{"rendered":"<h2><span data-sheets-value=\"{&quot;1&quot;:2,&quot;2&quot;:&quot;NY Diesel&quot;}\" data-sheets-userformat=\"{&quot;2&quot;:6723,&quot;3&quot;:{&quot;1&quot;:0},&quot;4&quot;:{&quot;1&quot;:2,&quot;2&quot;:14281427},&quot;9&quot;:0,&quot;12&quot;:0,&quot;14&quot;:{&quot;1&quot;:2,&quot;2&quot;:0},&quot;15&quot;:&quot;Arial&quot;}\">NY Diesel <\/span>Semillas de cannabis de Vision Seeds<\/h2>\n<p>La NY Diesel es una cepa nueva y mejorada que puedes disfrutar a cualquier hora del d\u00eda, pero \u00a1cuidado! Tomando las mejores partes de Indica y Sativa, la NY Diesel de Vision Seeds traer\u00e1 consigo todas las bondades de esta fabulosa planta. El h\u00edbrido (50\/50) hace que la experiencia sea a\u00fan m\u00e1s equilibrada, lo que es perfecto para esos estilos de vida sobre la marcha en los que vivimos durante estos d\u00edas ajetreados.<\/p>\n<p>Esta genial reina de la ciudad de Nueva York fue criada equilibrando dos cepas diferentes para no mostrar ninguna restricci\u00f3n: s\u00f3lo obtendr\u00e1s cogollos de la mejor calidad y una fumada incre\u00edble - \u00a1ser\u00e1 amor a la primera calada! Cr\u00e9enos: No se trata de unos pu\u00f1ados de cristales corrientes que parecen m\u00e1s bonitos de lo que realmente huelen.<\/p>\n<p>Esta cepa es un h\u00edbrido incre\u00edble que te proporcionar\u00e1 un mont\u00f3n de humo de alta calidad. Ha sido criada a partir de las cl\u00e1sicas vibraciones diesel y bocanadas afrutadas para crear la cepa perfecta para cualquier experto conocedor de la hierba.<\/p>","protected":false},"excerpt":{"rendered":"<p>La NY Diesel es un h\u00edbrido equilibrado (50\/50) con una gen\u00e9tica interesante. El perfil de sabor incluir\u00e1 fuertes tonos agridulces y afrutados, con algunas vibraciones diesel a\u00f1adidas en buena medida. La NY Diesel es la planta ideal si quieres un efecto tanto Indica como Sativa.<\/p>","protected":false},"featured_media":37260,"template":"","meta":[],"product_brand":[],"product_cat":[950,297,467,465],"product_tag":[],"class_list":{"0":"post-37512","1":"product","2":"type-product","3":"status-publish","4":"has-post-thumbnail","6":"product_cat-vision-seeds","7":"product_cat-all-products","8":"product_cat-feminized-seeds","9":"product_cat-seedshop","10":"product_shipping_class-creditcard-on","12":"first","13":"instock","14":"taxable","15":"shipping-taxable","16":"purchasable","17":"product-type-variable","18":"has-default-attributes"},"_links":{"self":[{"href":"https:\/\/www.headshop.nl\/es\/wp-json\/wp\/v2\/product\/37512","targetHints":{"allow":["GET"]}}],"collection":[{"href":"https:\/\/www.headshop.nl\/es\/wp-json\/wp\/v2\/product"}],"about":[{"href":"https:\/\/www.headshop.nl\/es\/wp-json\/wp\/v2\/types\/product"}],"wp:featuredmedia":[{"embeddable":true,"href":"https:\/\/www.headshop.nl\/es\/wp-json\/wp\/v2\/media\/37260"}],"wp:attachment":[{"href":"https:\/\/www.headshop.nl\/es\/wp-json\/wp\/v2\/media?parent=37512"}],"wp:term":[{"taxonomy":"product_brand","embeddable":true,"href":"https:\/\/www.headshop.nl\/es\/wp-json\/wp\/v2\/product_brand?post=37512"},{"taxonomy":"product_cat","embeddable":true,"href":"https:\/\/www.headshop.nl\/es\/wp-json\/wp\/v2\/product_cat?post=37512"},{"taxonomy":"product_tag","embeddable":true,"href":"https:\/\/www.headshop.nl\/es\/wp-json\/wp\/v2\/product_tag?post=37512"}],"curies":[{"name":"wp","href":"https:\/\/api.w.org\/{rel}","templated":true}]}}