{"id":37427,"date":"2025-01-30T08:06:37","date_gmt":"2025-01-30T08:06:37","guid":{"rendered":"https:\/\/www.headshop.nl\/?post_type=product&#038;p=37427"},"modified":"2025-05-23T09:05:58","modified_gmt":"2025-05-23T09:05:58","slug":"medical-49-cbd","status":"publish","type":"product","link":"https:\/\/www.headshop.nl\/es\/medical-49-cbd\/","title":{"rendered":"Medical 49 (CBD+) - Semillas Vision"},"content":{"rendered":"<h2><span data-sheets-value=\"{&quot;1&quot;:2,&quot;2&quot;:&quot;Medical 49 (CBD+)&quot;}\" data-sheets-userformat=\"{&quot;2&quot;:6723,&quot;3&quot;:{&quot;1&quot;:0},&quot;4&quot;:{&quot;1&quot;:2,&quot;2&quot;:16043212},&quot;9&quot;:0,&quot;12&quot;:0,&quot;14&quot;:{&quot;1&quot;:2,&quot;2&quot;:0},&quot;15&quot;:&quot;Arial&quot;}\">Medical 49 (CBD+) <\/span>Semillas de cannabis de Vision Seeds<\/h2>\n<p>Medical 49 CBD+ est\u00e1 dise\u00f1ada para pacientes en busca de una gran variedad de cannabis medicinal que pueda ayudar con dolencias f\u00edsicas y mentales. Es baja en THC, pero alta en CBD lo que la hace perfecta para aquellos que buscan aliviar la ansiedad o el estr\u00e9s.<\/p>\n<p>Desde que sali\u00f3 al mercado, esta variedad ha sido la favorita de muchos. Las cepas de cannabis Medical 49 CBD+ tienden a calmar los nervios y a ayudar a la gente a sentirse menos ansiosa o estresada; \u00a1pero eso no es todo lo que hacen estas peque\u00f1as bellezas! Hay algunos beneficios m\u00e9dicos bastante interesantes asociados con estas cepas - \u00a1como para las n\u00e1useas!<\/p>\n<p>Si buscas alivio para cualquier dolor corporal (sobre todo de cabeza), te recomendamos que le des una calada. Esta asombrosa planta ha sido criada selectivamente para ofrecer todo lo que necesitas.<\/p>","protected":false},"excerpt":{"rendered":"<p>Vision Seeds Medical 49 CBD+ - una de las mejores variedades de cannabis para cualquiera que busque aliviar la ansiedad y el estr\u00e9s. Bajo THC, alto CBD. Ideal para personas que necesitan alivio de las n\u00e1useas o incluso el dolor. Si crees que el cannabis puede ser un gran apoyo para ti, esta es la variedad que debes cultivar. El nombre lo dice todo, \u00bfverdad?<\/p>","protected":false},"featured_media":37254,"template":"","meta":[],"product_brand":[],"product_cat":[950,297,469,467,465],"product_tag":[],"class_list":{"0":"post-37427","1":"product","2":"type-product","3":"status-publish","4":"has-post-thumbnail","6":"product_cat-vision-seeds","7":"product_cat-all-products","8":"product_cat-cbd-seeds","9":"product_cat-feminized-seeds","10":"product_cat-seedshop","11":"product_shipping_class-creditcard-on","13":"first","14":"instock","15":"taxable","16":"shipping-taxable","17":"purchasable","18":"product-type-variable","19":"has-default-attributes"},"_links":{"self":[{"href":"https:\/\/www.headshop.nl\/es\/wp-json\/wp\/v2\/product\/37427","targetHints":{"allow":["GET"]}}],"collection":[{"href":"https:\/\/www.headshop.nl\/es\/wp-json\/wp\/v2\/product"}],"about":[{"href":"https:\/\/www.headshop.nl\/es\/wp-json\/wp\/v2\/types\/product"}],"wp:featuredmedia":[{"embeddable":true,"href":"https:\/\/www.headshop.nl\/es\/wp-json\/wp\/v2\/media\/37254"}],"wp:attachment":[{"href":"https:\/\/www.headshop.nl\/es\/wp-json\/wp\/v2\/media?parent=37427"}],"wp:term":[{"taxonomy":"product_brand","embeddable":true,"href":"https:\/\/www.headshop.nl\/es\/wp-json\/wp\/v2\/product_brand?post=37427"},{"taxonomy":"product_cat","embeddable":true,"href":"https:\/\/www.headshop.nl\/es\/wp-json\/wp\/v2\/product_cat?post=37427"},{"taxonomy":"product_tag","embeddable":true,"href":"https:\/\/www.headshop.nl\/es\/wp-json\/wp\/v2\/product_tag?post=37427"}],"curies":[{"name":"wp","href":"https:\/\/api.w.org\/{rel}","templated":true}]}}