{"id":37425,"date":"2025-01-30T08:06:37","date_gmt":"2025-01-30T08:06:37","guid":{"rendered":"https:\/\/www.headshop.nl\/?post_type=product&#038;p=37425"},"modified":"2025-05-23T09:05:51","modified_gmt":"2025-05-23T09:05:51","slug":"la-blanca-gold","status":"publish","type":"product","link":"https:\/\/www.headshop.nl\/es\/la-blanca-gold\/","title":{"rendered":"La Blanca Gold - Semillas Vision"},"content":{"rendered":"<h2><span data-sheets-value=\"{&quot;1&quot;:2,&quot;2&quot;:&quot;AK-49&quot;}\" data-sheets-userformat=\"{&quot;2&quot;:14915,&quot;3&quot;:{&quot;1&quot;:0},&quot;4&quot;:{&quot;1&quot;:2,&quot;2&quot;:16773836},&quot;9&quot;:0,&quot;12&quot;:0,&quot;14&quot;:{&quot;1&quot;:2,&quot;2&quot;:0},&quot;15&quot;:&quot;docs-Calibri&quot;,&quot;16&quot;:12}\">La Blanca Gold<\/span>\u00a0Semillas de cannabis de Vision Seeds<\/h2>\n<p>Vision Seeds La Blanca Gold es una reina mala de todas las cosas pegajosas que cuenta con niveles de producci\u00f3n de resina por las nubes y ofrece algunos muy alto CDB que todav\u00eda hace que sea viable para ciertas necesidades m\u00e9dicas. A esta dama le encanta crecer con unos rendimientos por debajo de la media cubiertos de cristales. Si buscas una experiencia de fumada m\u00e1s din\u00e1mica con un agradable equilibrio CBD\/THC, esta dama podr\u00eda ser tu nueva mejor amiga.<\/p>\n<p>La La Blanca Gold es un cogollo con un aroma y sabor terroso, floral y fresco. Los efectos est\u00e1n muy bien equilibrados, induciendo la sensaci\u00f3n de ser levantado y energizado sin ser demasiado dominante. El contenido de THC de esta cepa te har\u00e1 dormir sin problemas; 2 horas despu\u00e9s de su consumo estar\u00e1s so\u00f1ando con lo bonita que puede ser la vida incluso en tiempos dif\u00edciles.<\/p>","protected":false},"excerpt":{"rendered":"<p>La Blanca Gold es una nueva e interesante variedad h\u00edbrida de cannabis que refleja el mundo de Vision Seeds de incre\u00edbles gen\u00e9ticas de variedades de cannabis. \u00a1La mezcla perfecta de THC y CBD para algunas grandes necesidades medicinales, mientras que tambi\u00e9n es divertido de cultivar con algunos dulces rendimientos! \u00a1Hay que probarla!<\/p>","protected":false},"featured_media":37252,"template":"","meta":[],"product_brand":[],"product_cat":[950,297,467,465],"product_tag":[],"class_list":{"0":"post-37425","1":"product","2":"type-product","3":"status-publish","4":"has-post-thumbnail","6":"product_cat-vision-seeds","7":"product_cat-all-products","8":"product_cat-feminized-seeds","9":"product_cat-seedshop","10":"product_shipping_class-creditcard-on","12":"first","13":"instock","14":"taxable","15":"shipping-taxable","16":"purchasable","17":"product-type-variable","18":"has-default-attributes"},"_links":{"self":[{"href":"https:\/\/www.headshop.nl\/es\/wp-json\/wp\/v2\/product\/37425","targetHints":{"allow":["GET"]}}],"collection":[{"href":"https:\/\/www.headshop.nl\/es\/wp-json\/wp\/v2\/product"}],"about":[{"href":"https:\/\/www.headshop.nl\/es\/wp-json\/wp\/v2\/types\/product"}],"wp:featuredmedia":[{"embeddable":true,"href":"https:\/\/www.headshop.nl\/es\/wp-json\/wp\/v2\/media\/37252"}],"wp:attachment":[{"href":"https:\/\/www.headshop.nl\/es\/wp-json\/wp\/v2\/media?parent=37425"}],"wp:term":[{"taxonomy":"product_brand","embeddable":true,"href":"https:\/\/www.headshop.nl\/es\/wp-json\/wp\/v2\/product_brand?post=37425"},{"taxonomy":"product_cat","embeddable":true,"href":"https:\/\/www.headshop.nl\/es\/wp-json\/wp\/v2\/product_cat?post=37425"},{"taxonomy":"product_tag","embeddable":true,"href":"https:\/\/www.headshop.nl\/es\/wp-json\/wp\/v2\/product_tag?post=37425"}],"curies":[{"name":"wp","href":"https:\/\/api.w.org\/{rel}","templated":true}]}}