{"id":37424,"date":"2025-01-30T08:06:36","date_gmt":"2025-01-30T08:06:36","guid":{"rendered":"https:\/\/www.headshop.nl\/?post_type=product&#038;p=37424"},"modified":"2025-05-23T09:06:05","modified_gmt":"2025-05-23T09:06:05","slug":"lambs-breath-x-ak-49","status":"publish","type":"product","link":"https:\/\/www.headshop.nl\/es\/lambs-breath-x-ak-49\/","title":{"rendered":"Lamb\u2019s Breath x AK-49 - Semillas Vision"},"content":{"rendered":"<h2>Lamb\u2019s Breath x AK-49 Semillas de Cannabis de Vision Seeds<\/h2>\n<p>Prep\u00e1rate para explorar un subid\u00f3n profundo e intrigante, lleno de picante y queso. La cepa Lamb\u2019s Breath x AK-49 es nuestra campeona Sativa de elecci\u00f3n para aquellos que buscan una incre\u00edble levantadora de \u00e1nimo con fuerte energ\u00eda.<\/p>\n<p>Como esta chica s\u00f3lo tiene activos positivos, \u00a1te invitamos a disfrutar de su sabor sutilmente picante y a descubrir todas las grandes cualidades que puede ofrecer a tu vida! Los simp\u00e1ticos cogollos de color verde vienen cubiertos de pelos anaranjados; sin olvidar que esta dama tiene algo en su interior que har\u00e1 que la experiencia sea a\u00fan m\u00e1s placentera: una compleja mezcla de cannabinoides y terpenos.<\/p>\n<p>As\u00ed que no lo dude: \u00a1pida ya su Ama!<\/p>","protected":false},"excerpt":{"rendered":"<p>Siendo un cruce de Vision Seeds Lamb's Breath y la variedad de cannabis AK-49, esta dama se puede esperar tan divertida como un despertador un jueves por la ma\u00f1ana. Potente y con una seria influencia Sativa, har\u00e1 que te enamores de ella si tu estado de \u00e1nimo es agrio. Los verdes v\u00edvidos se convertir\u00edan en todos los tonos de verde despu\u00e9s de mirarlos durante demasiado tiempo debido a los grandes niveles de THC combinados con altos niveles de otros cannabinoides. Una variedad de cannabis que hay que probar.<\/p>","protected":false},"featured_media":37298,"template":"","meta":[],"product_brand":[],"product_cat":[950,297,467,470,465],"product_tag":[],"class_list":{"0":"post-37424","1":"product","2":"type-product","3":"status-publish","4":"has-post-thumbnail","6":"product_cat-vision-seeds","7":"product_cat-all-products","8":"product_cat-feminized-seeds","9":"product_cat-high-thc-seeds","10":"product_cat-seedshop","11":"product_shipping_class-creditcard-on","13":"first","14":"instock","15":"taxable","16":"shipping-taxable","17":"purchasable","18":"product-type-variable","19":"has-default-attributes"},"_links":{"self":[{"href":"https:\/\/www.headshop.nl\/es\/wp-json\/wp\/v2\/product\/37424","targetHints":{"allow":["GET"]}}],"collection":[{"href":"https:\/\/www.headshop.nl\/es\/wp-json\/wp\/v2\/product"}],"about":[{"href":"https:\/\/www.headshop.nl\/es\/wp-json\/wp\/v2\/types\/product"}],"wp:featuredmedia":[{"embeddable":true,"href":"https:\/\/www.headshop.nl\/es\/wp-json\/wp\/v2\/media\/37298"}],"wp:attachment":[{"href":"https:\/\/www.headshop.nl\/es\/wp-json\/wp\/v2\/media?parent=37424"}],"wp:term":[{"taxonomy":"product_brand","embeddable":true,"href":"https:\/\/www.headshop.nl\/es\/wp-json\/wp\/v2\/product_brand?post=37424"},{"taxonomy":"product_cat","embeddable":true,"href":"https:\/\/www.headshop.nl\/es\/wp-json\/wp\/v2\/product_cat?post=37424"},{"taxonomy":"product_tag","embeddable":true,"href":"https:\/\/www.headshop.nl\/es\/wp-json\/wp\/v2\/product_tag?post=37424"}],"curies":[{"name":"wp","href":"https:\/\/api.w.org\/{rel}","templated":true}]}}