{"id":37420,"date":"2025-01-30T08:06:34","date_gmt":"2025-01-30T08:06:34","guid":{"rendered":"https:\/\/www.headshop.nl\/?post_type=product&#038;p=37420"},"modified":"2025-05-23T09:06:10","modified_gmt":"2025-05-23T09:06:10","slug":"jack-herer","status":"publish","type":"product","link":"https:\/\/www.headshop.nl\/es\/jack-herer\/","title":{"rendered":"Jack Herer - Semillas Vision"},"content":{"rendered":"<h2><span data-sheets-value=\"{&quot;1&quot;:2,&quot;2&quot;:&quot;Jack Herer&quot;}\" data-sheets-userformat=\"{&quot;2&quot;:6723,&quot;3&quot;:{&quot;1&quot;:0},&quot;4&quot;:{&quot;1&quot;:2,&quot;2&quot;:15389148},&quot;9&quot;:0,&quot;12&quot;:0,&quot;14&quot;:{&quot;1&quot;:2,&quot;2&quot;:0},&quot;15&quot;:&quot;Arial&quot;}\">Jack Herer <\/span>Semillas de cannabis de Vision Seeds<\/h2>\n<p>Usted ha estado buscando una manera de relajarse y divertirse, pero sin sentirse perezoso o demasiado cansado. Quieres que la sensaci\u00f3n euf\u00f3rica de tu cannabis permanezca contigo sin sentirte abrumado por ella. Las semillas de cannabis Jack Herer pueden ser lo que necesitas.<\/p>\n<p>Esta cepa de marihuana viciosamente impresionante te mantendr\u00e1 aturdido y feliz sin dejarte agotado o perezoso, ideal si eso es lo que est\u00e1s buscando en una cepa de hierba. Jack Herer se enorgullece de su gen\u00e9tica Skunk, Northern Lights y Haze - \u00a1s\u00ed!<\/p>","protected":false},"excerpt":{"rendered":"<p>Deja que Jack se presente, para que no tengamos que hacerlo nosotros... \"Soy un h\u00edbrido Sativa de alta calidad con una gen\u00e9tica 100% Skunk, Northern Lights, y Haze que har\u00e1 que te sientas orgulloso de cultivarme. Soy conocida por mis grandes flores que son cogollos verde claro todos cubiertos de muchos pelos que causar\u00e1n euforia cuando ella golpee tu sistema.\" Nosotros no podr\u00edamos decirlo mejor.<\/p>","protected":false},"featured_media":37250,"template":"","meta":[],"product_brand":[],"product_cat":[950,297,467,465],"product_tag":[],"class_list":{"0":"post-37420","1":"product","2":"type-product","3":"status-publish","4":"has-post-thumbnail","6":"product_cat-vision-seeds","7":"product_cat-all-products","8":"product_cat-feminized-seeds","9":"product_cat-seedshop","10":"product_shipping_class-creditcard-on","12":"first","13":"instock","14":"taxable","15":"shipping-taxable","16":"purchasable","17":"product-type-variable","18":"has-default-attributes"},"_links":{"self":[{"href":"https:\/\/www.headshop.nl\/es\/wp-json\/wp\/v2\/product\/37420","targetHints":{"allow":["GET"]}}],"collection":[{"href":"https:\/\/www.headshop.nl\/es\/wp-json\/wp\/v2\/product"}],"about":[{"href":"https:\/\/www.headshop.nl\/es\/wp-json\/wp\/v2\/types\/product"}],"wp:featuredmedia":[{"embeddable":true,"href":"https:\/\/www.headshop.nl\/es\/wp-json\/wp\/v2\/media\/37250"}],"wp:attachment":[{"href":"https:\/\/www.headshop.nl\/es\/wp-json\/wp\/v2\/media?parent=37420"}],"wp:term":[{"taxonomy":"product_brand","embeddable":true,"href":"https:\/\/www.headshop.nl\/es\/wp-json\/wp\/v2\/product_brand?post=37420"},{"taxonomy":"product_cat","embeddable":true,"href":"https:\/\/www.headshop.nl\/es\/wp-json\/wp\/v2\/product_cat?post=37420"},{"taxonomy":"product_tag","embeddable":true,"href":"https:\/\/www.headshop.nl\/es\/wp-json\/wp\/v2\/product_tag?post=37420"}],"curies":[{"name":"wp","href":"https:\/\/api.w.org\/{rel}","templated":true}]}}