{"id":37407,"date":"2025-01-30T08:06:21","date_gmt":"2025-01-30T08:06:21","guid":{"rendered":"https:\/\/www.headshop.nl\/?post_type=product&#038;p=37407"},"modified":"2025-05-23T09:07:24","modified_gmt":"2025-05-23T09:07:24","slug":"cheese","status":"publish","type":"product","link":"https:\/\/www.headshop.nl\/es\/cheese\/","title":{"rendered":"Cheese - Semillas Vision"},"content":{"rendered":"<h2>Cheese Semillas de Cannabis de Vision Seeds<\/h2>\n<p>Las semillas de cannabis Cheese de Vision Seeds le encantar\u00e1n a cualquier fan ac\u00e9rrimo del cannabis cursi que prospere cuando ese aroma almizclado flota en la habitaci\u00f3n. La gen\u00e9tica de estas plantas relativamente fuertes Cheese son bastante apretado e intenso, por lo que puede esperar un gran aroma fuerte de cannabis con matices skunk. Conseguir\u00e1s un coloc\u00f3n corporal decente junto con una agradable euforia despu\u00e9s de fumarla.<\/p>\n<p>Esta planta garantiza el deleite de todos los amantes del queso que buscan una agradable experiencia emocional, f\u00edsica y mental. Vision Seeds Cheese te hipnotizar\u00e1 con su aroma funky de almizcle skunk kush. La cepa ofrece un coloc\u00f3n corporal incre\u00edble junto con una euforia placentera.<\/p>","protected":false},"excerpt":{"rendered":"<p>La variedad de cannabis Cheese es conocida por el olor a almizcle que desprende. Hecho para aquellos que aman todas las cosas cursi, esta planta est\u00e1 garantizada para mantenerte satisfecho en m\u00e1s de un sentido con su fuerte impacto de skunk y kush. Es una variedad incre\u00edblemente buena para un verdadero amante del cannabis.<\/p>","protected":false},"featured_media":37320,"template":"","meta":[],"product_brand":[],"product_cat":[950,297,467,465],"product_tag":[],"class_list":{"0":"post-37407","1":"product","2":"type-product","3":"status-publish","4":"has-post-thumbnail","6":"product_cat-vision-seeds","7":"product_cat-all-products","8":"product_cat-feminized-seeds","9":"product_cat-seedshop","10":"product_shipping_class-creditcard-on","12":"first","13":"instock","14":"taxable","15":"shipping-taxable","16":"purchasable","17":"product-type-variable","18":"has-default-attributes"},"_links":{"self":[{"href":"https:\/\/www.headshop.nl\/es\/wp-json\/wp\/v2\/product\/37407","targetHints":{"allow":["GET"]}}],"collection":[{"href":"https:\/\/www.headshop.nl\/es\/wp-json\/wp\/v2\/product"}],"about":[{"href":"https:\/\/www.headshop.nl\/es\/wp-json\/wp\/v2\/types\/product"}],"wp:featuredmedia":[{"embeddable":true,"href":"https:\/\/www.headshop.nl\/es\/wp-json\/wp\/v2\/media\/37320"}],"wp:attachment":[{"href":"https:\/\/www.headshop.nl\/es\/wp-json\/wp\/v2\/media?parent=37407"}],"wp:term":[{"taxonomy":"product_brand","embeddable":true,"href":"https:\/\/www.headshop.nl\/es\/wp-json\/wp\/v2\/product_brand?post=37407"},{"taxonomy":"product_cat","embeddable":true,"href":"https:\/\/www.headshop.nl\/es\/wp-json\/wp\/v2\/product_cat?post=37407"},{"taxonomy":"product_tag","embeddable":true,"href":"https:\/\/www.headshop.nl\/es\/wp-json\/wp\/v2\/product_tag?post=37407"}],"curies":[{"name":"wp","href":"https:\/\/api.w.org\/{rel}","templated":true}]}}