{"id":37401,"date":"2025-01-30T08:06:14","date_gmt":"2025-01-30T08:06:14","guid":{"rendered":"https:\/\/www.headshop.nl\/?post_type=product&#038;p=37401"},"modified":"2025-05-23T09:07:34","modified_gmt":"2025-05-23T09:07:34","slug":"brainkiller-haze","status":"publish","type":"product","link":"https:\/\/www.headshop.nl\/es\/brainkiller-haze\/","title":{"rendered":"Brainkiller Haze - Semillas Vision"},"content":{"rendered":"<h2><span data-sheets-value=\"{&quot;1&quot;:2,&quot;2&quot;:&quot;Brainkiller Haze&quot;}\" data-sheets-userformat=\"{&quot;2&quot;:6723,&quot;3&quot;:{&quot;1&quot;:0},&quot;4&quot;:{&quot;1&quot;:2,&quot;2&quot;:14275305},&quot;9&quot;:0,&quot;12&quot;:0,&quot;14&quot;:{&quot;1&quot;:2,&quot;2&quot;:0},&quot;15&quot;:&quot;Arial&quot;}\">Brainkiller Haze<\/span> Semillas de cannabis de Vision Seeds<\/h2>\n<p>\u00a1Semillas de cannabis de alta calidad que son valoradas por cultivadores principiantes, as\u00ed como por profesionales experimentados que han cultivado durante a\u00f1os - Brainkiller Haze Cannabis Seeds, cumplir\u00e1 en todos los frentes con sus enormes rendimientos de potentes cogollos en poco tiempo!<\/p>\n<p>Brainkiller Haze Semillas de Cannabis de Vision Seeds tiene un perfil genetico haze raro, casi puro y tambien es casi todo Sativa. Florece durante m\u00e1s tiempo que la mayor\u00eda de las plantas y crece extremadamente alta y ramificada.<\/p>\n<p>Estas semillas de cannabis proporcionan un subid\u00f3n extremadamente fuerte y alegre para aquellos que m\u00e1s lo necesitan. Una de las advertencias deber\u00eda ser que no es segura para el trabajo, ya que esta variedad de marihuana euf\u00f3rica e incluso psicod\u00e9lica te perturbar\u00e1 la mente en cuanto la enciendas.<\/p>","protected":false},"excerpt":{"rendered":"<p>Sentir\u00e1s el subid\u00f3n inmediatamente. Mucha gente la llama su favorita porque es muy potente y deliciosa. Los subidones embriagadores son geniales para la creatividad, la inspiraci\u00f3n, para hacer arte o simplemente para relajarse con unas melod\u00edas en una tarde perezosa. Ten en cuenta que esta dama no est\u00e1 bromeando. En absoluto.<\/p>\n<p>&nbsp;<\/p>","protected":false},"featured_media":37485,"template":"","meta":[],"product_brand":[],"product_cat":[950,297,467,465],"product_tag":[],"class_list":{"0":"post-37401","1":"product","2":"type-product","3":"status-publish","4":"has-post-thumbnail","6":"product_cat-vision-seeds","7":"product_cat-all-products","8":"product_cat-feminized-seeds","9":"product_cat-seedshop","10":"product_shipping_class-creditcard-on","12":"first","13":"instock","14":"taxable","15":"shipping-taxable","16":"purchasable","17":"product-type-variable","18":"has-default-attributes"},"_links":{"self":[{"href":"https:\/\/www.headshop.nl\/es\/wp-json\/wp\/v2\/product\/37401","targetHints":{"allow":["GET"]}}],"collection":[{"href":"https:\/\/www.headshop.nl\/es\/wp-json\/wp\/v2\/product"}],"about":[{"href":"https:\/\/www.headshop.nl\/es\/wp-json\/wp\/v2\/types\/product"}],"wp:featuredmedia":[{"embeddable":true,"href":"https:\/\/www.headshop.nl\/es\/wp-json\/wp\/v2\/media\/37485"}],"wp:attachment":[{"href":"https:\/\/www.headshop.nl\/es\/wp-json\/wp\/v2\/media?parent=37401"}],"wp:term":[{"taxonomy":"product_brand","embeddable":true,"href":"https:\/\/www.headshop.nl\/es\/wp-json\/wp\/v2\/product_brand?post=37401"},{"taxonomy":"product_cat","embeddable":true,"href":"https:\/\/www.headshop.nl\/es\/wp-json\/wp\/v2\/product_cat?post=37401"},{"taxonomy":"product_tag","embeddable":true,"href":"https:\/\/www.headshop.nl\/es\/wp-json\/wp\/v2\/product_tag?post=37401"}],"curies":[{"name":"wp","href":"https:\/\/api.w.org\/{rel}","templated":true}]}}