{"id":37395,"date":"2025-01-30T08:06:07","date_gmt":"2025-01-30T08:06:07","guid":{"rendered":"https:\/\/www.headshop.nl\/?post_type=product&#038;p=37395"},"modified":"2025-05-23T09:07:45","modified_gmt":"2025-05-23T09:07:45","slug":"blue-power","status":"publish","type":"product","link":"https:\/\/www.headshop.nl\/es\/blue-power\/","title":{"rendered":"Blue Power - Semillas Vision"},"content":{"rendered":"<h2>Blue Power Semillas de Cannabis de Vision Seeds<\/h2>\n<p>Las semillas de cannabis Blue Power son perfectas para todas tus necesidades dulces y afrutadas. Creadas cruzando Blueberry con White Widow y Skunk, estas semillas producen una potente hierba con aroma a algod\u00f3n de az\u00facar. Estos peque\u00f1os y h\u00famedos chicos har\u00e1n que te preguntes por qu\u00e9 nunca antes hab\u00edas prestado atenci\u00f3n a las variedades potentes.<\/p>\n<p>Hazte con algunas semillas de cannabis Vision Seeds Blue Power y prep\u00e1rate para asombrarte con su incre\u00edblemente bonito e interminable sabor rematado con una explosi\u00f3n de CBD.<\/p>\n<p>Cogollos de color caramelo, \u00a1coloc\u00f3n de caramelo estrellado! Eso es lo que obtienes cuando cruzas Skunk, White Widow y Blueberry juntas para obtener esta incre\u00edble variedad que te dar\u00e1 lo que necesitas en todo momento: energ\u00eda, euforia y felicidad envueltas en un incre\u00edble aroma a bayas. Todos los golosos tienen que probarla.<\/p>","protected":false},"excerpt":{"rendered":"<p>El cannabis Blue Power es imprescindible en tu jard\u00edn. Despu\u00e9s de oler esta potente variedad, sabr\u00e1s por qu\u00e9. Suave y afrutada con un distintivo aroma a bayas, la Blue Power es una de las flores de cannabis m\u00e1s deseadas dentro de la colecci\u00f3n de Vision Seeds. \u00a1Incre\u00edble y sabrosa reina que trae una experiencia de fumar incre\u00edble!<\/p>","protected":false},"featured_media":37314,"template":"","meta":[],"product_brand":[],"product_cat":[950,297,467,465],"product_tag":[],"class_list":{"0":"post-37395","1":"product","2":"type-product","3":"status-publish","4":"has-post-thumbnail","6":"product_cat-vision-seeds","7":"product_cat-all-products","8":"product_cat-feminized-seeds","9":"product_cat-seedshop","10":"product_shipping_class-creditcard-on","12":"first","13":"instock","14":"taxable","15":"shipping-taxable","16":"purchasable","17":"product-type-variable","18":"has-default-attributes"},"_links":{"self":[{"href":"https:\/\/www.headshop.nl\/es\/wp-json\/wp\/v2\/product\/37395","targetHints":{"allow":["GET"]}}],"collection":[{"href":"https:\/\/www.headshop.nl\/es\/wp-json\/wp\/v2\/product"}],"about":[{"href":"https:\/\/www.headshop.nl\/es\/wp-json\/wp\/v2\/types\/product"}],"wp:featuredmedia":[{"embeddable":true,"href":"https:\/\/www.headshop.nl\/es\/wp-json\/wp\/v2\/media\/37314"}],"wp:attachment":[{"href":"https:\/\/www.headshop.nl\/es\/wp-json\/wp\/v2\/media?parent=37395"}],"wp:term":[{"taxonomy":"product_brand","embeddable":true,"href":"https:\/\/www.headshop.nl\/es\/wp-json\/wp\/v2\/product_brand?post=37395"},{"taxonomy":"product_cat","embeddable":true,"href":"https:\/\/www.headshop.nl\/es\/wp-json\/wp\/v2\/product_cat?post=37395"},{"taxonomy":"product_tag","embeddable":true,"href":"https:\/\/www.headshop.nl\/es\/wp-json\/wp\/v2\/product_tag?post=37395"}],"curies":[{"name":"wp","href":"https:\/\/api.w.org\/{rel}","templated":true}]}}