{"id":37233,"date":"2025-01-30T09:02:41","date_gmt":"2025-01-30T09:02:41","guid":{"rendered":"https:\/\/www.headshop.nl\/?post_type=product&#038;p=37233"},"modified":"2025-05-23T09:02:59","modified_gmt":"2025-05-23T09:02:59","slug":"auto-vision-critical","status":"publish","type":"product","link":"https:\/\/www.headshop.nl\/es\/auto-vision-critical\/","title":{"rendered":"Auto Vision Critical - Semillas Vision"},"content":{"rendered":"<h2><span data-sheets-value=\"{&quot;1&quot;:2,&quot;2&quot;:&quot;Auto Vision Critical&quot;}\" data-sheets-userformat=\"{&quot;2&quot;:14915,&quot;3&quot;:{&quot;1&quot;:0},&quot;4&quot;:{&quot;1&quot;:2,&quot;2&quot;:14281427},&quot;9&quot;:0,&quot;12&quot;:0,&quot;14&quot;:{&quot;1&quot;:2,&quot;2&quot;:0},&quot;15&quot;:&quot;Calibri&quot;,&quot;16&quot;:12}\">Auto Vision Critical <\/span>Semillas de cannabis de Vision Seeds<\/h2>\n<p>Peque\u00f1as y discretas, pero no demasiado bajas en THC. No tendr\u00e1s que preocuparte de que estas se\u00f1oritas estropeen tu operaci\u00f3n de cultivo furtivo. Es perfecta si lo que quieres es un poco de relajaci\u00f3n mental sin demasiada ansiedad social posterior. Este divertido y atractivo beb\u00e9 autofloreciente es algo que incluso el cultivador m\u00e1s novato puede manejar con relativa facilidad.<\/p>\n<p>Vision Seeds Vision Critical Auto es una variedad perfecta si buscas algo que sea f\u00e1cil de cultivar y que proporcione sabores, aromas y efectos de primera categor\u00eda. Al ser una buena elecci\u00f3n para el cultivo furtivo, ser\u00e1 muy f\u00e1cil para aquellos que buscan una planta peque\u00f1a que se pueda esconder discretamente de los transe\u00fantes. Adem\u00e1s, no importa si es h\u00fameda o sabrosa, \u00a1ya que esta chica no decepciona!<\/p>","protected":false},"excerpt":{"rendered":"<p>Lo hace a su manera y es simplemente perfecta. Vision Critical Auto ofrece una calada suave, no demasiado THC-pesada, relajada y fr\u00eda que complacer\u00e1 a muchos con su aroma \u00fanico y encantador a c\u00edtricos, especias y madera. Ah, y es perfecta para aquellos cultivadores ultra sigilosos. Pru\u00e9bala y te encantar\u00e1.<\/p>","protected":false},"featured_media":37308,"template":"","meta":[],"product_brand":[],"product_cat":[950,297,466,465],"product_tag":[],"class_list":{"0":"post-37233","1":"product","2":"type-product","3":"status-publish","4":"has-post-thumbnail","6":"product_cat-vision-seeds","7":"product_cat-all-products","8":"product_cat-autoflowering-seeds","9":"product_cat-seedshop","10":"product_shipping_class-creditcard-on","12":"first","13":"instock","14":"taxable","15":"shipping-taxable","16":"purchasable","17":"product-type-variable","18":"has-default-attributes"},"_links":{"self":[{"href":"https:\/\/www.headshop.nl\/es\/wp-json\/wp\/v2\/product\/37233","targetHints":{"allow":["GET"]}}],"collection":[{"href":"https:\/\/www.headshop.nl\/es\/wp-json\/wp\/v2\/product"}],"about":[{"href":"https:\/\/www.headshop.nl\/es\/wp-json\/wp\/v2\/types\/product"}],"wp:featuredmedia":[{"embeddable":true,"href":"https:\/\/www.headshop.nl\/es\/wp-json\/wp\/v2\/media\/37308"}],"wp:attachment":[{"href":"https:\/\/www.headshop.nl\/es\/wp-json\/wp\/v2\/media?parent=37233"}],"wp:term":[{"taxonomy":"product_brand","embeddable":true,"href":"https:\/\/www.headshop.nl\/es\/wp-json\/wp\/v2\/product_brand?post=37233"},{"taxonomy":"product_cat","embeddable":true,"href":"https:\/\/www.headshop.nl\/es\/wp-json\/wp\/v2\/product_cat?post=37233"},{"taxonomy":"product_tag","embeddable":true,"href":"https:\/\/www.headshop.nl\/es\/wp-json\/wp\/v2\/product_tag?post=37233"}],"curies":[{"name":"wp","href":"https:\/\/api.w.org\/{rel}","templated":true}]}}