{"id":37227,"date":"2025-01-30T09:02:35","date_gmt":"2025-01-30T09:02:35","guid":{"rendered":"https:\/\/www.headshop.nl\/?post_type=product&#038;p=37227"},"modified":"2025-05-23T09:03:30","modified_gmt":"2025-05-23T09:03:30","slug":"auto-super-skunk","status":"publish","type":"product","link":"https:\/\/www.headshop.nl\/es\/auto-super-skunk\/","title":{"rendered":"Auto Super Skunk - Semillas Vision"},"content":{"rendered":"<h2><span data-sheets-value=\"{&quot;1&quot;:2,&quot;2&quot;:&quot;Auto Super Skunk &quot;}\" data-sheets-userformat=\"{&quot;2&quot;:14915,&quot;3&quot;:{&quot;1&quot;:0},&quot;4&quot;:{&quot;1&quot;:2,&quot;2&quot;:15389148},&quot;9&quot;:0,&quot;12&quot;:0,&quot;14&quot;:{&quot;1&quot;:2,&quot;2&quot;:0},&quot;15&quot;:&quot;Calibri&quot;,&quot;16&quot;:12}\">Auto Super Skunk <\/span>Semillas de cannabis de Vision Seeds<\/h2>\n<p>Esta semilla de cannabis Auto Super Skunk busca tiempo de juego de calidad y ser\u00e1 lo suficientemente educada como para devolver en abundancia todo lo que le des la oportunidad de trabajar. Pero cuidado... su potencia es muy potente, as\u00ed que aseg\u00farate de estar preparado para despegar con esta potencia de gen\u00e9tica apestosa que tiene los dos extremos cubiertos.<\/p>\n<p>La Super Skunk Auto es una de las favoritas tanto de los jardineros principiantes como de los experimentados. Prospera en climas c\u00e1lidos y h\u00famedos en los que es necesario proporcionar abundante materia org\u00e1nica durante todo el proceso de crecimiento. Estas plantas se convertir\u00e1n en peque\u00f1os monstruos a los que les encanta estirarse hacia arriba en busca de luz. Las semillas de cannabis Auto Super Skunk se pueden plantar en exterior durante todo el a\u00f1o sin preocuparse de descuidar sus necesidades.<\/p>\n<p>El seductor olor a flores dulces de esta chica que sale a trav\u00e9s de su escarchada capa de resina es el sue\u00f1o de cualquier artista si quieres unas incre\u00edbles cepas mixtas para tu genio creativo.<\/p>","protected":false},"excerpt":{"rendered":"<p>Algunas semillas son m\u00e1s d\u00e9biles que otras. Esta chica no. Crecer\u00e1 al m\u00e1ximo de su potencial, m\u00e1s r\u00e1pido que la media de las plantas de semillero, \u00a1simplemente porque puede! Puede que tengas espacio para una maceta m\u00e1s grande o puede que tengas una tierra estupenda con los nutrientes perfectos, sea como sea, no te lo pienses demasiado. Simplemente cultiva y disfruta de sus incre\u00edbles bocanadas en cuesti\u00f3n de semanas. Es una bestia skunk y te encantar\u00e1.<\/p>","protected":false},"featured_media":37288,"template":"","meta":[],"product_brand":[],"product_cat":[950,297,466,465],"product_tag":[],"class_list":{"0":"post-37227","1":"product","2":"type-product","3":"status-publish","4":"has-post-thumbnail","6":"product_cat-vision-seeds","7":"product_cat-all-products","8":"product_cat-autoflowering-seeds","9":"product_cat-seedshop","10":"product_shipping_class-creditcard-on","12":"first","13":"instock","14":"taxable","15":"shipping-taxable","16":"purchasable","17":"product-type-variable","18":"has-default-attributes"},"_links":{"self":[{"href":"https:\/\/www.headshop.nl\/es\/wp-json\/wp\/v2\/product\/37227","targetHints":{"allow":["GET"]}}],"collection":[{"href":"https:\/\/www.headshop.nl\/es\/wp-json\/wp\/v2\/product"}],"about":[{"href":"https:\/\/www.headshop.nl\/es\/wp-json\/wp\/v2\/types\/product"}],"wp:featuredmedia":[{"embeddable":true,"href":"https:\/\/www.headshop.nl\/es\/wp-json\/wp\/v2\/media\/37288"}],"wp:attachment":[{"href":"https:\/\/www.headshop.nl\/es\/wp-json\/wp\/v2\/media?parent=37227"}],"wp:term":[{"taxonomy":"product_brand","embeddable":true,"href":"https:\/\/www.headshop.nl\/es\/wp-json\/wp\/v2\/product_brand?post=37227"},{"taxonomy":"product_cat","embeddable":true,"href":"https:\/\/www.headshop.nl\/es\/wp-json\/wp\/v2\/product_cat?post=37227"},{"taxonomy":"product_tag","embeddable":true,"href":"https:\/\/www.headshop.nl\/es\/wp-json\/wp\/v2\/product_tag?post=37227"}],"curies":[{"name":"wp","href":"https:\/\/api.w.org\/{rel}","templated":true}]}}