{"id":37209,"date":"2025-01-30T09:02:16","date_gmt":"2025-01-30T09:02:16","guid":{"rendered":"https:\/\/www.headshop.nl\/?post_type=product&#038;p=37209"},"modified":"2025-05-23T09:04:18","modified_gmt":"2025-05-23T09:04:18","slug":"auto-blueberry-bliss","status":"publish","type":"product","link":"https:\/\/www.headshop.nl\/es\/auto-blueberry-bliss\/","title":{"rendered":"Auto Blueberry Bliss - Semillas Vision"},"content":{"rendered":"<h2>Auto Blueberry Bliss Semillas de Cannabis de Vision Seeds<\/h2>\n<p>Esta sativa de tama\u00f1o medio es una gran variedad de floraci\u00f3n para principiantes con cogollos grandes y bonitos. Aunque s\u00f3lo lleva unos pocos a\u00f1os en el mercado, Auto Bliss recibe su nombre del lado Auto Blueberry de su ADN y se ha convertido r\u00e1pidamente en una de las favoritas de los dispensarios. Crece hasta unos 3 \u00f3 4 pies de altura en flor y tiene unos colores escandalosos que har\u00edan sentirse orgulloso a cualquier artista. El sabor es fresco y dulce con un subid\u00f3n edificante que viene r\u00e1pido y luego se estrella en la tierra de ensue\u00f1o couchlock.<\/p>\n<p>Esta chica har\u00e1 las delicias de sus fumadores con una dominancia Indica y una suave dominancia Sativa. Salv\u00e1ndote del estr\u00e9s del d\u00eda: s\u00f3lo unas caladas y ella se encargar\u00e1 de todo.<br \/>\nVision Seeds Auto Blueberry Bliss se recomienda a aquellos que buscan una planta m\u00e1s peque\u00f1a pero sabrosa, adem\u00e1s de un humo casual capaz de una relajaci\u00f3n profunda sin ning\u00fan tipo de paranoia o ralentizaci\u00f3n del proceso de pensamiento asociado con la mayor\u00eda de las \u00edndicas.<\/p>","protected":false},"excerpt":{"rendered":"<p>Esta variedad de cannabis es una elecci\u00f3n perfecta para los amantes de un nivel de THC (algo as\u00ed como 14%), pero en busca de la singularidad y el aspecto m\u00e1s dulce de los cogollos. Con ra\u00edces en BlueBerry - esta dama Indica azul entregar\u00e1 cogollos fuertes y llenos de sabor, densos como rocas.<\/p>","protected":false},"featured_media":37280,"template":"","meta":[],"product_brand":[],"product_cat":[950,297,466,465],"product_tag":[],"class_list":{"0":"post-37209","1":"product","2":"type-product","3":"status-publish","4":"has-post-thumbnail","6":"product_cat-vision-seeds","7":"product_cat-all-products","8":"product_cat-autoflowering-seeds","9":"product_cat-seedshop","10":"product_shipping_class-creditcard-on","12":"first","13":"instock","14":"taxable","15":"shipping-taxable","16":"purchasable","17":"product-type-variable","18":"has-default-attributes"},"_links":{"self":[{"href":"https:\/\/www.headshop.nl\/es\/wp-json\/wp\/v2\/product\/37209","targetHints":{"allow":["GET"]}}],"collection":[{"href":"https:\/\/www.headshop.nl\/es\/wp-json\/wp\/v2\/product"}],"about":[{"href":"https:\/\/www.headshop.nl\/es\/wp-json\/wp\/v2\/types\/product"}],"wp:featuredmedia":[{"embeddable":true,"href":"https:\/\/www.headshop.nl\/es\/wp-json\/wp\/v2\/media\/37280"}],"wp:attachment":[{"href":"https:\/\/www.headshop.nl\/es\/wp-json\/wp\/v2\/media?parent=37209"}],"wp:term":[{"taxonomy":"product_brand","embeddable":true,"href":"https:\/\/www.headshop.nl\/es\/wp-json\/wp\/v2\/product_brand?post=37209"},{"taxonomy":"product_cat","embeddable":true,"href":"https:\/\/www.headshop.nl\/es\/wp-json\/wp\/v2\/product_cat?post=37209"},{"taxonomy":"product_tag","embeddable":true,"href":"https:\/\/www.headshop.nl\/es\/wp-json\/wp\/v2\/product_tag?post=37209"}],"curies":[{"name":"wp","href":"https:\/\/api.w.org\/{rel}","templated":true}]}}