{"id":37206,"date":"2025-01-30T09:02:15","date_gmt":"2025-01-30T09:02:15","guid":{"rendered":"https:\/\/www.headshop.nl\/?post_type=product&#038;p=37206"},"modified":"2025-05-23T09:04:37","modified_gmt":"2025-05-23T09:04:37","slug":"auto-amnesia-haze","status":"publish","type":"product","link":"https:\/\/www.headshop.nl\/es\/auto-amnesia-haze\/","title":{"rendered":"Auto Amnesia Haze - Semillas Vision"},"content":{"rendered":"<h2>Auto Amnesia Haze Semillas de Cannabis de Vision Seeds<\/h2>\n<p>\u00a1Vaya! Estas semillas de cannabis Auto Amnesia Haze de Vision Seeds son el sue\u00f1o de cualquier cultivador de plantas autom\u00e1ticas. Un cruce entre Sativa intensa, la cepa Amnesia Haze y Ruderalis, esta peque\u00f1a dama paquetes de una enorme cantidad de energ\u00eda con los rendimientos que coinciden con sus rasgos incre\u00edbles.<\/p>\n<p>A veces, un cultivador s\u00f3lo quiere tomarse un d\u00eda libre. La Amnesia Haze es conocida por ser una de las variedades autoflorecientes m\u00e1s productivas que existen, pero eso no significa que tengas que trabajar tanto como ella. Con las semillas de cannabis Auto AMNESIA HAZE de Vision Seeds, por fin es posible para los cultivadores con agendas ocupadas disfrutar de un poco de hierba sin estresarse por lo que hay que hacer a continuaci\u00f3n. Obtendr\u00e1s rendimientos saludables de esta peque\u00f1a planta y una espectacular producci\u00f3n de resina, todo ello con un bajo compromiso de tiempo. Gran variedad.<\/p>","protected":false},"excerpt":{"rendered":"<p>\u00a1Vision Seeds Amnesia Haze Auto Semillas de Cannabis son un favorito en nuestro cultivo al aire libre! Un humo m\u00e1s loco-maravilloso digno de rendimiento con incre\u00edble alto Sativa. \u00a1Echa un vistazo a estas semillas de cannabis auto de Vision Seeds, si quieres fumar hierba de alta calidad que crece autom\u00e1ticamente!<\/p>","protected":false},"featured_media":37278,"template":"","meta":[],"product_brand":[],"product_cat":[950,297,466,470,465],"product_tag":[],"class_list":{"0":"post-37206","1":"product","2":"type-product","3":"status-publish","4":"has-post-thumbnail","6":"product_cat-vision-seeds","7":"product_cat-all-products","8":"product_cat-autoflowering-seeds","9":"product_cat-high-thc-seeds","10":"product_cat-seedshop","11":"product_shipping_class-creditcard-on","13":"first","14":"instock","15":"taxable","16":"shipping-taxable","17":"purchasable","18":"product-type-variable","19":"has-default-attributes"},"_links":{"self":[{"href":"https:\/\/www.headshop.nl\/es\/wp-json\/wp\/v2\/product\/37206","targetHints":{"allow":["GET"]}}],"collection":[{"href":"https:\/\/www.headshop.nl\/es\/wp-json\/wp\/v2\/product"}],"about":[{"href":"https:\/\/www.headshop.nl\/es\/wp-json\/wp\/v2\/types\/product"}],"wp:featuredmedia":[{"embeddable":true,"href":"https:\/\/www.headshop.nl\/es\/wp-json\/wp\/v2\/media\/37278"}],"wp:attachment":[{"href":"https:\/\/www.headshop.nl\/es\/wp-json\/wp\/v2\/media?parent=37206"}],"wp:term":[{"taxonomy":"product_brand","embeddable":true,"href":"https:\/\/www.headshop.nl\/es\/wp-json\/wp\/v2\/product_brand?post=37206"},{"taxonomy":"product_cat","embeddable":true,"href":"https:\/\/www.headshop.nl\/es\/wp-json\/wp\/v2\/product_cat?post=37206"},{"taxonomy":"product_tag","embeddable":true,"href":"https:\/\/www.headshop.nl\/es\/wp-json\/wp\/v2\/product_tag?post=37206"}],"curies":[{"name":"wp","href":"https:\/\/api.w.org\/{rel}","templated":true}]}}