{"id":37198,"date":"2021-09-28T11:55:37","date_gmt":"2021-09-28T11:55:37","guid":{"rendered":"https:\/\/www.headshop.nl\/?post_type=product&#038;p=37198"},"modified":"2026-02-19T01:26:18","modified_gmt":"2026-02-19T01:26:18","slug":"aphrodite-sex-herbs","status":"publish","type":"product","link":"https:\/\/www.headshop.nl\/es\/aphrodite-sex-herbs\/","title":{"rendered":"Aphrodite Sex Herbs"},"content":{"rendered":"<h2>\u00bfQu\u00e9 es Aphrodite Mix?<\/h2>\n<p>Aphrodite Mix de Indian Elements es una mezcla de hierbas cuidadosamente elaborada para mejorar de forma natural la intimidad, aumentar la libido y promover la relajaci\u00f3n. Cuenta con cinco potentes ingredientes-Damiana, tr\u00e9bol rojo, menta, cal\u00e9ndula y azahar-que trabajan juntos para proporcionar una experiencia calmante y estimulante. Esta mezcla es ideal para aquellos que buscan mejorar el bienestar sexual, elevar el estado de \u00e1nimo y crear una sensaci\u00f3n de euforia y bienestar.<\/p>\n<p>El Damiana, el ingrediente clave de esta mezcla, es famoso por sus efectos afrodis\u00edacos, utilizados hist\u00f3ricamente para aumentar la libido y estimular el deseo. El Tr\u00e9bol Rojo y la Flor de Azahar aportan delicadas notas florales, contribuyendo a las cualidades calmantes de la mezcla. La menta proporciona una explosi\u00f3n refrescante, mejorando la experiencia sensorial, mientras que la cal\u00e9ndula a\u00f1ade un toque calmante. Esta mezcla es perfecta para quienes buscan una forma natural y hol\u00edstica de mejorar sus experiencias \u00edntimas y su estado de \u00e1nimo general.<\/p>\n<h2>Historia de Aphrodite Mix<\/h2>\n<p>Inspirada en la antigua diosa griega del amor, la belleza y la sexualidad, Aphrodite, esta mezcla lleva consigo una rica tradici\u00f3n de remedios herbales utilizados para mejorar el amor y la intimidad. En la antig\u00fcedad, la gente ofrec\u00eda tributos a Aphrodite con la esperanza de mejorar su vida rom\u00e1ntica y f\u00edsica. Las hierbas en el Aphrodite Mix tienen importancia hist\u00f3rica, con Damiana utilizado durante siglos en Am\u00e9rica Central y del Sur como un afrodis\u00edaco natural para estimular el deseo y aumentar la energ\u00eda.<\/p>\n<p>El Tr\u00e9bol Rojo y la Flor de Azahar se han utilizado durante mucho tiempo en pociones para el amor por sus cualidades calmantes y sensuales, mientras que la Menta ha sido un s\u00edmbolo de vitalidad, a menudo utilizada para agudizar los sentidos. Estas hierbas se combinan ahora para crear una mezcla que no s\u00f3lo mejora la intimidad, sino que tambi\u00e9n promueve la relajaci\u00f3n y una sensaci\u00f3n de euforia. La Mezcla Aphrodite contin\u00faa la tradici\u00f3n de utilizar los dones de la naturaleza para mejorar las relaciones rom\u00e1nticas, ofreciendo una soluci\u00f3n moderna para mejorar la intimidad de forma natural.<\/p>\n<h2>C\u00f3mo utilizar Aphrodite Mix<\/h2>\n<p>Para disfrutar plenamente de los beneficios de la Mezcla Aphrodite, se recomienda preparar una tisana fuerte. Simplemente deje reposar un gramo de la mezcla en agua caliente durante 5-10 minutos, permitiendo que las hierbas liberen sus potentes sabores y propiedades terap\u00e9uticas. La infusi\u00f3n resultante es refrescante y relajante, perfecta para relajarse y disfrutar de la noche.<\/p>\n<p>Para una experiencia memorable, comparta el t\u00e9 con su pareja o amigos, ya que la mezcla est\u00e1 dise\u00f1ada para mejorar el estado de \u00e1nimo y fomentar la intimidad. Las propiedades afrodis\u00edacas de la mezcla, combinadas con su capacidad para promover la relajaci\u00f3n, pueden preparar el terreno para una noche euf\u00f3rica y apasionada. Es importante utilizar la Mezcla Aphrodite con moderaci\u00f3n: se recomienda una dosis de un gramo al d\u00eda para evitar efectos abrumadores. De este modo, te aseguras de sacar el m\u00e1ximo partido de esta potente mezcla de hierbas en ocasiones especiales.<\/p>\n<h2>Ingredientes de la mezcla Aphrodite<\/h2>\n<p>La Mezcla Aphrodite combina cinco hierbas naturales, cuidadosamente seleccionadas, conocidas por sus efectos estimulantes, calmantes y estimulantes del estado de \u00e1nimo. Damiana, el ingrediente principal, es ampliamente reconocido por sus propiedades afrodis\u00edacas, habiendo sido utilizado durante siglos para aumentar el deseo sexual y mejorar los niveles de energ\u00eda. El tr\u00e9bol rojo se a\u00f1ade por sus cualidades calmantes, que contribuyen a la salud general y favorecen la calma. La menta realza la experiencia sensorial, a\u00f1adiendo un toque refrescante que vigoriza la mente y el cuerpo.<\/p>\n<p>La cal\u00e9ndula ofrece propiedades calmantes y relajantes adicionales, mejorando a\u00fan m\u00e1s la experiencia global. El azahar completa la mezcla con una fragancia dulce y floral que favorece la tranquilidad y la sensualidad. Juntos, estos ingredientes crean una poderosa f\u00f3rmula que puede mejorar las experiencias \u00edntimas y aumentar su bienestar general. Esta mezcla 100% natural y vegana no contiene aditivos artificiales, por lo que ofrece una forma segura y hol\u00edstica de mejorar el estado de \u00e1nimo y la intimidad.<\/p>\n<p><strong>Advertencia:<\/strong><\/p>\n<p>No utilizar en menores de 18 a\u00f1os. Mantener fuera del alcance de los ni\u00f1os. No recomendado para personas con problemas renales o cardiacos, tensi\u00f3n arterial alta o baja, diabetes o que est\u00e9n tomando medicamentos, alcohol o drogas. Este producto no es un medicamento y no debe utilizarse como tal. Es un suplemento diet\u00e9tico y debe utilizarse en consecuencia. No lo compre si el precinto est\u00e1 roto.<\/p>","protected":false},"excerpt":{"rendered":"<p>Indian Elements' Aphrodite Mix es una mezcla de hierbas de primera calidad dise\u00f1ada para mejorar la intimidad, aumentar la libido y elevar el estado de \u00e1nimo. Compuesta por Damiana, tr\u00e9bol rojo, menta, cal\u00e9ndula y azahar, esta mezcla ofrece estimulaci\u00f3n, relajaci\u00f3n y euforia naturales. Perfecto para preparar el ambiente para una noche apasionada, combina el poder de hierbas centenarias para vigorizar sus sentidos y mejorar el bienestar general.<\/p>","protected":false},"featured_media":82145,"template":"","meta":[],"product_brand":[],"product_cat":[389,297,395,457,814,396,405,705,384],"product_tag":[],"class_list":{"0":"post-37198","1":"product","2":"type-product","3":"status-publish","4":"has-post-thumbnail","6":"product_cat-herbs","7":"product_cat-all-products","8":"product_cat-aphrodisiacs","9":"product_cat-herbs-healthshop","10":"product_cat-indian-elements","11":"product_cat-relax","12":"product_cat-relax-herbs","13":"product_cat-sex-shop","14":"product_cat-smartshop","16":"first","17":"instock","18":"taxable","19":"shipping-taxable","20":"purchasable","21":"product-type-variable","22":"has-default-attributes"},"_links":{"self":[{"href":"https:\/\/www.headshop.nl\/es\/wp-json\/wp\/v2\/product\/37198","targetHints":{"allow":["GET"]}}],"collection":[{"href":"https:\/\/www.headshop.nl\/es\/wp-json\/wp\/v2\/product"}],"about":[{"href":"https:\/\/www.headshop.nl\/es\/wp-json\/wp\/v2\/types\/product"}],"wp:featuredmedia":[{"embeddable":true,"href":"https:\/\/www.headshop.nl\/es\/wp-json\/wp\/v2\/media\/82145"}],"wp:attachment":[{"href":"https:\/\/www.headshop.nl\/es\/wp-json\/wp\/v2\/media?parent=37198"}],"wp:term":[{"taxonomy":"product_brand","embeddable":true,"href":"https:\/\/www.headshop.nl\/es\/wp-json\/wp\/v2\/product_brand?post=37198"},{"taxonomy":"product_cat","embeddable":true,"href":"https:\/\/www.headshop.nl\/es\/wp-json\/wp\/v2\/product_cat?post=37198"},{"taxonomy":"product_tag","embeddable":true,"href":"https:\/\/www.headshop.nl\/es\/wp-json\/wp\/v2\/product_tag?post=37198"}],"curies":[{"name":"wp","href":"https:\/\/api.w.org\/{rel}","templated":true}]}}