{"id":37197,"date":"2021-09-28T11:47:43","date_gmt":"2021-09-28T11:47:43","guid":{"rendered":"https:\/\/www.headshop.nl\/?post_type=product&#038;p=37197"},"modified":"2026-02-19T01:26:19","modified_gmt":"2026-02-19T01:26:19","slug":"muira-puama-herbs","status":"publish","type":"product","link":"https:\/\/www.headshop.nl\/es\/muira-puama-herbs\/","title":{"rendered":"Muira Puama Herbs"},"content":{"rendered":"<h2>\u00bfQu\u00e9 es Muira Puama?<\/h2>\n<p>Muira Puama, cient\u00edficamente conocido como Ptychopetalum Olacoides, es una planta tropical originaria de la selva amaz\u00f3nica de Brasil. Se ha utilizado durante siglos por las tribus ind\u00edgenas por sus potentes efectos sobre la salud sexual y la vitalidad en general. A menudo conocido como \"Potencia Wood,\" Muira Puama es ampliamente conocido por su capacidad para actuar como un poderoso afrodis\u00edaco, aumentar la libido y mejorar la funci\u00f3n sexual en hombres y mujeres.<\/p>\n<p>Adem\u00e1s de sus beneficios para la salud sexual, el Muira Puama tambi\u00e9n es reconocido por su potencial para aliviar el estr\u00e9s y reducir el dolor articular. Esta versatilidad la convierte en una hierba valiosa no s\u00f3lo para mejorar la intimidad, sino tambi\u00e9n para favorecer el bienestar general. La hierba se consume m\u00e1s com\u00fanmente en forma de t\u00e9, donde sus efectos pueden experimentarse r\u00e1pida y eficazmente. Debido a sus propiedades suaves pero potentes, la Muira Puama sigue siendo una opci\u00f3n popular entre quienes buscan un remedio natural para mejorar su vitalidad y estado de \u00e1nimo.<\/p>\n<h2>Historia del Muira Puama<\/h2>\n<p>El Muira Puama tiene una rica historia que se remonta siglos atr\u00e1s a los pueblos ind\u00edgenas del Amazonas. Estas tribus han utilizado durante mucho tiempo la corteza y las ra\u00edces del \u00e1rbol Muira Puama para diversos fines medicinales. Uno de sus usos m\u00e1s notables fue como afrodis\u00edaco, ayudando a aumentar el deseo sexual y mejorar el rendimiento. El nombre \"Potencia Wood\" proviene de su bien establecida reputaci\u00f3n como un potenciador natural de la libido.<\/p>\n<p>En la medicina tradicional brasile\u00f1a, la Muira Puama tambi\u00e9n se utilizaba para tratar afecciones como la fatiga, el estr\u00e9s y el dolor articular. Los efectos estimulantes de la hierba sobre el cuerpo y la mente la convirtieron en parte esencial de la farmacopea local. Con el tiempo, la fama del Muira Puama se extendi\u00f3 m\u00e1s all\u00e1 de Brasil y hoy se utiliza en todo el mundo como suplemento para mejorar la salud sexual, reducir el estr\u00e9s y mejorar la vitalidad general.<\/p>\n<p>A medida que aumenta la popularidad de la fitoterapia moderna, la Muira Puama sigue siendo una de las plantas m\u00e1s respetadas y buscadas para mejorar el bienestar f\u00edsico y mental.<\/p>\n<h2>C\u00f3mo utilizar Muira Puama<\/h2>\n<p>El Muira Puama se consume normalmente en forma de t\u00e9, que se considera la forma m\u00e1s eficaz de experimentar sus beneficios. Para preparar el t\u00e9, basta con remojar 1 gramo de la hierba Muira Puama en agua caliente y beberlo a diario. Esta dosis se recomienda para aquellos que buscan mejorar su libido, reducir el estr\u00e9s o aliviar el dolor articular. Para obtener mejores resultados, se aconseja consumir la hierba con regularidad para experimentar todos sus efectos.<\/p>\n<p>El Muira Puama tambi\u00e9n puede combinarse con otras hierbas, como el Damiana, para potenciar a\u00fan m\u00e1s sus efectos afrodis\u00edacos y su potencia general. La versatilidad de esta hierba permite diferentes m\u00e9todos de preparaci\u00f3n, incluyendo tinturas o c\u00e1psulas, dependiendo de la preferencia personal.<\/p>\n<p>Al utilizar Muira Puama, es importante seguir la dosis recomendada y controlar la respuesta del organismo. Sus efectos pueden ser m\u00e1s pronunciados cuando se toma de forma constante a lo largo del tiempo, por lo que es una valiosa adici\u00f3n a una rutina diaria de bienestar.<\/p>\n<h2>Ingredientes del Muira Puama<\/h2>\n<p>El principio activo del Muira Puama es el Ptychopetalum Olacoides, una planta tropical que contiene diversos compuestos bioactivos. Se cree que estos compuestos son los responsables de los potentes efectos afrodis\u00edacos y antiestr\u00e9s del Muira Puama. La corteza y las ra\u00edces de la planta contienen alcaloides y otros compuestos que interact\u00faan con los sistemas del cuerpo para mejorar la funci\u00f3n sexual, aumentar la libido y promover una sensaci\u00f3n de bienestar.<\/p>\n<p>Adem\u00e1s de sus principales beneficios, el Muira Puama tambi\u00e9n ofrece propiedades antiinflamatorias y analg\u00e9sicas, lo que lo hace eficaz para el dolor articular y las molestias musculares. La presencia de estos compuestos bioactivos hace del Muira Puama no s\u00f3lo un afrodis\u00edaco, sino tambi\u00e9n una hierba hol\u00edstica que favorece la salud y la vitalidad en general.<\/p>\n<p>Al combinar los beneficios de la mejora sexual, el alivio del estr\u00e9s y la reducci\u00f3n del dolor articular, Muira Puama se ha convertido en una hierba muy buscada por aquellos que buscan una soluci\u00f3n natural y completa para el bienestar.<\/p>\n<p><strong>Advertencia:<\/strong><br \/>\nMuira Puama est\u00e1 destinado a personas mayores de 18 a\u00f1os. Mantener fuera del alcance de los ni\u00f1os. Esta hierba es un inhibidor de la MAO y no debe ser utilizado por personas con problemas renales o del coraz\u00f3n, presi\u00f3n arterial alta o baja, diabetes, o aquellos bajo la influencia de medicamentos, drogas o alcohol. No es un medicamento sino un suplemento diet\u00e9tico y debe tratarse como tal. No lo compre si el precinto est\u00e1 roto.<\/p>","protected":false},"excerpt":{"rendered":"<p>El Muira Puama es una potente hierba afrodis\u00edaca originaria de Brasil, conocida por su capacidad para aumentar la libido y mejorar el rendimiento sexual. Se obtiene de la corteza y las ra\u00edces del \u00e1rbol Muira Puama y tambi\u00e9n es eficaz para aliviar el estr\u00e9s y el dolor articular. Este remedio natural puede consumirse en infusi\u00f3n y es adecuado tanto para hombres como para mujeres.<\/p>","protected":false},"featured_media":82148,"template":"","meta":[],"product_brand":[],"product_cat":[391,297,395,457,389,814,396,405,705,384],"product_tag":[],"class_list":{"0":"post-37197","1":"product","2":"type-product","3":"status-publish","4":"has-post-thumbnail","6":"product_cat-extracts","7":"product_cat-all-products","8":"product_cat-aphrodisiacs","9":"product_cat-herbs-healthshop","10":"product_cat-herbs","11":"product_cat-indian-elements","12":"product_cat-relax","13":"product_cat-relax-herbs","14":"product_cat-sex-shop","15":"product_cat-smartshop","17":"first","18":"instock","19":"taxable","20":"shipping-taxable","21":"purchasable","22":"product-type-variable","23":"has-default-attributes"},"_links":{"self":[{"href":"https:\/\/www.headshop.nl\/es\/wp-json\/wp\/v2\/product\/37197","targetHints":{"allow":["GET"]}}],"collection":[{"href":"https:\/\/www.headshop.nl\/es\/wp-json\/wp\/v2\/product"}],"about":[{"href":"https:\/\/www.headshop.nl\/es\/wp-json\/wp\/v2\/types\/product"}],"wp:featuredmedia":[{"embeddable":true,"href":"https:\/\/www.headshop.nl\/es\/wp-json\/wp\/v2\/media\/82148"}],"wp:attachment":[{"href":"https:\/\/www.headshop.nl\/es\/wp-json\/wp\/v2\/media?parent=37197"}],"wp:term":[{"taxonomy":"product_brand","embeddable":true,"href":"https:\/\/www.headshop.nl\/es\/wp-json\/wp\/v2\/product_brand?post=37197"},{"taxonomy":"product_cat","embeddable":true,"href":"https:\/\/www.headshop.nl\/es\/wp-json\/wp\/v2\/product_cat?post=37197"},{"taxonomy":"product_tag","embeddable":true,"href":"https:\/\/www.headshop.nl\/es\/wp-json\/wp\/v2\/product_tag?post=37197"}],"curies":[{"name":"wp","href":"https:\/\/api.w.org\/{rel}","templated":true}]}}