{"id":37196,"date":"2021-09-28T11:47:41","date_gmt":"2021-09-28T11:47:41","guid":{"rendered":"https:\/\/www.headshop.nl\/?post_type=product&#038;p=37196"},"modified":"2025-01-31T11:21:00","modified_gmt":"2025-01-31T11:21:00","slug":"muira-puama-capsules","status":"publish","type":"product","link":"https:\/\/www.headshop.nl\/es\/muira-puama-capsules\/","title":{"rendered":"Muira Puama Capsules"},"content":{"rendered":"<h2 data-pm-slice=\"1 1 []\">\u00bfQu\u00e9 es Muira Puama?<\/h2>\n<p>El Muira Puama es un \u00e1rbol tropical originario de la selva amaz\u00f3nica de Brasil. Durante siglos, su corteza y sus ra\u00edces han sido utilizadas por las comunidades ind\u00edgenas para apoyar diversas necesidades de salud, en particular para mejorar la vitalidad sexual. Com\u00fanmente conocido como \"Potencia Wood,\" Muira Puama es famoso por sus efectos afrodis\u00edacos y su capacidad para promover la energ\u00eda y la resistencia.<\/p>\n<p>Este remedio bot\u00e1nico se ha ganado el reconocimiento mundial por su potencial para mejorar la libido, lo que lo convierte en un suplemento natural muy popular entre quienes buscan mejorar su bienestar \u00edntimo. Adem\u00e1s de sus beneficios para la salud sexual, Muira Puama tambi\u00e9n es valorado por su capacidad para reducir el estr\u00e9s y apoyar la salud de las articulaciones. Si usted busca un impulso de energ\u00eda, alivio del estr\u00e9s, o una mejora en la vitalidad general, Muira Puama podr\u00eda ser la opci\u00f3n natural ideal.<\/p>\n<h2>Historia del Muira Puama<\/h2>\n<p>Muira Puama tiene una rica historia de uso entre las tribus amaz\u00f3nicas, que durante mucho tiempo han confiado en su corteza y ra\u00edces con fines medicinales. Estas comunidades utilizaban la planta principalmente para favorecer la funci\u00f3n y el rendimiento sexuales, pero tambi\u00e9n se valoraba por su papel en la reducci\u00f3n de la fatiga y la mejora de la salud del sistema nervioso.<\/p>\n<p>Cuando se corri\u00f3 la voz de los beneficios de la Muira Puama, los exploradores y herboristas europeos del siglo XIX empezaron a estudiar las propiedades de la planta. Hoy en d\u00eda, es un ingrediente clave en muchos suplementos naturales para la salud destinados a aumentar la libido, potenciar la energ\u00eda y apoyar la funci\u00f3n cognitiva. Su reputaci\u00f3n como potente afrodis\u00edaco sigue convirti\u00e9ndola en la opci\u00f3n preferida de quienes buscan formas naturales de mejorar sus experiencias \u00edntimas.<\/p>\n<h2>C\u00f3mo utilizar Muira Puama<\/h2>\n<p>El Muira Puama suele presentarse en forma de c\u00e1psulas para facilitar su consumo. La dosis recomendada es de una c\u00e1psula por toma, ingerida con un vaso de agua. Para obtener resultados \u00f3ptimos, se aconseja incorporar Muira Puama a una rutina diaria de bienestar.<\/p>\n<p>Este suplemento es adecuado tanto para hombres como para mujeres que buscan un enfoque natural para mejorar la libido y la vitalidad en general. Mientras que algunos individuos pueden experimentar efectos r\u00e1pidamente, otros pueden notar mejoras graduales con el tiempo. Muira Puama tambi\u00e9n es com\u00fanmente emparejado con otros suplementos a base de hierbas, tales como Damiana, para mejorar sus beneficios.<\/p>\n<p>M\u00e1s all\u00e1 de sus propiedades afrodis\u00edacas, el Muira Puama tambi\u00e9n es reconocido por su potencial para aliviar el estr\u00e9s y las molestias articulares leves. Como con cualquier suplemento diet\u00e9tico, es esencial seguir la dosis recomendada y consultar a un profesional de la salud si hay alguna preocupaci\u00f3n acerca de su uso.<\/p>\n<h2>Ingredientes del Muira Puama<\/h2>\n<p>Las c\u00e1psulas Indian Elements' Muira Puama contienen un \u00fanico principio activo:<\/p>\n<ul data-spread=\"false\">\n<li><strong>Ptychopetalum Olacoides<\/strong> (extracto Muira Puama)<\/li>\n<\/ul>\n<p>Esta formulaci\u00f3n pura y natural garantiza que los usuarios reciban todos los beneficios de Muira Puama sin aditivos innecesarios. Indian Elements se dedica a proporcionar productos a base de hierbas de alta calidad que son 100% naturales y aptos para veganos, por lo que son una opci\u00f3n perfecta para aquellos que buscan soluciones de salud basadas en plantas.<\/p>\n<p>&nbsp;<\/p>\n<p><strong>Advertencia:<\/strong><br \/>\nEste producto est\u00e1 destinado a personas mayores de 18 a\u00f1os. Mant\u00e9ngase fuera del alcance de los ni\u00f1os. Muira Puama es un inhibidor de la MAO y no debe ser utilizado por personas con enfermedades renales o del coraz\u00f3n, presi\u00f3n arterial alta o baja, diabetes, o aquellos bajo la influencia de medicamentos, drogas o alcohol. Este es un suplemento diet\u00e9tico y debe utilizarse en consecuencia. No utilizar si el precinto est\u00e1 roto.<\/p>\n<p>&nbsp;<\/p>","protected":false},"excerpt":{"rendered":"<p data-pm-slice=\"1 1 []\">\u00a1Descubra los beneficios naturales de Muira Puama! Este potente suplemento a base de hierbas se ha utilizado tradicionalmente para aumentar la libido, mejorar el rendimiento sexual y promover el bienestar general. Adecuado tanto para hombres como para mujeres, estas pr\u00e1cticas c\u00e1psulas ofrecen una forma natural de estimular el cuerpo y la mente.<\/p>","protected":false},"featured_media":82151,"template":"","meta":[],"product_brand":[],"product_cat":[457,297,395,389,814,396,405,705,384],"product_tag":[],"class_list":{"0":"post-37196","1":"product","2":"type-product","3":"status-publish","4":"has-post-thumbnail","6":"product_cat-herbs-healthshop","7":"product_cat-all-products","8":"product_cat-aphrodisiacs","9":"product_cat-herbs","10":"product_cat-indian-elements","11":"product_cat-relax","12":"product_cat-relax-herbs","13":"product_cat-sex-shop","14":"product_cat-smartshop","16":"first","17":"instock","18":"taxable","19":"shipping-taxable","20":"purchasable","21":"product-type-variable","22":"has-default-attributes"},"_links":{"self":[{"href":"https:\/\/www.headshop.nl\/es\/wp-json\/wp\/v2\/product\/37196","targetHints":{"allow":["GET"]}}],"collection":[{"href":"https:\/\/www.headshop.nl\/es\/wp-json\/wp\/v2\/product"}],"about":[{"href":"https:\/\/www.headshop.nl\/es\/wp-json\/wp\/v2\/types\/product"}],"wp:featuredmedia":[{"embeddable":true,"href":"https:\/\/www.headshop.nl\/es\/wp-json\/wp\/v2\/media\/82151"}],"wp:attachment":[{"href":"https:\/\/www.headshop.nl\/es\/wp-json\/wp\/v2\/media?parent=37196"}],"wp:term":[{"taxonomy":"product_brand","embeddable":true,"href":"https:\/\/www.headshop.nl\/es\/wp-json\/wp\/v2\/product_brand?post=37196"},{"taxonomy":"product_cat","embeddable":true,"href":"https:\/\/www.headshop.nl\/es\/wp-json\/wp\/v2\/product_cat?post=37196"},{"taxonomy":"product_tag","embeddable":true,"href":"https:\/\/www.headshop.nl\/es\/wp-json\/wp\/v2\/product_tag?post=37196"}],"curies":[{"name":"wp","href":"https:\/\/api.w.org\/{rel}","templated":true}]}}