{"id":37191,"date":"2021-09-28T11:19:28","date_gmt":"2021-09-28T11:19:28","guid":{"rendered":"https:\/\/www.headshop.nl\/?post_type=product&#038;p=37191"},"modified":"2026-02-19T01:26:19","modified_gmt":"2026-02-19T01:26:19","slug":"damiana-herbs","status":"publish","type":"product","link":"https:\/\/www.headshop.nl\/es\/damiana-herbs\/","title":{"rendered":"Damiana Herbs"},"content":{"rendered":"<h2>\u00bfQu\u00e9 es Damiana?<\/h2>\n<p><strong>Damiana<\/strong> es un arbusto originario de Am\u00e9rica Central y del Sur, conocido por su amplia gama de usos terap\u00e9uticos. Pertenece a la familia de las Passifloraceae y se reconoce por sus flores de un amarillo vibrante y sus hojas verdes. El Damiana ha sido m\u00e1s apreciado por sus efectos sobre el bienestar sexual. Las culturas ind\u00edgenas de M\u00e9xico han utilizado hist\u00f3ricamente esta hierba para aumentar la libido y mejorar el rendimiento sexual. Adem\u00e1s, la Damiana posee propiedades psicoactivas leves, similares a las de una forma ligera y no psicoactiva de cannabis, que pueden favorecer la relajaci\u00f3n y una sensaci\u00f3n general de bienestar.<\/p>\n<p>Esta hierba estimula el sistema nervioso y mejora la circulaci\u00f3n sangu\u00ednea, especialmente en las zonas genitales. Esto ayuda a aumentar el deseo sexual y mejorar el rendimiento. Aunque tradicionalmente se ha consumido en infusi\u00f3n o en forma de hojas secas, en la actualidad existen formas modernas de Damiana en forma de suplementos, que ofrecen una forma f\u00e1cil y c\u00f3moda de experimentar sus beneficios.<\/p>\n<h2>Historia de Damiana<\/h2>\n<p>El uso de <strong>Damiana<\/strong> se remonta a siglos atr\u00e1s y tiene profundas ra\u00edces en las culturas ind\u00edgenas de Mexico y Am\u00e9rica Central y del Sur. La planta era muy apreciada por las civilizaciones antiguas por sus propiedades medicinales, en particular para mejorar la salud sexual y tratar dolencias como la ansiedad, la depresi\u00f3n y la fatiga. La reputaci\u00f3n del Damiana como potente afrodis\u00edaco estaba firmemente establecida, e incluso se introdujo en las ceremonias y rituales religiosos de las tribus nativas americanas.<\/p>\n<p>En Me\u00e9xico, el Damiana desempe\u00f1aba un papel vital en la medicina tradicional e incluso se utilizaba para crear una bebida alcoh\u00f3lica popular llamada \"licor de Damiana\", que se sigue disfrutando hoy en d\u00eda. Con el tiempo, su asociaci\u00f3n con la mejora de la vitalidad sexual y el bienestar general persisti\u00f3. El Damiana obtuvo reconocimiento internacional en los siglos XIX y XX a medida que crec\u00eda el inter\u00e9s por los remedios naturales, y ha seguido siendo una hierba muy apreciada por su capacidad para aumentar la energ\u00eda y mejorar el rendimiento sexual.<\/p>\n<h2>C\u00f3mo utilizar Damiana<\/h2>\n<p>Hay varias formas de incluir <strong>Damiana<\/strong> en su rutina diaria de bienestar. El m\u00e9todo m\u00e1s tradicional es prepararlo en infusi\u00f3n. Para prepararlo, hay que remojar las hojas secas de la planta en agua caliente. Este proceso libera los compuestos activos de la hierba, proporcionando un efecto suave y relajante que tambi\u00e9n favorece la salud sexual. El t\u00e9 Damiana puede consumirse solo o combinado con otras hierbas, como la Muira Puama, para mejorar la experiencia.<\/p>\n<p>Para quienes buscan una opci\u00f3n m\u00e1s c\u00f3moda, el Damiana tambi\u00e9n est\u00e1 disponible en forma de suplemento. Se recomienda tomar aproximadamente 1 gramo al d\u00eda para experimentar sus beneficios energizantes y potenciadores de la libido. Como con cualquier suplemento, lo mejor es empezar con una dosis baja y aumentar gradualmente seg\u00fan sea necesario, lo que le permite controlar c\u00f3mo responde su cuerpo. Damiana puede ser una adici\u00f3n f\u00e1cil y agradable a su estilo de vida, ya sea para relajarse despu\u00e9s de un d\u00eda ajetreado o para crear el ambiente para una noche \u00edntima.<\/p>\n<h2>Ingredientes del Damiana<\/h2>\n<p>El principio activo de <strong>Damiana<\/strong> es la hoja de <em>Turnera difusa<\/em>una planta que crece en Am\u00e9rica Central y del Sur. Las hojas se recogen y secan cuidadosamente para preservar sus propiedades naturales. Aunque el Damiana es m\u00e1s conocido por sus efectos potenciadores de la libido, tambi\u00e9n contiene compuestos que favorecen la relajaci\u00f3n, alivian la ansiedad y mejoran el estado de \u00e1nimo.<\/p>\n<p>Los componentes activos clave del Damiana incluyen flavonoides, alcaloides y aceites esenciales, que juntos proporcionan una serie de beneficios. Estos compuestos tienen leves efectos estimulantes y calmantes sobre el sistema nervioso, ayudando a mejorar la concentraci\u00f3n, aumentar los niveles de energ\u00eda y contribuir a una sensaci\u00f3n general de bienestar. A pesar de sus cualidades psicoactivas, la Damiana no contiene THC, el compuesto responsable del subid\u00f3n del cannabis, lo que la convierte en una alternativa segura para quienes buscan un estimulante ligero del estado de \u00e1nimo sin los efectos embriagadores.<\/p>\n<p>&nbsp;<\/p>\n<p><strong>Advertencia:<\/strong><\/p>\n<p>Damiana s\u00f3lo debe ser utilizado por personas mayores de 18 a\u00f1os. Mant\u00e9ngalo fuera del alcance de los ni\u00f1os. Las personas con afecciones card\u00edacas o renales, hipertensi\u00f3n o hipotensi\u00f3n, diabetes o que est\u00e9n tomando medicamentos, drogas o alcohol deben evitar el uso de Damiana. No debe combinarse con inhibidores de la MAO. Como suplemento diet\u00e9tico, debe utilizarse como parte de una dieta equilibrada y no como sustituto. Compruebe siempre la integridad del envase antes de utilizarlo; no lo consuma si el precinto est\u00e1 roto.<\/p>","protected":false},"excerpt":{"rendered":"<p>\u00bfSab\u00eda que el Damiana se utiliza desde hace a\u00f1os como remedio herbal para aumentar la potencia? Conocido por sus propiedades afrodis\u00edacas, el Damiana tambi\u00e9n ayuda a combatir los s\u00edntomas de la depresi\u00f3n y la fatiga. Con el uso regular, el placer sexual aumenta y despu\u00e9s del uso a largo plazo la libido mejora, la resistencia mejora a trav\u00e9s de la mejora de la circulaci\u00f3n del flujo sangu\u00edneo a su zona genital. Dependiendo de los s\u00edntomas, \u00a1puede ser el momento de probar la potente hierba del amor!<\/p>","protected":false},"featured_media":82154,"template":"","meta":[],"product_brand":[],"product_cat":[391,297,395,389,457,814,396,405,705,384,625],"product_tag":[],"class_list":{"0":"post-37191","1":"product","2":"type-product","3":"status-publish","4":"has-post-thumbnail","6":"product_cat-extracts","7":"product_cat-all-products","8":"product_cat-aphrodisiacs","9":"product_cat-herbs","10":"product_cat-herbs-healthshop","11":"product_cat-indian-elements","12":"product_cat-relax","13":"product_cat-relax-herbs","14":"product_cat-sex-shop","15":"product_cat-smartshop","16":"product_cat-smartshop-top-10","18":"first","19":"instock","20":"taxable","21":"shipping-taxable","22":"purchasable","23":"product-type-variable","24":"has-default-attributes"},"_links":{"self":[{"href":"https:\/\/www.headshop.nl\/es\/wp-json\/wp\/v2\/product\/37191","targetHints":{"allow":["GET"]}}],"collection":[{"href":"https:\/\/www.headshop.nl\/es\/wp-json\/wp\/v2\/product"}],"about":[{"href":"https:\/\/www.headshop.nl\/es\/wp-json\/wp\/v2\/types\/product"}],"wp:featuredmedia":[{"embeddable":true,"href":"https:\/\/www.headshop.nl\/es\/wp-json\/wp\/v2\/media\/82154"}],"wp:attachment":[{"href":"https:\/\/www.headshop.nl\/es\/wp-json\/wp\/v2\/media?parent=37191"}],"wp:term":[{"taxonomy":"product_brand","embeddable":true,"href":"https:\/\/www.headshop.nl\/es\/wp-json\/wp\/v2\/product_brand?post=37191"},{"taxonomy":"product_cat","embeddable":true,"href":"https:\/\/www.headshop.nl\/es\/wp-json\/wp\/v2\/product_cat?post=37191"},{"taxonomy":"product_tag","embeddable":true,"href":"https:\/\/www.headshop.nl\/es\/wp-json\/wp\/v2\/product_tag?post=37191"}],"curies":[{"name":"wp","href":"https:\/\/api.w.org\/{rel}","templated":true}]}}